{"id":749067,"date":"2025-03-03T21:14:49","date_gmt":"2025-03-03T20:14:49","guid":{"rendered":"https:\/\/stoic-curie.212-227-153-4.plesk.page\/producto\/kit-de-flaps-bennet-1512-300-x-300mm\/"},"modified":"2026-02-25T00:28:05","modified_gmt":"2026-02-25T00:28:05","slug":"kit-de-flaps-bennet-1512-300-x-300mm","status":"publish","type":"product","link":"https:\/\/stoic-curie.212-227-153-4.plesk.page\/pt\/product\/kit-de-flaps-bennet-1512-300-x-300mm\/","title":{"rendered":"Kit de Flaps Bennett Bolt 1212 300 x 300mm"},"content":{"rendered":"<p>Kit de Flaps Bennett Bolt 1212 300 x 300mm &#8211; <\/p>\n<p style=\"color: rgb(34, 34, 34); font-family: Arial, Helvetica, sans-serif; font-size: small;\"><strong>KIT DE TABULA\u00c7\u00c3O EL\u00c9TRICA BOLT1212 \u2013 12&#8243; x 12&#8243;<\/strong><\/p>\n<p style=\"color: rgb(34, 34, 34); font-family: Arial, Helvetica, sans-serif; font-size: small;\">Este kit completo de tabula\u00e7\u00e3o Bennett opera em 12V e inclui dois atuadores e duas tabula\u00e7\u00f5es de a\u00e7o inoxid\u00e1vel. \u00c9 projetado para barcos medindo entre 5,8 e 7,3 metros. Observe que o painel de controle deve ser adquirido separadamente.<\/p>\n<p style=\"color: rgb(34, 34, 34); font-family: Arial, Helvetica, sans-serif; font-size: small;\"><strong>Principais Caracter\u00edsticas:<\/strong><\/p>\n<ul style=\"color: rgb(34, 34, 34); font-family: Arial, Helvetica, sans-serif; font-size: small;\">\n<li>Sistemas de tabula\u00e7\u00e3o el\u00e9trica excepcionalmente dur\u00e1veis e confi\u00e1veis<\/li>\n<li>Garantia vital\u00edcia nos atuadores el\u00e9tricos<\/li>\n<li>Design \u00e0 prova d&#8217;\u00e1gua que garante opera\u00e7\u00e3o sem problemas por anos<\/li>\n<li>Constru\u00e7\u00e3o robusta projetada para durar<\/li>\n<li>Instala\u00e7\u00e3o r\u00e1pida e simples<\/li>\n<li>Diversas op\u00e7\u00f5es de controle, tamanhos de tabula\u00e7\u00e3o e op\u00e7\u00f5es de montagem dispon\u00edveis<\/li>\n<\/ul>\n<p style=\"color: rgb(34, 34, 34); font-family: Arial, Helvetica, sans-serif; font-size: small;\"><strong>Especifica\u00e7\u00f5es do Produto:<\/strong><\/p>\n<ul style=\"color: rgb(34, 34, 34); font-family: Arial, Helvetica, sans-serif; font-size: small;\">\n<li>\n<p><strong>Espa\u00e7o Vertical Necess\u00e1rio para o Transom:<\/strong><\/p>\n<ul>\n<li>Hinge Superior Fixo (BEA2000): 13&#8243;<\/li>\n<li>Hinge Superior Ajust\u00e1vel (BEA3000): 6,39&#8243;<\/li>\n<\/ul>\n<\/li>\n<li>\n<p><strong>Caminhada:<\/strong> 2,5&#8243;<\/p>\n<\/li>\n<li>\n<p><strong>Comprimento:<\/strong> 13,25&#8243;<\/p>\n<\/li>\n<li>\n<p><strong>Voltagem:<\/strong> 12V<\/p>\n<\/li>\n<li>\n<p><strong>Conectores:<\/strong> Deutsch, S\u00e9rie DT, 13A<\/p>\n<\/li>\n<\/ul>\n<p style=\"color: rgb(34, 34, 34); font-family: Arial, Helvetica, sans-serif; font-size: small;\"><strong>For\u00e7as de Trabalho:<\/strong><\/p>\n<ul style=\"color: rgb(34, 34, 34); font-family: Arial, Helvetica, sans-serif; font-size: small;\">\n<li><strong>For\u00e7a de A\u00e7\u00e3o:<\/strong> 750 lb.<\/li>\n<li><strong>For\u00e7a de Retorno:<\/strong> 750 lb.<\/li>\n<\/ul>\n<p style=\"color: rgb(34, 34, 34); font-family: Arial, Helvetica, sans-serif; font-size: small;\"><strong>Consumo de Corrente:<\/strong><\/p>\n<ul style=\"color: rgb(34, 34, 34); font-family: Arial, Helvetica, sans-serif; font-size: small;\">\n<li><strong>Atuadores:<\/strong> 20 amp max de consumo<\/li>\n<li><strong>Controle de Helm:<\/strong> 20 amp max de consumo<\/li>\n<li><strong>Unidade de Controle \/ M\u00f3dulo Rel\u00e9:<\/strong> 20 amp max de consumo<\/li>\n<\/ul>\n<p style=\"color: rgb(34, 34, 34); font-family: Arial, Helvetica, sans-serif; font-size: small;\"><strong>Componentes Inclu\u00eddos:<\/strong><\/p>\n<ul style=\"color: rgb(34, 34, 34); font-family: Arial, Helvetica, sans-serif; font-size: small;\">\n<li>(2) Planos de tabula\u00e7\u00e3o de a\u00e7o inoxid\u00e1vel e placas de montagem<\/li>\n<li>(2) Fios de 20 p\u00e9s com conectores \u00e0 prova d&#8217;\u00e1gua (BAW2020)<\/li>\n<li>(2) Atuadores de 12 volts com fios de 6 p\u00e9s e conectores \u00e0 prova d&#8217;\u00e1gua (BEA2000 ou BEA3000)<\/li>\n<\/ul>\n<p style=\"color: rgb(34, 34, 34); font-family: Arial, Helvetica, sans-serif; font-size: small;\">Este kit de tabula\u00e7\u00e3o \u00e9 uma excelente escolha para aprimorar o desempenho do seu barco e garantir um passeio suave.<\/p>\n","protected":false},"excerpt":{"rendered":"<p>Kit de Flaps Bennett Bolt 1212 300 x 300mm &#8211; KIT DE TABULA\u00c7\u00c3O EL\u00c9TRICA BOLT1212 \u2013 12&#8243; x 12&#8243; Este<\/p>\n","protected":false},"featured_media":5941929,"comment_status":"open","ping_status":"closed","template":"","meta":[],"product_brand":[2822],"product_cat":[2093],"product_tag":[],"class_list":{"0":"post-749067","1":"product","2":"type-product","3":"status-publish","4":"has-post-thumbnail","6":"product_brand-bennett-marine-pt","7":"product_cat-estabilizadores","9":"first","10":"instock","11":"shipping-taxable","12":"purchasable","13":"product-type-simple"},"_links":{"self":[{"href":"https:\/\/stoic-curie.212-227-153-4.plesk.page\/pt\/wp-json\/wp\/v2\/product\/749067","targetHints":{"allow":["GET"]}}],"collection":[{"href":"https:\/\/stoic-curie.212-227-153-4.plesk.page\/pt\/wp-json\/wp\/v2\/product"}],"about":[{"href":"https:\/\/stoic-curie.212-227-153-4.plesk.page\/pt\/wp-json\/wp\/v2\/types\/product"}],"replies":[{"embeddable":true,"href":"https:\/\/stoic-curie.212-227-153-4.plesk.page\/pt\/wp-json\/wp\/v2\/comments?post=749067"}],"version-history":[{"count":0,"href":"https:\/\/stoic-curie.212-227-153-4.plesk.page\/pt\/wp-json\/wp\/v2\/product\/749067\/revisions"}],"wp:featuredmedia":[{"embeddable":true,"href":"https:\/\/stoic-curie.212-227-153-4.plesk.page\/pt\/wp-json\/wp\/v2\/media\/5941929"}],"wp:attachment":[{"href":"https:\/\/stoic-curie.212-227-153-4.plesk.page\/pt\/wp-json\/wp\/v2\/media?parent=749067"}],"wp:term":[{"taxonomy":"product_brand","embeddable":true,"href":"https:\/\/stoic-curie.212-227-153-4.plesk.page\/pt\/wp-json\/wp\/v2\/product_brand?post=749067"},{"taxonomy":"product_cat","embeddable":true,"href":"https:\/\/stoic-curie.212-227-153-4.plesk.page\/pt\/wp-json\/wp\/v2\/product_cat?post=749067"},{"taxonomy":"product_tag","embeddable":true,"href":"https:\/\/stoic-curie.212-227-153-4.plesk.page\/pt\/wp-json\/wp\/v2\/product_tag?post=749067"}],"curies":[{"name":"wp","href":"https:\/\/api.w.org\/{rel}","templated":true}]}}