{"id":749069,"date":"2025-03-03T21:14:50","date_gmt":"2025-03-03T20:14:50","guid":{"rendered":"https:\/\/stoic-curie.212-227-153-4.plesk.page\/producto\/roletes-de-ancoragem-em-aco-inoxidavel-whale-giratorios-330x70mm\/"},"modified":"2026-02-25T00:28:05","modified_gmt":"2026-02-25T00:28:05","slug":"roletes-de-ancoragem-em-aco-inoxidavel-whale-giratorios-330x70mm","status":"publish","type":"product","link":"https:\/\/stoic-curie.212-227-153-4.plesk.page\/pt\/product\/roletes-de-ancoragem-em-aco-inoxidavel-whale-giratorios-330x70mm\/","title":{"rendered":"Roletes de Ancoragem em A\u00e7o Inoxid\u00e1vel &#8220;Whale&#8221; Girat\u00f3rios 330x70mm"},"content":{"rendered":"<p>Roletes de Ancoragem em A\u00e7o Inoxid\u00e1vel &#8220;Whale&#8221; Girat\u00f3rios 330x70mm &#8211; <\/p>\n<p>Rolo de proa pivotante em a\u00e7o inoxid\u00e1vel para \u00e2ncoras Bruce, Delta, CQR, Rocna e Spade. C = Comprimento, L = Largura<\/p>\n","protected":false},"excerpt":{"rendered":"<p>Roletes de Ancoragem em A\u00e7o Inoxid\u00e1vel &#8220;Whale&#8221; Girat\u00f3rios 330x70mm &#8211; Rolo de proa pivotante em a\u00e7o inoxid\u00e1vel para \u00e2ncoras Bruce,<\/p>\n","protected":false},"featured_media":5941949,"comment_status":"open","ping_status":"closed","template":"","meta":[],"product_brand":[3122],"product_cat":[1996],"product_tag":[],"class_list":{"0":"post-749069","1":"product","2":"type-product","3":"status-publish","4":"has-post-thumbnail","6":"product_brand-marinetech-pt","7":"product_cat-rolo-de-ancora-de-proa","9":"first","10":"instock","11":"shipping-taxable","12":"purchasable","13":"product-type-simple"},"_links":{"self":[{"href":"https:\/\/stoic-curie.212-227-153-4.plesk.page\/pt\/wp-json\/wp\/v2\/product\/749069","targetHints":{"allow":["GET"]}}],"collection":[{"href":"https:\/\/stoic-curie.212-227-153-4.plesk.page\/pt\/wp-json\/wp\/v2\/product"}],"about":[{"href":"https:\/\/stoic-curie.212-227-153-4.plesk.page\/pt\/wp-json\/wp\/v2\/types\/product"}],"replies":[{"embeddable":true,"href":"https:\/\/stoic-curie.212-227-153-4.plesk.page\/pt\/wp-json\/wp\/v2\/comments?post=749069"}],"version-history":[{"count":0,"href":"https:\/\/stoic-curie.212-227-153-4.plesk.page\/pt\/wp-json\/wp\/v2\/product\/749069\/revisions"}],"wp:featuredmedia":[{"embeddable":true,"href":"https:\/\/stoic-curie.212-227-153-4.plesk.page\/pt\/wp-json\/wp\/v2\/media\/5941949"}],"wp:attachment":[{"href":"https:\/\/stoic-curie.212-227-153-4.plesk.page\/pt\/wp-json\/wp\/v2\/media?parent=749069"}],"wp:term":[{"taxonomy":"product_brand","embeddable":true,"href":"https:\/\/stoic-curie.212-227-153-4.plesk.page\/pt\/wp-json\/wp\/v2\/product_brand?post=749069"},{"taxonomy":"product_cat","embeddable":true,"href":"https:\/\/stoic-curie.212-227-153-4.plesk.page\/pt\/wp-json\/wp\/v2\/product_cat?post=749069"},{"taxonomy":"product_tag","embeddable":true,"href":"https:\/\/stoic-curie.212-227-153-4.plesk.page\/pt\/wp-json\/wp\/v2\/product_tag?post=749069"}],"curies":[{"name":"wp","href":"https:\/\/api.w.org\/{rel}","templated":true}]}}