{"id":749075,"date":"2025-03-03T21:14:52","date_gmt":"2025-03-03T20:14:52","guid":{"rendered":"https:\/\/stoic-curie.212-227-153-4.plesk.page\/producto\/helice-de-proa-dupla-quick-btq-185-85-24v\/"},"modified":"2026-02-25T00:28:05","modified_gmt":"2026-02-25T00:28:05","slug":"helice-de-proa-dupla-quick-btq-185-85-24v","status":"publish","type":"product","link":"https:\/\/stoic-curie.212-227-153-4.plesk.page\/pt\/product\/helice-de-proa-dupla-quick-btq-185-85-24v\/","title":{"rendered":"H\u00e9lice de Proa Dupla Quick BTQ 185-85 24v"},"content":{"rendered":"<p>H\u00e9lice de Proa Dupla Quick BTQ 185-85 24v &#8211; <\/p>\n<p>Apresentamos o Quick BTQ185 24v Propulsor de proa, projetado com duas h\u00e9lices contrarrotativas para fornecer desempenho excepcional. Este modelo apresenta uma constru\u00e7\u00e3o robusta feita de materiais comp\u00f3sitos, garantindo durabilidade e confiabilidade. Inclui uma caixa de c\u00e2mbio de bronze e uma capa protetora de solen\u00f3ide, ambas fabricadas com material composto resistente. O \u00e2nodo de zinco \u00e9 projetado para operar independentemente da caixa de c\u00e2mbio, permitindo uma f\u00e1cil substitui\u00e7\u00e3o quando necess\u00e1rio. Al\u00e9m disso, o propulsor incorpora um acoplamento el\u00e1stico para aprimorar sua funcionalidade.<\/p>\n<p>O Quick BTQ185-85 opera em um sistema DC de 24V e \u00e9 adequado para embarca\u00e7\u00f5es com comprimento entre 8 e 15 metros (26 a 49 p\u00e9s).<\/p>\n<p><strong>Especifica\u00e7\u00f5es:<\/strong><\/p>\n<ul>\n<li><strong>Modelo:<\/strong> BTQ 185-85 (24V)<\/li>\n<li><strong>Tipo de h\u00e9lice:<\/strong> Duas contrarrotativas<\/li>\n<li><strong>Di\u00e2metro do t\u00fanel:<\/strong> 185 mm (7&#8243; 18\/64)<\/li>\n<li><strong>Pot\u00eancia do motor:<\/strong> 4,3 kW<\/li>\n<li><strong>Voltagem:<\/strong> 24V<\/li>\n<li><strong>Fus\u00edvel:<\/strong> 400A CNL DIN<\/li>\n<li><strong>Empuxo:<\/strong> 85 kgf (187,4 lb)<\/li>\n<li><strong>Peso:<\/strong> 17,9 kg (39,4 lb)<\/li>\n<\/ul>\n<p><strong>Conte\u00fado do produto:<\/strong><\/p>\n<ul>\n<li>Propulsor<\/li>\n<li>Template de perfura\u00e7\u00e3o<\/li>\n<li>Junta<\/li>\n<li>Anel O (para montagem)<\/li>\n<li>Manual de instala\u00e7\u00e3o e uso<\/li>\n<li>Condi\u00e7\u00f5es de garantia<\/li>\n<\/ul>\n<p>Este pacote abrangente garante que voc\u00ea tenha tudo o que precisa para instala\u00e7\u00e3o e opera\u00e7\u00e3o, tornando o Quick BTQ185 Propulsor de proa uma excelente escolha para aprimorar suas experi\u00eancias n\u00e1uticas.<\/p>\n","protected":false},"excerpt":{"rendered":"<p>H\u00e9lice de Proa Dupla Quick BTQ 185-85 24v &#8211; Apresentamos o Quick BTQ185 24v Propulsor de proa, projetado com duas<\/p>\n","protected":false},"featured_media":5941968,"comment_status":"open","ping_status":"closed","template":"","meta":[],"product_brand":[3282],"product_cat":[1897],"product_tag":[],"class_list":{"0":"post-749075","1":"product","2":"type-product","3":"status-publish","4":"has-post-thumbnail","6":"product_brand-quick-pt","7":"product_cat-motores-de-proa-quick","9":"first","10":"instock","11":"shipping-taxable","12":"purchasable","13":"product-type-simple"},"_links":{"self":[{"href":"https:\/\/stoic-curie.212-227-153-4.plesk.page\/pt\/wp-json\/wp\/v2\/product\/749075","targetHints":{"allow":["GET"]}}],"collection":[{"href":"https:\/\/stoic-curie.212-227-153-4.plesk.page\/pt\/wp-json\/wp\/v2\/product"}],"about":[{"href":"https:\/\/stoic-curie.212-227-153-4.plesk.page\/pt\/wp-json\/wp\/v2\/types\/product"}],"replies":[{"embeddable":true,"href":"https:\/\/stoic-curie.212-227-153-4.plesk.page\/pt\/wp-json\/wp\/v2\/comments?post=749075"}],"version-history":[{"count":0,"href":"https:\/\/stoic-curie.212-227-153-4.plesk.page\/pt\/wp-json\/wp\/v2\/product\/749075\/revisions"}],"wp:featuredmedia":[{"embeddable":true,"href":"https:\/\/stoic-curie.212-227-153-4.plesk.page\/pt\/wp-json\/wp\/v2\/media\/5941968"}],"wp:attachment":[{"href":"https:\/\/stoic-curie.212-227-153-4.plesk.page\/pt\/wp-json\/wp\/v2\/media?parent=749075"}],"wp:term":[{"taxonomy":"product_brand","embeddable":true,"href":"https:\/\/stoic-curie.212-227-153-4.plesk.page\/pt\/wp-json\/wp\/v2\/product_brand?post=749075"},{"taxonomy":"product_cat","embeddable":true,"href":"https:\/\/stoic-curie.212-227-153-4.plesk.page\/pt\/wp-json\/wp\/v2\/product_cat?post=749075"},{"taxonomy":"product_tag","embeddable":true,"href":"https:\/\/stoic-curie.212-227-153-4.plesk.page\/pt\/wp-json\/wp\/v2\/product_tag?post=749075"}],"curies":[{"name":"wp","href":"https:\/\/api.w.org\/{rel}","templated":true}]}}