{"id":749076,"date":"2025-03-03T21:14:52","date_gmt":"2025-03-03T20:14:52","guid":{"rendered":"https:\/\/stoic-curie.212-227-153-4.plesk.page\/producto\/kit-de-helice-de-proa-quick-btq-185-55-12v\/"},"modified":"2026-02-25T00:28:05","modified_gmt":"2026-02-25T00:28:05","slug":"kit-de-helice-de-proa-quick-btq-185-55-12v","status":"publish","type":"product","link":"https:\/\/stoic-curie.212-227-153-4.plesk.page\/pt\/product\/kit-de-helice-de-proa-quick-btq-185-55-12v\/","title":{"rendered":"Kit de H\u00e9lice de Proa Quick BTQ 185-55 12v"},"content":{"rendered":"<p>Kit de H\u00e9lice de Proa Quick BTQ 185-55 12v &#8211; <\/p>\n<p style=\"color: rgb(34, 34, 34); font-family: Arial, Helvetica, sans-serif; font-size: small;\">Apresentamos o Kit de Instala\u00e7\u00e3o Completo do Thruster de Proa Quick, projetado para uma instala\u00e7\u00e3o simples e desempenho aprimorado. Este kit apresenta um material composto robusto para prote\u00e7\u00e3o do carter, uma caixa de engrenagem de bronze dur\u00e1vel e um acoplamento el\u00e1stico. Os componentes inclu\u00eddos s\u00e3o os seguintes:<\/p>\n<ul style=\"color: rgb(34, 34, 34); font-family: Arial, Helvetica, sans-serif; font-size: small;\">\n<li>Comprimentos do t\u00fanel: 75 cm (BTQ 125\/140) e 100 cm (BTQ 185)<\/li>\n<li>Pain\u00e9is: Painel sens\u00edvel ao toque TCD1022 (BTQ 125\/140) e joystick TCD1042 (BTQ 185)<\/li>\n<li>Cabos el\u00e9tricos: 6 m (BTQ 125\/140) e 12 m (BTQ 185)<\/li>\n<li>Fus\u00edvel e suporte para fus\u00edvel<\/li>\n<\/ul>\n<p style=\"color: rgb(34, 34, 34); font-family: Arial, Helvetica, sans-serif; font-size: small;\">Desenvolvido por um dos principais fabricantes da ind\u00fastria de thrusters de proa, este conjunto de thruster \u00e9 confi\u00e1vel por muitos propriet\u00e1rios de barcos que priorizam a confiabilidade e a seguran\u00e7a. A Quick mant\u00e9m rigorosos controles de qualidade e um compromisso com o desenvolvimento de produtos, resultando em thrusters de proa que oferecem:<\/p>\n<ul style=\"color: rgb(34, 34, 34); font-family: Arial, Helvetica, sans-serif; font-size: small;\">\n<li>Tecnologia de acionamento avan\u00e7ada<\/li>\n<li>H\u00e9lices compostas leves<\/li>\n<li>Motores el\u00e9tricos poderosos<\/li>\n<li>Carca\u00e7a aerodin\u00e2mica da engrenagem<\/li>\n<li>Produ\u00e7\u00e3o, montagem e controle de qualidade internos<\/li>\n<li>Uso de materiais premium<\/li>\n<\/ul>\n<p style=\"color: rgb(34, 34, 34); font-family: Arial, Helvetica, sans-serif; font-size: small;\">Caracter\u00edsticas principais:<\/p>\n<ol style=\"color: rgb(34, 34, 34); font-family: Arial, Helvetica, sans-serif; font-size: small;\">\n<li>\n<p>Os motores el\u00e9tricos s\u00e3o especificamente projetados para aplica\u00e7\u00f5es de thrusters de proa, garantindo uma dura\u00e7\u00e3o m\u00ednima de opera\u00e7\u00e3o de tr\u00eas minutos no n\u00edvel de desempenho especificado. Incluem prote\u00e7\u00e3o contra sobrecarga e t\u00e9rmica integrada.<\/p>\n<\/li>\n<li>\n<p>Os rel\u00e9s est\u00e3o montados diretamente no motor e protegidos por uma capa robusta. Cada thruster de proa est\u00e1 equipado com um recurso de atraso para evitar mudan\u00e7as r\u00e1pidas na dire\u00e7\u00e3o de rota\u00e7\u00e3o.<\/p>\n<\/li>\n<li>\n<p>Os componentes subaqu\u00e1ticos e as engrenagens s\u00e3o constru\u00eddos em bronze marinho, otimizados para minimizar a turbul\u00eancia.<\/p>\n<\/li>\n<li>\n<p>As h\u00e9lices s\u00e3o fabricadas em pl\u00e1stico composite de alta qualidade, oferecendo um empuxo constante em ambas as dire\u00e7\u00f5es.<\/p>\n<\/li>\n<\/ol>\n<p style=\"color: rgb(34, 34, 34); font-family: Arial, Helvetica, sans-serif; font-size: small;\">O thruster Quick BTQ 185-55 12V DC \u00e9 recomendado para barcos medindo entre 8 e 15 metros (26 a 49 p\u00e9s) de comprimento. Este modelo apresenta uma \u00fanica h\u00e9lice feita de material comp\u00f3sito resistente, uma caixa de engrenagem de bronze e um carter de prote\u00e7\u00e3o feito de material comp\u00f3sito dur\u00e1vel. Inclui um acoplamento el\u00e1stico e um \u00e2nodo de zinco que \u00e9 independente da caixa de c\u00e2mbio, permitindo uma f\u00e1cil substitui\u00e7\u00e3o.<\/p>\n<p style=\"color: rgb(34, 34, 34); font-family: Arial, Helvetica, sans-serif; font-size: small;\">Especifica\u00e7\u00f5es:<\/p>\n<ul style=\"color: rgb(34, 34, 34); font-family: Arial, Helvetica, sans-serif; font-size: small;\">\n<li>Modelo: BTQ 185-55 (12V)<\/li>\n<li>Tipo de h\u00e9lice: \u00danica<\/li>\n<li>Di\u00e2metro do t\u00fanel: 185 mm (7&#8243; 18\/64)<\/li>\n<li>Poder do motor: 3.0 kW<\/li>\n<li>Tens\u00e3o: 12V<\/li>\n<li>Avalia\u00e7\u00e3o do fus\u00edvel: 250A CNL DIN<\/li>\n<li>Empuxo: 55 kgf (121,2 lb)<\/li>\n<li>Peso: 16,7 kg (36,8 lb)<\/li>\n<\/ul>\n<p style=\"color: rgb(34, 34, 34); font-family: Arial, Helvetica, sans-serif; font-size: small;\">Este kit de thruster de proa combina qualidade, confiabilidade e desempenho, tornando-se uma excelente escolha para propriet\u00e1rios de barcos em busca de equipamentos confi\u00e1veis.<\/p>\n","protected":false},"excerpt":{"rendered":"<p>Kit de H\u00e9lice de Proa Quick BTQ 185-55 12v &#8211; Apresentamos o Kit de Instala\u00e7\u00e3o Completo do Thruster de Proa<\/p>\n","protected":false},"featured_media":5941982,"comment_status":"open","ping_status":"closed","template":"","meta":[],"product_brand":[3282],"product_cat":[1897],"product_tag":[],"class_list":{"0":"post-749076","1":"product","2":"type-product","3":"status-publish","4":"has-post-thumbnail","6":"product_brand-quick-pt","7":"product_cat-motores-de-proa-quick","9":"first","10":"instock","11":"shipping-taxable","12":"purchasable","13":"product-type-simple"},"_links":{"self":[{"href":"https:\/\/stoic-curie.212-227-153-4.plesk.page\/pt\/wp-json\/wp\/v2\/product\/749076","targetHints":{"allow":["GET"]}}],"collection":[{"href":"https:\/\/stoic-curie.212-227-153-4.plesk.page\/pt\/wp-json\/wp\/v2\/product"}],"about":[{"href":"https:\/\/stoic-curie.212-227-153-4.plesk.page\/pt\/wp-json\/wp\/v2\/types\/product"}],"replies":[{"embeddable":true,"href":"https:\/\/stoic-curie.212-227-153-4.plesk.page\/pt\/wp-json\/wp\/v2\/comments?post=749076"}],"version-history":[{"count":0,"href":"https:\/\/stoic-curie.212-227-153-4.plesk.page\/pt\/wp-json\/wp\/v2\/product\/749076\/revisions"}],"wp:featuredmedia":[{"embeddable":true,"href":"https:\/\/stoic-curie.212-227-153-4.plesk.page\/pt\/wp-json\/wp\/v2\/media\/5941982"}],"wp:attachment":[{"href":"https:\/\/stoic-curie.212-227-153-4.plesk.page\/pt\/wp-json\/wp\/v2\/media?parent=749076"}],"wp:term":[{"taxonomy":"product_brand","embeddable":true,"href":"https:\/\/stoic-curie.212-227-153-4.plesk.page\/pt\/wp-json\/wp\/v2\/product_brand?post=749076"},{"taxonomy":"product_cat","embeddable":true,"href":"https:\/\/stoic-curie.212-227-153-4.plesk.page\/pt\/wp-json\/wp\/v2\/product_cat?post=749076"},{"taxonomy":"product_tag","embeddable":true,"href":"https:\/\/stoic-curie.212-227-153-4.plesk.page\/pt\/wp-json\/wp\/v2\/product_tag?post=749076"}],"curies":[{"name":"wp","href":"https:\/\/api.w.org\/{rel}","templated":true}]}}