{"id":749077,"date":"2025-03-03T21:14:52","date_gmt":"2025-03-03T20:14:52","guid":{"rendered":"https:\/\/stoic-curie.212-227-153-4.plesk.page\/producto\/escadas-telescopicas-com-corrimao-3-degraus\/"},"modified":"2026-02-25T00:28:05","modified_gmt":"2026-02-25T00:28:05","slug":"escadas-telescopicas-com-corrimao-3-degraus","status":"publish","type":"product","link":"https:\/\/stoic-curie.212-227-153-4.plesk.page\/pt\/product\/escadas-telescopicas-com-corrimao-3-degraus\/","title":{"rendered":"Escadas Telesc\u00f3picas com Corrim\u00e3o 3 Degraus"},"content":{"rendered":"<p>Escadas Telesc\u00f3picas com Corrim\u00e3o 3 Degraus &#8211; <\/p>\n<p>Escadas telesc\u00f3picas em a\u00e7o inoxid\u00e1vel com corrim\u00e3o sobre a plataforma. Degraus de pol\u00edmero plano para maior conforto. Dimens\u00f5es do corrim\u00e3o L36 x A20.<\/p>\n","protected":false},"excerpt":{"rendered":"<p>Escadas Telesc\u00f3picas com Corrim\u00e3o 3 Degraus &#8211; Escadas telesc\u00f3picas em a\u00e7o inoxid\u00e1vel com corrim\u00e3o sobre a plataforma. Degraus de pol\u00edmero<\/p>\n","protected":false},"featured_media":5943750,"comment_status":"open","ping_status":"closed","template":"","meta":[],"product_brand":[3492],"product_cat":[1905],"product_tag":[],"class_list":{"0":"post-749077","1":"product","2":"type-product","3":"status-publish","4":"has-post-thumbnail","6":"product_brand-trem-pt","7":"product_cat-escadas","9":"first","10":"instock","11":"shipping-taxable","12":"purchasable","13":"product-type-simple"},"_links":{"self":[{"href":"https:\/\/stoic-curie.212-227-153-4.plesk.page\/pt\/wp-json\/wp\/v2\/product\/749077","targetHints":{"allow":["GET"]}}],"collection":[{"href":"https:\/\/stoic-curie.212-227-153-4.plesk.page\/pt\/wp-json\/wp\/v2\/product"}],"about":[{"href":"https:\/\/stoic-curie.212-227-153-4.plesk.page\/pt\/wp-json\/wp\/v2\/types\/product"}],"replies":[{"embeddable":true,"href":"https:\/\/stoic-curie.212-227-153-4.plesk.page\/pt\/wp-json\/wp\/v2\/comments?post=749077"}],"version-history":[{"count":0,"href":"https:\/\/stoic-curie.212-227-153-4.plesk.page\/pt\/wp-json\/wp\/v2\/product\/749077\/revisions"}],"wp:featuredmedia":[{"embeddable":true,"href":"https:\/\/stoic-curie.212-227-153-4.plesk.page\/pt\/wp-json\/wp\/v2\/media\/5943750"}],"wp:attachment":[{"href":"https:\/\/stoic-curie.212-227-153-4.plesk.page\/pt\/wp-json\/wp\/v2\/media?parent=749077"}],"wp:term":[{"taxonomy":"product_brand","embeddable":true,"href":"https:\/\/stoic-curie.212-227-153-4.plesk.page\/pt\/wp-json\/wp\/v2\/product_brand?post=749077"},{"taxonomy":"product_cat","embeddable":true,"href":"https:\/\/stoic-curie.212-227-153-4.plesk.page\/pt\/wp-json\/wp\/v2\/product_cat?post=749077"},{"taxonomy":"product_tag","embeddable":true,"href":"https:\/\/stoic-curie.212-227-153-4.plesk.page\/pt\/wp-json\/wp\/v2\/product_tag?post=749077"}],"curies":[{"name":"wp","href":"https:\/\/api.w.org\/{rel}","templated":true}]}}