{"id":749078,"date":"2025-03-03T21:14:53","date_gmt":"2025-03-03T20:14:53","guid":{"rendered":"https:\/\/stoic-curie.212-227-153-4.plesk.page\/producto\/lencois-de-cama-de-algodao-elastico-azul-tipo-e\/"},"modified":"2026-02-25T00:28:05","modified_gmt":"2026-02-25T00:28:05","slug":"lencois-de-cama-de-algodao-elastico-azul-tipo-e","status":"publish","type":"product","link":"https:\/\/stoic-curie.212-227-153-4.plesk.page\/pt\/product\/lencois-de-cama-de-algodao-elastico-azul-tipo-e\/","title":{"rendered":"Len\u00e7\u00f3is de Cama de Algod\u00e3o El\u00e1stico &#8211; Azul &#8211; Tipo E"},"content":{"rendered":"<p>Len\u00e7\u00f3is de Cama de Algod\u00e3o El\u00e1stico &#8211; Azul &#8211; Tipo E &#8211; <\/p>\n<p>Len\u00e7\u00f3is de algod\u00e3o el\u00e1stico com faixa el\u00e1stica refor\u00e7ada. Eles se ajustam perfeitamente a todos os colch\u00f5es e sof\u00e1s. 96% algod\u00e3o e 4% elastano com elasticidade de 25%.<\/p>\n","protected":false},"excerpt":{"rendered":"<p>Len\u00e7\u00f3is de Cama de Algod\u00e3o El\u00e1stico &#8211; Azul &#8211; Tipo E &#8211; Len\u00e7\u00f3is de algod\u00e3o el\u00e1stico com faixa el\u00e1stica refor\u00e7ada.<\/p>\n","protected":false},"featured_media":5942039,"comment_status":"open","ping_status":"closed","template":"","meta":[],"product_brand":[3112],"product_cat":[1930],"product_tag":[],"class_list":{"0":"post-749078","1":"product","2":"type-product","3":"status-publish","4":"has-post-thumbnail","6":"product_brand-marine-business-mb-pt","7":"product_cat-tapetes-e-estofamento","9":"first","10":"instock","11":"shipping-taxable","12":"purchasable","13":"product-type-simple"},"_links":{"self":[{"href":"https:\/\/stoic-curie.212-227-153-4.plesk.page\/pt\/wp-json\/wp\/v2\/product\/749078","targetHints":{"allow":["GET"]}}],"collection":[{"href":"https:\/\/stoic-curie.212-227-153-4.plesk.page\/pt\/wp-json\/wp\/v2\/product"}],"about":[{"href":"https:\/\/stoic-curie.212-227-153-4.plesk.page\/pt\/wp-json\/wp\/v2\/types\/product"}],"replies":[{"embeddable":true,"href":"https:\/\/stoic-curie.212-227-153-4.plesk.page\/pt\/wp-json\/wp\/v2\/comments?post=749078"}],"version-history":[{"count":0,"href":"https:\/\/stoic-curie.212-227-153-4.plesk.page\/pt\/wp-json\/wp\/v2\/product\/749078\/revisions"}],"wp:featuredmedia":[{"embeddable":true,"href":"https:\/\/stoic-curie.212-227-153-4.plesk.page\/pt\/wp-json\/wp\/v2\/media\/5942039"}],"wp:attachment":[{"href":"https:\/\/stoic-curie.212-227-153-4.plesk.page\/pt\/wp-json\/wp\/v2\/media?parent=749078"}],"wp:term":[{"taxonomy":"product_brand","embeddable":true,"href":"https:\/\/stoic-curie.212-227-153-4.plesk.page\/pt\/wp-json\/wp\/v2\/product_brand?post=749078"},{"taxonomy":"product_cat","embeddable":true,"href":"https:\/\/stoic-curie.212-227-153-4.plesk.page\/pt\/wp-json\/wp\/v2\/product_cat?post=749078"},{"taxonomy":"product_tag","embeddable":true,"href":"https:\/\/stoic-curie.212-227-153-4.plesk.page\/pt\/wp-json\/wp\/v2\/product_tag?post=749078"}],"curies":[{"name":"wp","href":"https:\/\/api.w.org\/{rel}","templated":true}]}}