{"id":749081,"date":"2025-03-03T21:14:53","date_gmt":"2025-03-03T20:14:53","guid":{"rendered":"https:\/\/stoic-curie.212-227-153-4.plesk.page\/producto\/tunel-de-fibra-de-vidro-vetus-250mm-x-1m\/"},"modified":"2026-02-25T00:28:05","modified_gmt":"2026-02-25T00:28:05","slug":"tunel-de-fibra-de-vidro-vetus-250mm-x-1m","status":"publish","type":"product","link":"https:\/\/stoic-curie.212-227-153-4.plesk.page\/pt\/product\/tunel-de-fibra-de-vidro-vetus-250mm-x-1m\/","title":{"rendered":"T\u00fanel de Fibra de Vidro 250mm x 100cm"},"content":{"rendered":"<p>T\u00fanel de Fibra de Vidro 250mm x 100cm &#8211; <\/p>\n<p>Temos o prazer de apresentar nosso t\u00fanel de GRP premium de 1 metro, com um di\u00e2metro de 250 mm. Este t\u00fanel \u00e9 projetado especificamente para funcionar perfeitamente com os propulsores de proa Quick e Vetus BOW125 &amp; 160.<\/p>\n<p>Avalia\u00e7\u00f5es pr\u00e1ticas indicam que a incorpora\u00e7\u00e3o de material ac\u00fastico ARM pode reduzir significativamente o ru\u00eddo produzido pelos propulsores de proa. Aplicando uma camada de composto ARM ou adicionando um material folheado ao redor do t\u00fanel, \u00e9 poss\u00edvel diminuir o n\u00edvel de som em cerca de 3 dB(A). Com duas camadas, a redu\u00e7\u00e3o de ru\u00eddo pode aumentar para at\u00e9 7 dB(A).<\/p>\n<p><strong>Especifica\u00e7\u00f5es<\/strong><\/p>\n<ul>\n<li><strong>Dimens\u00f5es<\/strong>\n<ul>\n<li>T\u00fanel de mola: 1000 mm<\/li>\n<li>Di\u00e2metro interno do t\u00fanel: 250 mm<\/li>\n<li>Di\u00e2metro externo do t\u00fanel: 265 mm<\/li>\n<\/ul>\n<\/li>\n<\/ul>\n<p><strong>Principais Caracter\u00edsticas<\/strong><\/p>\n<ul>\n<li><strong>Marca:<\/strong> Quick<\/li>\n<li><strong>Material:<\/strong> Ester Vinyl Refor\u00e7ado com Fibra de Vidro (FRV)<\/li>\n<li><strong>Ideal para:<\/strong> Barcos de poli\u00e9ster<\/li>\n<li><strong>Compat\u00edvel com estas marcas de propulsores de proa:<\/strong>\n<ul>\n<li>Vetus<\/li>\n<li>Side-Power<\/li>\n<li>Craftsman Marine<\/li>\n<li>Quick<\/li>\n<\/ul>\n<\/li>\n<\/ul>\n<p>Este t\u00fanel \u00e9 uma excelente op\u00e7\u00e3o para melhorar tanto o desempenho quanto o conforto do seu barco.<\/p>\n","protected":false},"excerpt":{"rendered":"<p>T\u00fanel de Fibra de Vidro 250mm x 100cm &#8211; Temos o prazer de apresentar nosso t\u00fanel de GRP premium de<\/p>\n","protected":false},"featured_media":5942044,"comment_status":"open","ping_status":"closed","template":"","meta":[],"product_brand":[3282],"product_cat":[1897,1896],"product_tag":[],"class_list":{"0":"post-749081","1":"product","2":"type-product","3":"status-publish","4":"has-post-thumbnail","6":"product_brand-quick-pt","7":"product_cat-motores-de-proa-quick","8":"product_cat-propulsores-de-proa-vetus","10":"first","11":"instock","12":"shipping-taxable","13":"purchasable","14":"product-type-simple"},"_links":{"self":[{"href":"https:\/\/stoic-curie.212-227-153-4.plesk.page\/pt\/wp-json\/wp\/v2\/product\/749081","targetHints":{"allow":["GET"]}}],"collection":[{"href":"https:\/\/stoic-curie.212-227-153-4.plesk.page\/pt\/wp-json\/wp\/v2\/product"}],"about":[{"href":"https:\/\/stoic-curie.212-227-153-4.plesk.page\/pt\/wp-json\/wp\/v2\/types\/product"}],"replies":[{"embeddable":true,"href":"https:\/\/stoic-curie.212-227-153-4.plesk.page\/pt\/wp-json\/wp\/v2\/comments?post=749081"}],"version-history":[{"count":0,"href":"https:\/\/stoic-curie.212-227-153-4.plesk.page\/pt\/wp-json\/wp\/v2\/product\/749081\/revisions"}],"wp:featuredmedia":[{"embeddable":true,"href":"https:\/\/stoic-curie.212-227-153-4.plesk.page\/pt\/wp-json\/wp\/v2\/media\/5942044"}],"wp:attachment":[{"href":"https:\/\/stoic-curie.212-227-153-4.plesk.page\/pt\/wp-json\/wp\/v2\/media?parent=749081"}],"wp:term":[{"taxonomy":"product_brand","embeddable":true,"href":"https:\/\/stoic-curie.212-227-153-4.plesk.page\/pt\/wp-json\/wp\/v2\/product_brand?post=749081"},{"taxonomy":"product_cat","embeddable":true,"href":"https:\/\/stoic-curie.212-227-153-4.plesk.page\/pt\/wp-json\/wp\/v2\/product_cat?post=749081"},{"taxonomy":"product_tag","embeddable":true,"href":"https:\/\/stoic-curie.212-227-153-4.plesk.page\/pt\/wp-json\/wp\/v2\/product_tag?post=749081"}],"curies":[{"name":"wp","href":"https:\/\/api.w.org\/{rel}","templated":true}]}}