{"id":749091,"date":"2025-03-03T21:14:57","date_gmt":"2025-03-03T20:14:57","guid":{"rendered":"https:\/\/stoic-curie.212-227-153-4.plesk.page\/producto\/cabo-trancado-cinza-flutuante-16mm-x-100m\/"},"modified":"2026-02-25T00:28:05","modified_gmt":"2026-02-25T00:28:05","slug":"cabo-trancado-cinza-flutuante-16mm-x-100m","status":"publish","type":"product","link":"https:\/\/stoic-curie.212-227-153-4.plesk.page\/pt\/product\/cabo-trancado-cinza-flutuante-16mm-x-100m\/","title":{"rendered":"Cabo Tran\u00e7ado Cinza Flutuante 16mm x 100m"},"content":{"rendered":"<p>Cabo Tran\u00e7ado Cinza Flutuante 16mm x 100m &#8211; <\/p>\n<p> Linha de tran\u00e7a multifilamento multiuso, ideal para infl\u00e1veis e botes de apoio. Macia e leve, flutua e n\u00e3o absorve umidade. Constru\u00e7\u00e3o: tran\u00e7ada em 16 fios, 100% polietileno estabilizado UV.<\/p>\n","protected":false},"excerpt":{"rendered":"<p>Cabo Tran\u00e7ado Cinza Flutuante 16mm x 100m &#8211; Linha de tran\u00e7a multifilamento multiuso, ideal para infl\u00e1veis e botes de apoio.<\/p>\n","protected":false},"featured_media":5942148,"comment_status":"open","ping_status":"closed","template":"","meta":[],"product_brand":[3102],"product_cat":[1908],"product_tag":[],"class_list":{"0":"post-749091","1":"product","2":"type-product","3":"status-publish","4":"has-post-thumbnail","6":"product_brand-marco-benvenuti-pt","7":"product_cat-retenidas","9":"first","10":"instock","11":"shipping-taxable","12":"purchasable","13":"product-type-simple"},"_links":{"self":[{"href":"https:\/\/stoic-curie.212-227-153-4.plesk.page\/pt\/wp-json\/wp\/v2\/product\/749091","targetHints":{"allow":["GET"]}}],"collection":[{"href":"https:\/\/stoic-curie.212-227-153-4.plesk.page\/pt\/wp-json\/wp\/v2\/product"}],"about":[{"href":"https:\/\/stoic-curie.212-227-153-4.plesk.page\/pt\/wp-json\/wp\/v2\/types\/product"}],"replies":[{"embeddable":true,"href":"https:\/\/stoic-curie.212-227-153-4.plesk.page\/pt\/wp-json\/wp\/v2\/comments?post=749091"}],"version-history":[{"count":0,"href":"https:\/\/stoic-curie.212-227-153-4.plesk.page\/pt\/wp-json\/wp\/v2\/product\/749091\/revisions"}],"wp:featuredmedia":[{"embeddable":true,"href":"https:\/\/stoic-curie.212-227-153-4.plesk.page\/pt\/wp-json\/wp\/v2\/media\/5942148"}],"wp:attachment":[{"href":"https:\/\/stoic-curie.212-227-153-4.plesk.page\/pt\/wp-json\/wp\/v2\/media?parent=749091"}],"wp:term":[{"taxonomy":"product_brand","embeddable":true,"href":"https:\/\/stoic-curie.212-227-153-4.plesk.page\/pt\/wp-json\/wp\/v2\/product_brand?post=749091"},{"taxonomy":"product_cat","embeddable":true,"href":"https:\/\/stoic-curie.212-227-153-4.plesk.page\/pt\/wp-json\/wp\/v2\/product_cat?post=749091"},{"taxonomy":"product_tag","embeddable":true,"href":"https:\/\/stoic-curie.212-227-153-4.plesk.page\/pt\/wp-json\/wp\/v2\/product_tag?post=749091"}],"curies":[{"name":"wp","href":"https:\/\/api.w.org\/{rel}","templated":true}]}}