{"id":749092,"date":"2025-03-03T21:14:57","date_gmt":"2025-03-03T20:14:57","guid":{"rendered":"https:\/\/stoic-curie.212-227-153-4.plesk.page\/producto\/ancora-pool-hhp-em-aco-galvanizado-80kg\/"},"modified":"2026-02-25T00:28:05","modified_gmt":"2026-02-25T00:28:05","slug":"ancora-pool-hhp-em-aco-galvanizado-80kg","status":"publish","type":"product","link":"https:\/\/stoic-curie.212-227-153-4.plesk.page\/pt\/product\/ancora-pool-hhp-em-aco-galvanizado-80kg\/","title":{"rendered":"\u00c2ncora Pool HHP em A\u00e7o Galvanizado 80kg"},"content":{"rendered":"<p>\u00c2ncora Pool HHP em A\u00e7o Galvanizado 80kg &#8211; <\/p>\n<p>Apresentamos a \u00e2ncora de a\u00e7o galvanizado &#8220;Pool HHP&#8221; (High Holding Power), projetada especificamente para se destacar em ambientes arenosos e lamacentos. Este tipo de \u00e2ncora TW \u00e9 uma \u00e2ncora de alta pot\u00eancia sem estoque, meticulosamente projetada para oferecer capacidades excepcionais de ancoragem \u00e0s quais os propriet\u00e1rios de barcos podem confiar. Uma das caracter\u00edsticas marcantes dessa \u00e2ncora \u00e9 sua not\u00e1vel capacidade de fornecer mais do que o dobro da for\u00e7a de ancoragem em compara\u00e7\u00e3o com \u00e2ncoras convencionais do mesmo peso. Isso significa que, ao escolher a \u00e2ncora Pool HHP, voc\u00ea est\u00e1 investindo em um produto que oferece desempenho e seguran\u00e7a superiores para a sua embarca\u00e7\u00e3o.<\/p>\n<p>A \u00e2ncora \u00e9 projetada com grandes \u00e2ngulos planos fabricados de chapa de a\u00e7o de alta resist\u00eancia. A espessura desses \u00e2ngulos varia de 15 mm a 140 mm, dependendo do tamanho espec\u00edfico da \u00e2ncora que voc\u00ea escolher. Essa varia\u00e7\u00e3o de espessura garante que cada \u00e2ncora seja adaptada \u00e0s exig\u00eancias de diferentes condi\u00e7\u00f5es de navega\u00e7\u00e3o e tamanhos.<\/p>\n<p><strong>Especifica\u00e7\u00f5es do produto:<\/strong><\/p>\n<ul>\n<li><strong>Tipo:<\/strong> \u00c2ncora de alta pot\u00eancia<\/li>\n<li><strong>Material:<\/strong> A\u00e7o ZG230-45CH<\/li>\n<li><strong>Intervalo de peso:<\/strong> 50 kg a 150 kg<\/li>\n<li><strong>Op\u00e7\u00f5es de acabamento:<\/strong> Galvanizado a quente para maior durabilidade<\/li>\n<li><strong>Certifica\u00e7\u00f5es:<\/strong> BV, ABS, DNV, GL, LRS, RINA, RS, IRS, CCS, KR, NK<\/li>\n<\/ul>\n<p>Esta \u00e2ncora \u00e9 uma excelente escolha para propriet\u00e1rios de barcos que procuram uma solu\u00e7\u00e3o de ancoragem resistente e confi\u00e1vel, especialmente em condi\u00e7\u00f5es desafiadoras. Com sua alta capacidade de anclagem e constru\u00e7\u00e3o dur\u00e1vel, a \u00e2ncora Pool HHP garante que seu barco permane\u00e7a seguro, proporcionando tranquilidade enquanto voc\u00ea aproveita seu tempo na \u00e1gua.<\/p>\n","protected":false},"excerpt":{"rendered":"<p>\u00c2ncora Pool HHP em A\u00e7o Galvanizado 80kg &#8211; Apresentamos a \u00e2ncora de a\u00e7o galvanizado &#8220;Pool HHP&#8221; (High Holding Power), projetada<\/p>\n","protected":false},"featured_media":5942158,"comment_status":"open","ping_status":"closed","template":"","meta":[],"product_brand":[3087],"product_cat":[2158],"product_tag":[],"class_list":{"0":"post-749092","1":"product","2":"type-product","3":"status-publish","4":"has-post-thumbnail","6":"product_brand-maggigroup-pt","7":"product_cat-ancoras-danforth","9":"first","10":"instock","11":"shipping-taxable","12":"purchasable","13":"product-type-simple"},"_links":{"self":[{"href":"https:\/\/stoic-curie.212-227-153-4.plesk.page\/pt\/wp-json\/wp\/v2\/product\/749092","targetHints":{"allow":["GET"]}}],"collection":[{"href":"https:\/\/stoic-curie.212-227-153-4.plesk.page\/pt\/wp-json\/wp\/v2\/product"}],"about":[{"href":"https:\/\/stoic-curie.212-227-153-4.plesk.page\/pt\/wp-json\/wp\/v2\/types\/product"}],"replies":[{"embeddable":true,"href":"https:\/\/stoic-curie.212-227-153-4.plesk.page\/pt\/wp-json\/wp\/v2\/comments?post=749092"}],"version-history":[{"count":0,"href":"https:\/\/stoic-curie.212-227-153-4.plesk.page\/pt\/wp-json\/wp\/v2\/product\/749092\/revisions"}],"wp:featuredmedia":[{"embeddable":true,"href":"https:\/\/stoic-curie.212-227-153-4.plesk.page\/pt\/wp-json\/wp\/v2\/media\/5942158"}],"wp:attachment":[{"href":"https:\/\/stoic-curie.212-227-153-4.plesk.page\/pt\/wp-json\/wp\/v2\/media?parent=749092"}],"wp:term":[{"taxonomy":"product_brand","embeddable":true,"href":"https:\/\/stoic-curie.212-227-153-4.plesk.page\/pt\/wp-json\/wp\/v2\/product_brand?post=749092"},{"taxonomy":"product_cat","embeddable":true,"href":"https:\/\/stoic-curie.212-227-153-4.plesk.page\/pt\/wp-json\/wp\/v2\/product_cat?post=749092"},{"taxonomy":"product_tag","embeddable":true,"href":"https:\/\/stoic-curie.212-227-153-4.plesk.page\/pt\/wp-json\/wp\/v2\/product_tag?post=749092"}],"curies":[{"name":"wp","href":"https:\/\/api.w.org\/{rel}","templated":true}]}}