{"id":749093,"date":"2025-03-03T21:14:57","date_gmt":"2025-03-03T20:14:57","guid":{"rendered":"https:\/\/stoic-curie.212-227-153-4.plesk.page\/producto\/ancora-pool-hhp-em-aco-galvanizado-150kg\/"},"modified":"2026-02-25T00:28:05","modified_gmt":"2026-02-25T00:28:05","slug":"ancora-pool-hhp-em-aco-galvanizado-150kg","status":"publish","type":"product","link":"https:\/\/stoic-curie.212-227-153-4.plesk.page\/pt\/product\/ancora-pool-hhp-em-aco-galvanizado-150kg\/","title":{"rendered":"\u00c2ncora Pool HHP 150kg"},"content":{"rendered":"<p>\u00c2ncora Pool HHP 150kg &#8211; <\/p>\n<p style=\"color: rgb(34, 34, 34); font-family: Arial, Helvetica, sans-serif; font-size: small;\">Ancla de a\u00e7o galvanizado &#8220;Pool HHP&#8221; (High Holding Power): Ideal para uso em areia e lama. O ancla do tipo TW \u00e9 um ancla sem estoque com alta capacidade de ancoragem, projetada para oferecer capacidades de ancoragem superiores. Oferece mais que o dobro da for\u00e7a de ancoragem em compara\u00e7\u00e3o com \u00e2ncoras convencionais do mesmo peso. Este ancla possui garras grandes e planas feitas de chapa de a\u00e7o de alta resist\u00eancia, com espessuras variando de 15 mm a 140 mm, dependendo do tamanho do ancla.<\/p>\n<p style=\"color: rgb(34, 34, 34); font-family: Arial, Helvetica, sans-serif; font-size: small;\"><strong>Detalhes do produto:<\/strong><\/p>\n<ul style=\"color: rgb(34, 34, 34); font-family: Arial, Helvetica, sans-serif; font-size: small;\">\n<li><strong>Tipo:<\/strong>\u00a0Ancla de alta capacidade de ancoragem<\/li>\n<li><strong>Material:<\/strong>\u00a0A\u00e7o ZG230-45CH<\/li>\n<li><strong>Faixa de peso:<\/strong>\u00a050 kg a 150 kg<\/li>\n<li><strong>Op\u00e7\u00f5es de acabamento:<\/strong>\u00a0galvanizado a quente<\/li>\n<li><strong>Certifica\u00e7\u00f5es:<\/strong>\u00a0BV, ABS, DNV, GL, LRS, RINA, RS, IRS, CCS, KR, NK<\/li>\n<\/ul>\n<p style=\"color: rgb(34, 34, 34); font-family: Arial, Helvetica, sans-serif; font-size: small;\">Este ancla \u00e9 uma excelente escolha para propriet\u00e1rios de barcos que buscam solu\u00e7\u00f5es de ancoragem confi\u00e1veis e robustas em ambientes desafiadores.<\/p>\n","protected":false},"excerpt":{"rendered":"<p>\u00c2ncora Pool HHP 150kg &#8211; Ancla de a\u00e7o galvanizado &#8220;Pool HHP&#8221; (High Holding Power): Ideal para uso em areia e<\/p>\n","protected":false},"featured_media":5942158,"comment_status":"open","ping_status":"closed","template":"","meta":[],"product_brand":[3087],"product_cat":[2158],"product_tag":[],"class_list":{"0":"post-749093","1":"product","2":"type-product","3":"status-publish","4":"has-post-thumbnail","6":"product_brand-maggigroup-pt","7":"product_cat-ancoras-danforth","9":"first","10":"instock","11":"shipping-taxable","12":"purchasable","13":"product-type-simple"},"_links":{"self":[{"href":"https:\/\/stoic-curie.212-227-153-4.plesk.page\/pt\/wp-json\/wp\/v2\/product\/749093","targetHints":{"allow":["GET"]}}],"collection":[{"href":"https:\/\/stoic-curie.212-227-153-4.plesk.page\/pt\/wp-json\/wp\/v2\/product"}],"about":[{"href":"https:\/\/stoic-curie.212-227-153-4.plesk.page\/pt\/wp-json\/wp\/v2\/types\/product"}],"replies":[{"embeddable":true,"href":"https:\/\/stoic-curie.212-227-153-4.plesk.page\/pt\/wp-json\/wp\/v2\/comments?post=749093"}],"version-history":[{"count":0,"href":"https:\/\/stoic-curie.212-227-153-4.plesk.page\/pt\/wp-json\/wp\/v2\/product\/749093\/revisions"}],"wp:featuredmedia":[{"embeddable":true,"href":"https:\/\/stoic-curie.212-227-153-4.plesk.page\/pt\/wp-json\/wp\/v2\/media\/5942158"}],"wp:attachment":[{"href":"https:\/\/stoic-curie.212-227-153-4.plesk.page\/pt\/wp-json\/wp\/v2\/media?parent=749093"}],"wp:term":[{"taxonomy":"product_brand","embeddable":true,"href":"https:\/\/stoic-curie.212-227-153-4.plesk.page\/pt\/wp-json\/wp\/v2\/product_brand?post=749093"},{"taxonomy":"product_cat","embeddable":true,"href":"https:\/\/stoic-curie.212-227-153-4.plesk.page\/pt\/wp-json\/wp\/v2\/product_cat?post=749093"},{"taxonomy":"product_tag","embeddable":true,"href":"https:\/\/stoic-curie.212-227-153-4.plesk.page\/pt\/wp-json\/wp\/v2\/product_tag?post=749093"}],"curies":[{"name":"wp","href":"https:\/\/api.w.org\/{rel}","templated":true}]}}