{"id":749094,"date":"2025-03-03T21:14:58","date_gmt":"2025-03-03T20:14:58","guid":{"rendered":"https:\/\/stoic-curie.212-227-153-4.plesk.page\/producto\/sanita-tecma-breeze-12v-com-painel-all-in-one-sft\/"},"modified":"2026-02-25T00:28:05","modified_gmt":"2026-02-25T00:28:05","slug":"sanita-tecma-breeze-12v-com-painel-all-in-one-sft","status":"publish","type":"product","link":"https:\/\/stoic-curie.212-227-153-4.plesk.page\/pt\/product\/sanita-tecma-breeze-12v-com-painel-all-in-one-sft\/","title":{"rendered":"Sanita Tecma Breeze 12v ( Painel SFT tudo-em-um)"},"content":{"rendered":"<p>Sanita Tecma Breeze 12v ( Painel SFT tudo-em-um) &#8211; <\/p>\n<p style=\"color: rgb(34, 34, 34); font-family: Arial, Helvetica, sans-serif; font-size: small;\"><strong>Sanit\u00e1rio Tecma Breeze 12V com painel SFT All-in-One.\u00a0<\/strong>O sanit\u00e1rio Tecma Breeze apresenta um design moderno que prioriza o conforto e os princ\u00edpios ergon\u00f4micos. Possui um assento termofixo com mecanismo de fechamento suave, que minimiza eficazmente tanto poss\u00edveis danos quanto ru\u00eddos. Al\u00e9m disso, o vaso sanit\u00e1rio \u00e9 equipado com um sistema de dobradi\u00e7a de r\u00e1pida remo\u00e7\u00e3o, simplificando a limpeza e a manuten\u00e7\u00e3o. Projetado para efici\u00eancia, garante um consumo m\u00ednimo de \u00e1gua, baixo consumo el\u00e9trico e n\u00edveis de ru\u00eddo reduzidos. O processo de instala\u00e7\u00e3o e fia\u00e7\u00e3o \u00e9 simples e n\u00e3o requer manuten\u00e7\u00e3o cont\u00ednua.<\/p>\n<p style=\"color: rgb(34, 34, 34); font-family: Arial, Helvetica, sans-serif; font-size: small;\"><strong>Este vaso sanit\u00e1rio pode ser operado usando dois tipos distintos de pain\u00e9is de controle:<\/strong><\/p>\n<p style=\"color: rgb(34, 34, 34); font-family: Arial, Helvetica, sans-serif; font-size: small;\"><strong>Painel SFT All-in-One:<\/strong>&#038;nbsp>Este painel de dois bot\u00f5es permite a adi\u00e7\u00e3o de \u00e1gua e o acionamento da descarga. Ele incorpora a tecnologia Smart Flush para garantir baixo consumo e emiss\u00f5es sonoras reduzidas. Al\u00e9m disso, inclui prote\u00e7\u00e3o contra transbordamento de \u00e1gua e capacidades de monitoramento do tanque de res\u00edduos.<\/p>\n<p style=\"color: rgb(34, 34, 34); font-family: Arial, Helvetica, sans-serif; font-size: small;\"><strong>Painel Touch SFT:<\/strong>&#038;nbsp>Este painel sens\u00edvel ao toque tamb\u00e9m fornece controles para adicionar \u00e1gua e acionar a descarga. Assim como o painel All-in-One, utiliza a tecnologia Smart Flush para opera\u00e7\u00e3o eficiente e minimiza\u00e7\u00e3o de som. Apresenta prote\u00e7\u00e3o contra transbordamento de \u00e1gua com programa\u00e7\u00e3o de fluxo e monitoramento do tanque de res\u00edduos, podendo ser configurado para modo de cruzeiro ou atraca\u00e7\u00e3o.<\/p>\n<p style=\"color: rgb(34, 34, 34); font-family: Arial, Helvetica, sans-serif; font-size: small;\"><strong>A cole\u00e7\u00e3o Breeze, um design inovador da Tecma, \u00e9 caracterizada por contornos suaves e arredondados que criam uma apar\u00eancia \u00fanica de &#8216;lar&#8217;, melhorando tanto o conforto ao sentar quanto o suporte ergon\u00f4mico. Esta cole\u00e7\u00e3o foi meticulosamente projetada para se encaixar na geometria dos modelos tradicionais da Tecma, garantindo uma adapta\u00e7\u00e3o e instala\u00e7\u00e3o perfeitas em ambientes de banheiro existentes.<\/strong><\/p>\n<p style=\"color: rgb(34, 34, 34); font-family: Arial, Helvetica, sans-serif; font-size: small;\"><strong>O vaso sanit\u00e1rio \u00e9 bem equilibrado e incorpora um sistema pioneiro de fechamento suave para a tampa. O mecanismo de amortecimento controla suavemente a velocidade de fechamento, evitando qualquer dano potencial e ru\u00eddos que possam perturbar o conforto e o descanso dos h\u00f3spedes. Para inspe\u00e7\u00e3o ou manuten\u00e7\u00e3o, o exclusivo sistema de dobradi\u00e7a de r\u00e1pida remo\u00e7\u00e3o permite uma desmontagem r\u00e1pida e f\u00e1cil.<\/strong><\/p>\n<p style=\"color: rgb(34, 34, 34); font-family: Arial, Helvetica, sans-serif; font-size: small;\"><strong>Principais Caracter\u00edsticas:<\/strong><\/p>\n<ul style=\"color: rgb(34, 34, 34); font-family: Arial, Helvetica, sans-serif; font-size: small;\">\n<li>Est\u00e9tica limpa e moderna<\/li>\n<li>Funcionamento excepcionalmente silencioso<\/li>\n<li>Instala\u00e7\u00e3o r\u00e1pida e f\u00e1cil<\/li>\n<li>Desempenho confi\u00e1vel<\/li>\n<li>Materiais de alta qualidade<\/li>\n<\/ul>\n<p style=\"color: rgb(34, 34, 34); font-family: Arial, Helvetica, sans-serif; font-size: small;\"><strong>O vaso sanit\u00e1rio Tecma Breeze tamb\u00e9m \u00e9 encontrado em embarca\u00e7\u00f5es de prest\u00edgio de marcas como Delta Powerboats, Monte Carlo Yachts e Azimut.<\/strong><\/p>\n<p style=\"color: rgb(34, 34, 34); font-family: Arial, Helvetica, sans-serif; font-size: small;\"><strong>Especifica\u00e7\u00f5es:<\/strong><\/p>\n<ul style=\"color: rgb(34, 34, 34); font-family: Arial, Helvetica, sans-serif; font-size: small;\">\n<li>Vaso sanit\u00e1rio em cer\u00e2mica italiana: 27 kg<\/li>\n<li>Bid\u00ea: 16 kg<\/li>\n<li>Ampla gama de pain\u00e9is de controle dispon\u00edveis<\/li>\n<li>Funcionamento de descarga silenciosa<\/li>\n<li>Baixo consumo: 0,5-2,7L \/ 0,1-0,7 gal\u00f5es por descarga<\/li>\n<li>Bid\u00ea integrado opcional<\/li>\n<li>Fun\u00e7\u00e3o de fechamento suave<\/li>\n<\/ul>\n","protected":false},"excerpt":{"rendered":"<p>Sanita Tecma Breeze 12v ( Painel SFT tudo-em-um) &#8211; Sanit\u00e1rio Tecma Breeze 12V com painel SFT All-in-One.\u00a0O sanit\u00e1rio Tecma Breeze<\/p>\n","protected":false},"featured_media":5943764,"comment_status":"open","ping_status":"closed","template":"","meta":[],"product_brand":[3472],"product_cat":[1962],"product_tag":[],"class_list":{"0":"post-749094","1":"product","2":"type-product","3":"status-publish","4":"has-post-thumbnail","6":"product_brand-tecma-pt","7":"product_cat-sanitarios-e-casas-de-banho","9":"first","10":"instock","11":"shipping-taxable","12":"purchasable","13":"product-type-simple"},"_links":{"self":[{"href":"https:\/\/stoic-curie.212-227-153-4.plesk.page\/pt\/wp-json\/wp\/v2\/product\/749094","targetHints":{"allow":["GET"]}}],"collection":[{"href":"https:\/\/stoic-curie.212-227-153-4.plesk.page\/pt\/wp-json\/wp\/v2\/product"}],"about":[{"href":"https:\/\/stoic-curie.212-227-153-4.plesk.page\/pt\/wp-json\/wp\/v2\/types\/product"}],"replies":[{"embeddable":true,"href":"https:\/\/stoic-curie.212-227-153-4.plesk.page\/pt\/wp-json\/wp\/v2\/comments?post=749094"}],"version-history":[{"count":0,"href":"https:\/\/stoic-curie.212-227-153-4.plesk.page\/pt\/wp-json\/wp\/v2\/product\/749094\/revisions"}],"wp:featuredmedia":[{"embeddable":true,"href":"https:\/\/stoic-curie.212-227-153-4.plesk.page\/pt\/wp-json\/wp\/v2\/media\/5943764"}],"wp:attachment":[{"href":"https:\/\/stoic-curie.212-227-153-4.plesk.page\/pt\/wp-json\/wp\/v2\/media?parent=749094"}],"wp:term":[{"taxonomy":"product_brand","embeddable":true,"href":"https:\/\/stoic-curie.212-227-153-4.plesk.page\/pt\/wp-json\/wp\/v2\/product_brand?post=749094"},{"taxonomy":"product_cat","embeddable":true,"href":"https:\/\/stoic-curie.212-227-153-4.plesk.page\/pt\/wp-json\/wp\/v2\/product_cat?post=749094"},{"taxonomy":"product_tag","embeddable":true,"href":"https:\/\/stoic-curie.212-227-153-4.plesk.page\/pt\/wp-json\/wp\/v2\/product_tag?post=749094"}],"curies":[{"name":"wp","href":"https:\/\/api.w.org\/{rel}","templated":true}]}}