{"id":749101,"date":"2025-03-03T21:15:00","date_gmt":"2025-03-03T20:15:00","guid":{"rendered":"https:\/\/stoic-curie.212-227-153-4.plesk.page\/producto\/luz-led-em-aco-inoxidavel-com-interruptor-quick-tim-90mm-3000-k\/"},"modified":"2026-02-25T00:28:05","modified_gmt":"2026-02-25T00:28:05","slug":"luz-led-em-aco-inoxidavel-com-interruptor-quick-tim-90mm-3000-k","status":"publish","type":"product","link":"https:\/\/stoic-curie.212-227-153-4.plesk.page\/pt\/product\/luz-led-em-aco-inoxidavel-com-interruptor-quick-tim-90mm-3000-k\/","title":{"rendered":"Luz LED em A\u00e7o Inoxid\u00e1vel com Interruptor Quick Tim 90mm 3000 K"},"content":{"rendered":"<p>Luz LED em A\u00e7o Inoxid\u00e1vel com Interruptor Quick Tim 90mm 3000 K &#8211; <\/p>\n<p>Lanterna de c\u00fapula LED de 2W IP40 para interiores com moldura de a\u00e7o inoxid\u00e1vel 316 e interruptor. Montagem na superf\u00edcie com parafusos. Tens\u00e3o universal de 9-32V com LED dimm\u00e1vel protegido contra picos e polaridade inversa.<\/p>\n","protected":false},"excerpt":{"rendered":"<p>Luz LED em A\u00e7o Inoxid\u00e1vel com Interruptor Quick Tim 90mm 3000 K &#8211; Lanterna de c\u00fapula LED de 2W IP40<\/p>\n","protected":false},"featured_media":5940834,"comment_status":"open","ping_status":"closed","template":"","meta":[],"product_brand":[3282],"product_cat":[2026],"product_tag":[],"class_list":{"0":"post-749101","1":"product","2":"type-product","3":"status-publish","4":"has-post-thumbnail","6":"product_brand-quick-pt","7":"product_cat-iluminacao","9":"first","10":"instock","11":"shipping-taxable","12":"purchasable","13":"product-type-simple"},"_links":{"self":[{"href":"https:\/\/stoic-curie.212-227-153-4.plesk.page\/pt\/wp-json\/wp\/v2\/product\/749101","targetHints":{"allow":["GET"]}}],"collection":[{"href":"https:\/\/stoic-curie.212-227-153-4.plesk.page\/pt\/wp-json\/wp\/v2\/product"}],"about":[{"href":"https:\/\/stoic-curie.212-227-153-4.plesk.page\/pt\/wp-json\/wp\/v2\/types\/product"}],"replies":[{"embeddable":true,"href":"https:\/\/stoic-curie.212-227-153-4.plesk.page\/pt\/wp-json\/wp\/v2\/comments?post=749101"}],"version-history":[{"count":0,"href":"https:\/\/stoic-curie.212-227-153-4.plesk.page\/pt\/wp-json\/wp\/v2\/product\/749101\/revisions"}],"wp:featuredmedia":[{"embeddable":true,"href":"https:\/\/stoic-curie.212-227-153-4.plesk.page\/pt\/wp-json\/wp\/v2\/media\/5940834"}],"wp:attachment":[{"href":"https:\/\/stoic-curie.212-227-153-4.plesk.page\/pt\/wp-json\/wp\/v2\/media?parent=749101"}],"wp:term":[{"taxonomy":"product_brand","embeddable":true,"href":"https:\/\/stoic-curie.212-227-153-4.plesk.page\/pt\/wp-json\/wp\/v2\/product_brand?post=749101"},{"taxonomy":"product_cat","embeddable":true,"href":"https:\/\/stoic-curie.212-227-153-4.plesk.page\/pt\/wp-json\/wp\/v2\/product_cat?post=749101"},{"taxonomy":"product_tag","embeddable":true,"href":"https:\/\/stoic-curie.212-227-153-4.plesk.page\/pt\/wp-json\/wp\/v2\/product_tag?post=749101"}],"curies":[{"name":"wp","href":"https:\/\/api.w.org\/{rel}","templated":true}]}}