{"id":749104,"date":"2025-03-03T21:15:01","date_gmt":"2025-03-03T20:15:01","guid":{"rendered":"https:\/\/stoic-curie.212-227-153-4.plesk.page\/producto\/bomba-de-mudanca-de-oleo-ocean-12v-12lt-minuto\/"},"modified":"2026-02-25T00:28:05","modified_gmt":"2026-02-25T00:28:05","slug":"bomba-de-mudanca-de-oleo-ocean-12v-12lt-minuto","status":"publish","type":"product","link":"https:\/\/stoic-curie.212-227-153-4.plesk.page\/pt\/product\/bomba-de-mudanca-de-oleo-ocean-12v-12lt-minuto\/","title":{"rendered":"Bomba de Mudan\u00e7a de \u00d3leo Ocean 12v 12lt\/minuto"},"content":{"rendered":"<p>Bomba de Mudan\u00e7a de \u00d3leo Ocean 12v 12lt\/minuto &#8211; <\/p>\n<p>Bomba compacta autoaspirante com engrenagens de PTFE, tamb\u00e9m adequada para funcionamento cont\u00ednuo. Dire\u00e7\u00e3o de fluxo revers\u00edvel, n\u00e3o requer filtro e pode funcionar mesmo a seco. Para transfer\u00eancia de \u00f3leo, diesel, \u00e1gua ou qualquer l\u00edquido viscoso. Completo com 2 mangueiras (6 e 8 mm), cabo de 180 cm com grampos e fus\u00edvel.<\/p>\n","protected":false},"excerpt":{"rendered":"<p>Bomba de Mudan\u00e7a de \u00d3leo Ocean 12v 12lt\/minuto &#8211; Bomba compacta autoaspirante com engrenagens de PTFE, tamb\u00e9m adequada para funcionamento<\/p>\n","protected":false},"featured_media":5943768,"comment_status":"open","ping_status":"closed","template":"","meta":[],"product_brand":[3142],"product_cat":[2074],"product_tag":[],"class_list":{"0":"post-749104","1":"product","2":"type-product","3":"status-publish","4":"has-post-thumbnail","6":"product_brand-matromarine-pt","7":"product_cat-bombas-de-oleo-e-combustivel","9":"first","10":"instock","11":"shipping-taxable","12":"purchasable","13":"product-type-simple"},"_links":{"self":[{"href":"https:\/\/stoic-curie.212-227-153-4.plesk.page\/pt\/wp-json\/wp\/v2\/product\/749104","targetHints":{"allow":["GET"]}}],"collection":[{"href":"https:\/\/stoic-curie.212-227-153-4.plesk.page\/pt\/wp-json\/wp\/v2\/product"}],"about":[{"href":"https:\/\/stoic-curie.212-227-153-4.plesk.page\/pt\/wp-json\/wp\/v2\/types\/product"}],"replies":[{"embeddable":true,"href":"https:\/\/stoic-curie.212-227-153-4.plesk.page\/pt\/wp-json\/wp\/v2\/comments?post=749104"}],"version-history":[{"count":0,"href":"https:\/\/stoic-curie.212-227-153-4.plesk.page\/pt\/wp-json\/wp\/v2\/product\/749104\/revisions"}],"wp:featuredmedia":[{"embeddable":true,"href":"https:\/\/stoic-curie.212-227-153-4.plesk.page\/pt\/wp-json\/wp\/v2\/media\/5943768"}],"wp:attachment":[{"href":"https:\/\/stoic-curie.212-227-153-4.plesk.page\/pt\/wp-json\/wp\/v2\/media?parent=749104"}],"wp:term":[{"taxonomy":"product_brand","embeddable":true,"href":"https:\/\/stoic-curie.212-227-153-4.plesk.page\/pt\/wp-json\/wp\/v2\/product_brand?post=749104"},{"taxonomy":"product_cat","embeddable":true,"href":"https:\/\/stoic-curie.212-227-153-4.plesk.page\/pt\/wp-json\/wp\/v2\/product_cat?post=749104"},{"taxonomy":"product_tag","embeddable":true,"href":"https:\/\/stoic-curie.212-227-153-4.plesk.page\/pt\/wp-json\/wp\/v2\/product_tag?post=749104"}],"curies":[{"name":"wp","href":"https:\/\/api.w.org\/{rel}","templated":true}]}}