{"id":749105,"date":"2025-03-03T21:15:01","date_gmt":"2025-03-03T20:15:01","guid":{"rendered":"https:\/\/stoic-curie.212-227-153-4.plesk.page\/producto\/bomba-de-diafragma-ocean-12v-20lt-em-linha\/"},"modified":"2026-02-25T00:28:05","modified_gmt":"2026-02-25T00:28:05","slug":"bomba-de-diafragma-ocean-12v-20lt-em-linha","status":"publish","type":"product","link":"https:\/\/stoic-curie.212-227-153-4.plesk.page\/pt\/product\/bomba-de-diafragma-ocean-12v-20lt-em-linha\/","title":{"rendered":"Bomba de Diafragma Ocean 12v 20lt (Em Linha)"},"content":{"rendered":"<p>Bomba de Diafragma Ocean 12v 20lt (Em Linha) &#8211; <\/p>\n<p>Bomba de diafragma Ocean auto-escorvante at\u00e9 3 m de altura com dupla v\u00e1lvula de n\u00e3o-retorno. Gra\u00e7as ao seu design compacto e \u00e0 cabe\u00e7a rotativa de 360\u00b0, \u00e9 perfeita para ralos de chuveiro ou pia e para aplica\u00e7\u00f5es gerais de \u00e1guas cinzas. Funciona de forma silenciosa, pode funcionar a seco e n\u00e3o necessita de filtro. Modelos dispon\u00edveis: em linha ou em \u00e2ngulo para espa\u00e7os apertados.<\/p>\n","protected":false},"excerpt":{"rendered":"<p>Bomba de Diafragma Ocean 12v 20lt (Em Linha) &#8211; Bomba de diafragma Ocean auto-escorvante at\u00e9 3 m de altura com<\/p>\n","protected":false},"featured_media":5942212,"comment_status":"open","ping_status":"closed","template":"","meta":[],"product_brand":[3142],"product_cat":[1959,1958,1943],"product_tag":[],"class_list":{"0":"post-749105","1":"product","2":"type-product","3":"status-publish","4":"has-post-thumbnail","6":"product_brand-matromarine-pt","7":"product_cat-bombas-de-aguas-residuais","8":"product_cat-bombas-de-circulacao-de-agua","9":"product_cat-sistema-de-aguas-cinzentas","11":"first","12":"instock","13":"shipping-taxable","14":"purchasable","15":"product-type-simple"},"_links":{"self":[{"href":"https:\/\/stoic-curie.212-227-153-4.plesk.page\/pt\/wp-json\/wp\/v2\/product\/749105","targetHints":{"allow":["GET"]}}],"collection":[{"href":"https:\/\/stoic-curie.212-227-153-4.plesk.page\/pt\/wp-json\/wp\/v2\/product"}],"about":[{"href":"https:\/\/stoic-curie.212-227-153-4.plesk.page\/pt\/wp-json\/wp\/v2\/types\/product"}],"replies":[{"embeddable":true,"href":"https:\/\/stoic-curie.212-227-153-4.plesk.page\/pt\/wp-json\/wp\/v2\/comments?post=749105"}],"version-history":[{"count":0,"href":"https:\/\/stoic-curie.212-227-153-4.plesk.page\/pt\/wp-json\/wp\/v2\/product\/749105\/revisions"}],"wp:featuredmedia":[{"embeddable":true,"href":"https:\/\/stoic-curie.212-227-153-4.plesk.page\/pt\/wp-json\/wp\/v2\/media\/5942212"}],"wp:attachment":[{"href":"https:\/\/stoic-curie.212-227-153-4.plesk.page\/pt\/wp-json\/wp\/v2\/media?parent=749105"}],"wp:term":[{"taxonomy":"product_brand","embeddable":true,"href":"https:\/\/stoic-curie.212-227-153-4.plesk.page\/pt\/wp-json\/wp\/v2\/product_brand?post=749105"},{"taxonomy":"product_cat","embeddable":true,"href":"https:\/\/stoic-curie.212-227-153-4.plesk.page\/pt\/wp-json\/wp\/v2\/product_cat?post=749105"},{"taxonomy":"product_tag","embeddable":true,"href":"https:\/\/stoic-curie.212-227-153-4.plesk.page\/pt\/wp-json\/wp\/v2\/product_tag?post=749105"}],"curies":[{"name":"wp","href":"https:\/\/api.w.org\/{rel}","templated":true}]}}