{"id":749106,"date":"2025-03-03T21:15:02","date_gmt":"2025-03-03T20:15:02","guid":{"rendered":"https:\/\/stoic-curie.212-227-153-4.plesk.page\/producto\/bomba-de-diafragma-ocean-para-aguas-residuais-e-aguas-cinzentas-32lt-min-12v\/"},"modified":"2026-02-25T00:28:05","modified_gmt":"2026-02-25T00:28:05","slug":"bomba-de-diafragma-ocean-para-aguas-residuais-e-aguas-cinzentas-32lt-min-12v","status":"publish","type":"product","link":"https:\/\/stoic-curie.212-227-153-4.plesk.page\/pt\/product\/bomba-de-diafragma-ocean-para-aguas-residuais-e-aguas-cinzentas-32lt-min-12v\/","title":{"rendered":"Bomba de Diafragma Ocean para \u00c1guas Residuais e \u00c1guas Cinzentas 32lt\/min 12v"},"content":{"rendered":"<p>Bomba de Diafragma Ocean para \u00c1guas Residuais e \u00c1guas Cinzentas 32lt\/min 12v &#8211; <\/p>\n<p>Bomba de diafragma Ocean autoescorvante com altura de at\u00e9 3m e v\u00e1lvula de reten\u00e7\u00e3o dupla. Ideal para esvaziar tanques de \u00e1gua cinza ou negra, ou como bomba de por\u00e3o. Pode funcionar a seco, n\u00e3o \u00e9 necess\u00e1rio filtro. Funcionamento silencioso, design compacto e instala\u00e7\u00e3o flex\u00edvel com cabe\u00e7a multi-posicional.<\/p>\n","protected":false},"excerpt":{"rendered":"<p>Bomba de Diafragma Ocean para \u00c1guas Residuais e \u00c1guas Cinzentas 32lt\/min 12v &#8211; Bomba de diafragma Ocean autoescorvante com altura<\/p>\n","protected":false},"featured_media":5942215,"comment_status":"open","ping_status":"closed","template":"","meta":[],"product_brand":[3142],"product_cat":[1959,1943,1936],"product_tag":[],"class_list":{"0":"post-749106","1":"product","2":"type-product","3":"status-publish","4":"has-post-thumbnail","6":"product_brand-matromarine-pt","7":"product_cat-bombas-de-aguas-residuais","8":"product_cat-sistema-de-aguas-cinzentas","9":"product_cat-tanques-de-aguas-residuais","11":"first","12":"instock","13":"shipping-taxable","14":"purchasable","15":"product-type-simple"},"_links":{"self":[{"href":"https:\/\/stoic-curie.212-227-153-4.plesk.page\/pt\/wp-json\/wp\/v2\/product\/749106","targetHints":{"allow":["GET"]}}],"collection":[{"href":"https:\/\/stoic-curie.212-227-153-4.plesk.page\/pt\/wp-json\/wp\/v2\/product"}],"about":[{"href":"https:\/\/stoic-curie.212-227-153-4.plesk.page\/pt\/wp-json\/wp\/v2\/types\/product"}],"replies":[{"embeddable":true,"href":"https:\/\/stoic-curie.212-227-153-4.plesk.page\/pt\/wp-json\/wp\/v2\/comments?post=749106"}],"version-history":[{"count":0,"href":"https:\/\/stoic-curie.212-227-153-4.plesk.page\/pt\/wp-json\/wp\/v2\/product\/749106\/revisions"}],"wp:featuredmedia":[{"embeddable":true,"href":"https:\/\/stoic-curie.212-227-153-4.plesk.page\/pt\/wp-json\/wp\/v2\/media\/5942215"}],"wp:attachment":[{"href":"https:\/\/stoic-curie.212-227-153-4.plesk.page\/pt\/wp-json\/wp\/v2\/media?parent=749106"}],"wp:term":[{"taxonomy":"product_brand","embeddable":true,"href":"https:\/\/stoic-curie.212-227-153-4.plesk.page\/pt\/wp-json\/wp\/v2\/product_brand?post=749106"},{"taxonomy":"product_cat","embeddable":true,"href":"https:\/\/stoic-curie.212-227-153-4.plesk.page\/pt\/wp-json\/wp\/v2\/product_cat?post=749106"},{"taxonomy":"product_tag","embeddable":true,"href":"https:\/\/stoic-curie.212-227-153-4.plesk.page\/pt\/wp-json\/wp\/v2\/product_tag?post=749106"}],"curies":[{"name":"wp","href":"https:\/\/api.w.org\/{rel}","templated":true}]}}