{"id":749107,"date":"2025-03-03T21:15:02","date_gmt":"2025-03-03T20:15:02","guid":{"rendered":"https:\/\/stoic-curie.212-227-153-4.plesk.page\/producto\/antena-ais-glomex-ra300ais-1-20m\/"},"modified":"2026-02-25T00:28:05","modified_gmt":"2026-02-25T00:28:05","slug":"antena-ais-glomex-ra300ais-1-20m","status":"publish","type":"product","link":"https:\/\/stoic-curie.212-227-153-4.plesk.page\/pt\/product\/antena-ais-glomex-ra300ais-1-20m\/","title":{"rendered":"Antena AIS Glomex Ra300ais 1.20m"},"content":{"rendered":"<p>Antena AIS Glomex Ra300ais 1.20m &#8211; <\/p>\n<p>Antena RA300AIS flex\u00edvel e resistente aos raios UV (Sistema de Identifica\u00e7\u00e3o Autom\u00e1tica) em fibra de vidro para qualquer tipo de barco. Permite receber sinais AIS e informa\u00e7\u00f5es relevantes sobre o tr\u00e1fego na \u00e1rea circundante. O conector FME permite uma instala\u00e7\u00e3o r\u00e1pida e f\u00e1cil gra\u00e7as aos cabos e adaptadores conectados. Base roscada 5\/8&#8243; x 24. 100W \/ 6db \/ 161.975-162.025 MHz \/ 50 Ohm. Altura: 1,2 m. Com a extens\u00e3o ou adaptador, a antena pode ser montada em bases roscadas de 1&#8243; x 14. O conector permite conectar a rosca FME \u00e0 conex\u00e3o coaxial PL258.<\/p>\n","protected":false},"excerpt":{"rendered":"<p>Antena AIS Glomex Ra300ais 1.20m &#8211; Antena RA300AIS flex\u00edvel e resistente aos raios UV (Sistema de Identifica\u00e7\u00e3o Autom\u00e1tica) em fibra<\/p>\n","protected":false},"featured_media":5943770,"comment_status":"open","ping_status":"closed","template":"","meta":[],"product_brand":[2279,2982],"product_cat":[2031],"product_tag":[],"class_list":{"0":"post-749107","1":"product","2":"type-product","3":"status-publish","4":"has-post-thumbnail","6":"product_brand-glomex","7":"product_brand-glomex-pt","8":"product_cat-equipamento-eletronico","10":"first","11":"instock","12":"shipping-taxable","13":"purchasable","14":"product-type-simple"},"_links":{"self":[{"href":"https:\/\/stoic-curie.212-227-153-4.plesk.page\/pt\/wp-json\/wp\/v2\/product\/749107","targetHints":{"allow":["GET"]}}],"collection":[{"href":"https:\/\/stoic-curie.212-227-153-4.plesk.page\/pt\/wp-json\/wp\/v2\/product"}],"about":[{"href":"https:\/\/stoic-curie.212-227-153-4.plesk.page\/pt\/wp-json\/wp\/v2\/types\/product"}],"replies":[{"embeddable":true,"href":"https:\/\/stoic-curie.212-227-153-4.plesk.page\/pt\/wp-json\/wp\/v2\/comments?post=749107"}],"version-history":[{"count":0,"href":"https:\/\/stoic-curie.212-227-153-4.plesk.page\/pt\/wp-json\/wp\/v2\/product\/749107\/revisions"}],"wp:featuredmedia":[{"embeddable":true,"href":"https:\/\/stoic-curie.212-227-153-4.plesk.page\/pt\/wp-json\/wp\/v2\/media\/5943770"}],"wp:attachment":[{"href":"https:\/\/stoic-curie.212-227-153-4.plesk.page\/pt\/wp-json\/wp\/v2\/media?parent=749107"}],"wp:term":[{"taxonomy":"product_brand","embeddable":true,"href":"https:\/\/stoic-curie.212-227-153-4.plesk.page\/pt\/wp-json\/wp\/v2\/product_brand?post=749107"},{"taxonomy":"product_cat","embeddable":true,"href":"https:\/\/stoic-curie.212-227-153-4.plesk.page\/pt\/wp-json\/wp\/v2\/product_cat?post=749107"},{"taxonomy":"product_tag","embeddable":true,"href":"https:\/\/stoic-curie.212-227-153-4.plesk.page\/pt\/wp-json\/wp\/v2\/product_tag?post=749107"}],"curies":[{"name":"wp","href":"https:\/\/api.w.org\/{rel}","templated":true}]}}