{"id":749108,"date":"2025-03-03T21:15:03","date_gmt":"2025-03-03T20:15:03","guid":{"rendered":"https:\/\/stoic-curie.212-227-153-4.plesk.page\/producto\/tunel-de-popa-em-fibra-de-vidro-para-quick-btq140\/"},"modified":"2026-02-25T00:28:05","modified_gmt":"2026-02-25T00:28:05","slug":"tunel-de-popa-em-fibra-de-vidro-para-quick-btq140","status":"publish","type":"product","link":"https:\/\/stoic-curie.212-227-153-4.plesk.page\/pt\/product\/tunel-de-popa-em-fibra-de-vidro-para-quick-btq140\/","title":{"rendered":"T\u00fanel de Popa em Fibra de Vidro para Quick BTQ140"},"content":{"rendered":"<p>T\u00fanel de Popa em Fibra de Vidro para Quick BTQ140 &#8211; <\/p>\n<p>Temos o prazer de oferecer kits de t\u00fanel em fibra de vidro, projetados especificamente para todos os propulsores Quick BTQ. Esses kits s\u00e3o destinados \u00e0 instala\u00e7\u00e3o externa no transom do seu barco, garantindo um ajuste perfeito e um desempenho ideal. Cada kit vem completo com um t\u00fanel em poli\u00e9ster e fibra de vidro com flange, compat\u00edvel tanto com propulsores el\u00e9tricos quanto hidr\u00e1ulicos da linha Quick. Essa versatilidade permite que voc\u00ea escolha o propulsor que melhor se adapta \u00e0s suas necessidades n\u00e1uticas, assegurando funcionalidade e durabilidade confi\u00e1veis.<\/p>\n","protected":false},"excerpt":{"rendered":"<p>T\u00fanel de Popa em Fibra de Vidro para Quick BTQ140 &#8211; Temos o prazer de oferecer kits de t\u00fanel em<\/p>\n","protected":false},"featured_media":5940387,"comment_status":"open","ping_status":"closed","template":"","meta":[],"product_brand":[3282],"product_cat":[1897],"product_tag":[],"class_list":{"0":"post-749108","1":"product","2":"type-product","3":"status-publish","4":"has-post-thumbnail","6":"product_brand-quick-pt","7":"product_cat-motores-de-proa-quick","9":"first","10":"instock","11":"shipping-taxable","12":"purchasable","13":"product-type-simple"},"_links":{"self":[{"href":"https:\/\/stoic-curie.212-227-153-4.plesk.page\/pt\/wp-json\/wp\/v2\/product\/749108","targetHints":{"allow":["GET"]}}],"collection":[{"href":"https:\/\/stoic-curie.212-227-153-4.plesk.page\/pt\/wp-json\/wp\/v2\/product"}],"about":[{"href":"https:\/\/stoic-curie.212-227-153-4.plesk.page\/pt\/wp-json\/wp\/v2\/types\/product"}],"replies":[{"embeddable":true,"href":"https:\/\/stoic-curie.212-227-153-4.plesk.page\/pt\/wp-json\/wp\/v2\/comments?post=749108"}],"version-history":[{"count":0,"href":"https:\/\/stoic-curie.212-227-153-4.plesk.page\/pt\/wp-json\/wp\/v2\/product\/749108\/revisions"}],"wp:featuredmedia":[{"embeddable":true,"href":"https:\/\/stoic-curie.212-227-153-4.plesk.page\/pt\/wp-json\/wp\/v2\/media\/5940387"}],"wp:attachment":[{"href":"https:\/\/stoic-curie.212-227-153-4.plesk.page\/pt\/wp-json\/wp\/v2\/media?parent=749108"}],"wp:term":[{"taxonomy":"product_brand","embeddable":true,"href":"https:\/\/stoic-curie.212-227-153-4.plesk.page\/pt\/wp-json\/wp\/v2\/product_brand?post=749108"},{"taxonomy":"product_cat","embeddable":true,"href":"https:\/\/stoic-curie.212-227-153-4.plesk.page\/pt\/wp-json\/wp\/v2\/product_cat?post=749108"},{"taxonomy":"product_tag","embeddable":true,"href":"https:\/\/stoic-curie.212-227-153-4.plesk.page\/pt\/wp-json\/wp\/v2\/product_tag?post=749108"}],"curies":[{"name":"wp","href":"https:\/\/api.w.org\/{rel}","templated":true}]}}