{"id":749110,"date":"2025-03-03T21:15:03","date_gmt":"2025-03-03T20:15:03","guid":{"rendered":"https:\/\/stoic-curie.212-227-153-4.plesk.page\/producto\/sensores-de-nivel-de-agua-e-combustivel-em-aco-inoxidavel-ecms-12-24v-0-190ohm-1000mm\/"},"modified":"2026-02-25T00:28:05","modified_gmt":"2026-02-25T00:28:05","slug":"sensores-de-nivel-de-agua-e-combustivel-em-aco-inoxidavel-ecms-12-24v-0-190ohm-1000mm","status":"publish","type":"product","link":"https:\/\/stoic-curie.212-227-153-4.plesk.page\/pt\/product\/sensores-de-nivel-de-agua-e-combustivel-em-aco-inoxidavel-ecms-12-24v-0-190ohm-1000mm\/","title":{"rendered":"Sensores de N\u00edvel de \u00c1gua e Combust\u00edvel em A\u00e7o Inoxid\u00e1vel ECMS 12-24v \/ 0-190ohm &#8211; 1000mm"},"content":{"rendered":"<p>Sensores de N\u00edvel de \u00c1gua e Combust\u00edvel em A\u00e7o Inoxid\u00e1vel ECMS 12-24v \/ 0-190ohm &#8211; 1000mm &#8211; <\/p>\n<p>Sensores de n\u00edvel de \u00e1gua e combust\u00edvel em a\u00e7o inoxid\u00e1vel 316. Tipo VDO com 5 furos, di\u00e2metro do flange de 54 mm. Fonte de alimenta\u00e7\u00e3o 12\/24V. Imped\u00e2ncia m\u00e9dia de 0 &#8211; 190 Ohm.<\/p>\n","protected":false},"excerpt":{"rendered":"<p>Sensores de N\u00edvel de \u00c1gua e Combust\u00edvel em A\u00e7o Inoxid\u00e1vel ECMS 12-24v \/ 0-190ohm &#8211; 1000mm &#8211; Sensores de n\u00edvel<\/p>\n","protected":false},"featured_media":5942459,"comment_status":"open","ping_status":"closed","template":"","meta":[],"product_brand":[2912],"product_cat":[2069,1945],"product_tag":[],"class_list":{"0":"post-749110","1":"product","2":"type-product","3":"status-publish","4":"has-post-thumbnail","6":"product_brand-ecms-marine-pt","7":"product_cat-indicadores-de-nivel-de-combustivel","8":"product_cat-medidores-do-nivel-de-agua","10":"first","11":"instock","12":"shipping-taxable","13":"purchasable","14":"product-type-simple"},"_links":{"self":[{"href":"https:\/\/stoic-curie.212-227-153-4.plesk.page\/pt\/wp-json\/wp\/v2\/product\/749110","targetHints":{"allow":["GET"]}}],"collection":[{"href":"https:\/\/stoic-curie.212-227-153-4.plesk.page\/pt\/wp-json\/wp\/v2\/product"}],"about":[{"href":"https:\/\/stoic-curie.212-227-153-4.plesk.page\/pt\/wp-json\/wp\/v2\/types\/product"}],"replies":[{"embeddable":true,"href":"https:\/\/stoic-curie.212-227-153-4.plesk.page\/pt\/wp-json\/wp\/v2\/comments?post=749110"}],"version-history":[{"count":0,"href":"https:\/\/stoic-curie.212-227-153-4.plesk.page\/pt\/wp-json\/wp\/v2\/product\/749110\/revisions"}],"wp:featuredmedia":[{"embeddable":true,"href":"https:\/\/stoic-curie.212-227-153-4.plesk.page\/pt\/wp-json\/wp\/v2\/media\/5942459"}],"wp:attachment":[{"href":"https:\/\/stoic-curie.212-227-153-4.plesk.page\/pt\/wp-json\/wp\/v2\/media?parent=749110"}],"wp:term":[{"taxonomy":"product_brand","embeddable":true,"href":"https:\/\/stoic-curie.212-227-153-4.plesk.page\/pt\/wp-json\/wp\/v2\/product_brand?post=749110"},{"taxonomy":"product_cat","embeddable":true,"href":"https:\/\/stoic-curie.212-227-153-4.plesk.page\/pt\/wp-json\/wp\/v2\/product_cat?post=749110"},{"taxonomy":"product_tag","embeddable":true,"href":"https:\/\/stoic-curie.212-227-153-4.plesk.page\/pt\/wp-json\/wp\/v2\/product_tag?post=749110"}],"curies":[{"name":"wp","href":"https:\/\/api.w.org\/{rel}","templated":true}]}}