{"id":749113,"date":"2025-03-03T21:15:05","date_gmt":"2025-03-03T20:15:05","guid":{"rendered":"https:\/\/stoic-curie.212-227-153-4.plesk.page\/producto\/inversor-de-onda-sinusoidal-nvp-2000-24-2000wt-24v\/"},"modified":"2026-02-25T00:28:05","modified_gmt":"2026-02-25T00:28:05","slug":"inversor-de-onda-sinusoidal-nvp-2000-24-2000wt-24v","status":"publish","type":"product","link":"https:\/\/stoic-curie.212-227-153-4.plesk.page\/pt\/product\/inversor-de-onda-sinusoidal-nvp-2000-24-2000wt-24v\/","title":{"rendered":"Inversor de Onda Sinusoidal NVP-2000\/24 2000wt 24V"},"content":{"rendered":"<p>Inversor de Onda Sinusoidal NVP-2000\/24 2000wt 24V &#8211; <\/p>\n<p>Inversor de pot\u00eancia ES100 de alta efici\u00eancia com onda senoidal verdadeira, que converte a corrente cont\u00ednua de 12\/24 V da bateria em corrente alternada de 220 V. Efici\u00eancia de convers\u00e3o de 90% com n\u00e3o mais de 3% de distor\u00e7\u00e3o harm\u00f4nica. Perfeito para alimentar todos os dispositivos eletr\u00f4nicos e el\u00e9tricos sens\u00edveis. O valor indicado em watts \u00e9 cont\u00ednuo.<\/p>\n","protected":false},"excerpt":{"rendered":"<p>Inversor de Onda Sinusoidal NVP-2000\/24 2000wt 24V &#8211; Inversor de pot\u00eancia ES100 de alta efici\u00eancia com onda senoidal verdadeira, que<\/p>\n","protected":false},"featured_media":5942460,"comment_status":"open","ping_status":"closed","template":"","meta":[],"product_brand":[2832],"product_cat":[2029],"product_tag":[],"class_list":{"0":"post-749113","1":"product","2":"type-product","3":"status-publish","4":"has-post-thumbnail","6":"product_brand-blue-sea-systems-pt","7":"product_cat-inversores-de-corrente","9":"first","10":"instock","11":"shipping-taxable","12":"purchasable","13":"product-type-simple"},"_links":{"self":[{"href":"https:\/\/stoic-curie.212-227-153-4.plesk.page\/pt\/wp-json\/wp\/v2\/product\/749113","targetHints":{"allow":["GET"]}}],"collection":[{"href":"https:\/\/stoic-curie.212-227-153-4.plesk.page\/pt\/wp-json\/wp\/v2\/product"}],"about":[{"href":"https:\/\/stoic-curie.212-227-153-4.plesk.page\/pt\/wp-json\/wp\/v2\/types\/product"}],"replies":[{"embeddable":true,"href":"https:\/\/stoic-curie.212-227-153-4.plesk.page\/pt\/wp-json\/wp\/v2\/comments?post=749113"}],"version-history":[{"count":0,"href":"https:\/\/stoic-curie.212-227-153-4.plesk.page\/pt\/wp-json\/wp\/v2\/product\/749113\/revisions"}],"wp:featuredmedia":[{"embeddable":true,"href":"https:\/\/stoic-curie.212-227-153-4.plesk.page\/pt\/wp-json\/wp\/v2\/media\/5942460"}],"wp:attachment":[{"href":"https:\/\/stoic-curie.212-227-153-4.plesk.page\/pt\/wp-json\/wp\/v2\/media?parent=749113"}],"wp:term":[{"taxonomy":"product_brand","embeddable":true,"href":"https:\/\/stoic-curie.212-227-153-4.plesk.page\/pt\/wp-json\/wp\/v2\/product_brand?post=749113"},{"taxonomy":"product_cat","embeddable":true,"href":"https:\/\/stoic-curie.212-227-153-4.plesk.page\/pt\/wp-json\/wp\/v2\/product_cat?post=749113"},{"taxonomy":"product_tag","embeddable":true,"href":"https:\/\/stoic-curie.212-227-153-4.plesk.page\/pt\/wp-json\/wp\/v2\/product_tag?post=749113"}],"curies":[{"name":"wp","href":"https:\/\/api.w.org\/{rel}","templated":true}]}}