{"id":749121,"date":"2025-03-03T21:15:08","date_gmt":"2025-03-03T20:15:08","guid":{"rendered":"https:\/\/stoic-curie.212-227-153-4.plesk.page\/producto\/painel-eletrico-preto-com-4-interruptores-testador-de-bateria-e-tomada-usb-114-x-a191mm\/"},"modified":"2026-02-25T00:28:05","modified_gmt":"2026-02-25T00:28:05","slug":"painel-eletrico-preto-com-4-interruptores-testador-de-bateria-e-tomada-usb-114-x-a191mm","status":"publish","type":"product","link":"https:\/\/stoic-curie.212-227-153-4.plesk.page\/pt\/product\/painel-eletrico-preto-com-4-interruptores-testador-de-bateria-e-tomada-usb-114-x-a191mm\/","title":{"rendered":"Painel El\u00e9trico Preto com 4 Interruptores, Testador de Bateria e Tomada USB 114 x A191mm"},"content":{"rendered":"<p>Painel El\u00e9trico Preto com 4 Interruptores, Testador de Bateria e Tomada USB 114 x A191mm &#8211; <\/p>\n<p>Pain\u00e9is compactos de alum\u00ednio IP66 \u00e0 prova d&#8217;\u00e1gua de 12\/24V de qualidade superior. Com cabos, com interruptores \u00e0 prova d&#8217;\u00e1gua equipados com luzes piloto LED vermelhas e disjuntores com capas de borracha. O primeiro interruptor \u00e9 (ON)-OFF para a buzina. Completo com 30 etiquetas pr\u00e9-impressas que podem ser aplicadas em m\u00f3dulos iluminados por LED. Montagem vertical ou horizontal.<\/p>\n","protected":false},"excerpt":{"rendered":"<p>Painel El\u00e9trico Preto com 4 Interruptores, Testador de Bateria e Tomada USB 114 x A191mm &#8211; Pain\u00e9is compactos de alum\u00ednio<\/p>\n","protected":false},"featured_media":5942477,"comment_status":"open","ping_status":"closed","template":"","meta":[],"product_brand":[2832],"product_cat":[2033],"product_tag":[],"class_list":{"0":"post-749121","1":"product","2":"type-product","3":"status-publish","4":"has-post-thumbnail","6":"product_brand-blue-sea-systems-pt","7":"product_cat-quadros-eletricos","9":"first","10":"instock","11":"shipping-taxable","12":"purchasable","13":"product-type-simple"},"_links":{"self":[{"href":"https:\/\/stoic-curie.212-227-153-4.plesk.page\/pt\/wp-json\/wp\/v2\/product\/749121","targetHints":{"allow":["GET"]}}],"collection":[{"href":"https:\/\/stoic-curie.212-227-153-4.plesk.page\/pt\/wp-json\/wp\/v2\/product"}],"about":[{"href":"https:\/\/stoic-curie.212-227-153-4.plesk.page\/pt\/wp-json\/wp\/v2\/types\/product"}],"replies":[{"embeddable":true,"href":"https:\/\/stoic-curie.212-227-153-4.plesk.page\/pt\/wp-json\/wp\/v2\/comments?post=749121"}],"version-history":[{"count":0,"href":"https:\/\/stoic-curie.212-227-153-4.plesk.page\/pt\/wp-json\/wp\/v2\/product\/749121\/revisions"}],"wp:featuredmedia":[{"embeddable":true,"href":"https:\/\/stoic-curie.212-227-153-4.plesk.page\/pt\/wp-json\/wp\/v2\/media\/5942477"}],"wp:attachment":[{"href":"https:\/\/stoic-curie.212-227-153-4.plesk.page\/pt\/wp-json\/wp\/v2\/media?parent=749121"}],"wp:term":[{"taxonomy":"product_brand","embeddable":true,"href":"https:\/\/stoic-curie.212-227-153-4.plesk.page\/pt\/wp-json\/wp\/v2\/product_brand?post=749121"},{"taxonomy":"product_cat","embeddable":true,"href":"https:\/\/stoic-curie.212-227-153-4.plesk.page\/pt\/wp-json\/wp\/v2\/product_cat?post=749121"},{"taxonomy":"product_tag","embeddable":true,"href":"https:\/\/stoic-curie.212-227-153-4.plesk.page\/pt\/wp-json\/wp\/v2\/product_tag?post=749121"}],"curies":[{"name":"wp","href":"https:\/\/api.w.org\/{rel}","templated":true}]}}