{"id":749125,"date":"2025-03-03T21:15:09","date_gmt":"2025-03-03T20:15:09","guid":{"rendered":"https:\/\/stoic-curie.212-227-153-4.plesk.page\/producto\/arrefecedor-de-oleo-bowman-eh100-3401-2\/"},"modified":"2026-02-25T00:28:05","modified_gmt":"2026-02-25T00:28:05","slug":"arrefecedor-de-oleo-bowman-eh100-3401-2","status":"publish","type":"product","link":"https:\/\/stoic-curie.212-227-153-4.plesk.page\/pt\/product\/arrefecedor-de-oleo-bowman-eh100-3401-2\/","title":{"rendered":"Arrefecedor de \u00f3leo Bowman eh100-3401-2"},"content":{"rendered":"<p>Arrefecedor de \u00f3leo Bowman eh100-3401-2 &#8211; <\/p>\n<p style=\"color: rgb(34, 34, 34); font-family: Arial, Helvetica, sans-serif; font-size: small;\">O trocador de calor Bowman EH100-3401-2 \u00e9 projetado especificamente para motores com uma pot\u00eancia de 40 kW (54 HP). Ele vem equipado com capas de extremidade que resistem \u00e0 corros\u00e3o, garantindo uma maior durabilidade.<\/p>\n<p style=\"color: rgb(34, 34, 34); font-family: Arial, Helvetica, sans-serif; font-size: small;\">Este trocador de calor apresenta tubos internos feitos de liga de n\u00edquel, capazes de suportar \u00e1gua do mar e produtos qu\u00edmicos agressivos, utilizando um design de tr\u00eas passagens para otimizar a efici\u00eancia da transfer\u00eancia de calor.<\/p>\n<p style=\"color: rgb(34, 34, 34); font-family: Arial, Helvetica, sans-serif; font-size: small;\">Inclui conex\u00f5es para entrada e sa\u00edda de \u00e1gua bruta, ambas projetadas com um tamanho de 3\/4&#8243; BSP.<\/p>\n<p style=\"color: rgb(34, 34, 34); font-family: Arial, Helvetica, sans-serif; font-size: small;\">Por favor, esteja ciente de que o trocador de calor \u00e9 fornecido com flanges contr\u00e1rias, parafusos de fixa\u00e7\u00e3o e juntas destinadas ao circuito de \u00e1gua doce. Voc\u00ea precisar\u00e1 estabelecer conex\u00f5es adequadas para a entrada e sa\u00edda de resfriamento de \u00e1gua doce.<\/p>\n<p style=\"color: rgb(34, 34, 34); font-family: Arial, Helvetica, sans-serif; font-size: small;\">A Bowman recomenda n\u00e3o usar \u00e2nodos de zinco, pois os tubos de liga de cobre-n\u00edquel do trocador de calor n\u00e3o os necessitam. A instala\u00e7\u00e3o de um \u00e2nodo de zinco pode potencialmente danificar a camada protetora de \u00f3xido de cobre nos tubos, o que pode levar \u00e0 corros\u00e3o do material.<\/p>\n<p style=\"color: rgb(34, 34, 34); font-family: Arial, Helvetica, sans-serif; font-size: small;\"><strong>Especifica\u00e7\u00f5es:<\/strong><\/p>\n<ul style=\"color: rgb(34, 34, 34); font-family: Arial, Helvetica, sans-serif; font-size: small;\">\n<li><strong>Volume de \u00c1gua Bruta:<\/strong>&nbsp;0,45 litros<\/li>\n<li><strong>Volume de \u00c1gua do Motor:<\/strong>&nbsp;1,30 litros<\/li>\n<li><strong>Capacidade do Tanque Superior:<\/strong>&nbsp;0,90 litros<\/li>\n<li><strong>Altura:<\/strong>&nbsp;200 mm (incluindo tampa de press\u00e3o)<\/li>\n<li><strong>Comprimento:<\/strong>&nbsp;260 mm<\/li>\n<li><strong>Material:<\/strong>&nbsp;Corpo de Alum\u00ednio LM6M, pilha de tubos de cupron\u00edquel e capas de extremidade compostas<\/li>\n<li><strong>Temperatura M\u00e1xima de Opera\u00e7\u00e3o:<\/strong>&nbsp;100\u00b0C<\/li>\n<li><strong>Largura:<\/strong>&nbsp;110 mm<\/li>\n<li><strong>Marca:<\/strong>&nbsp;Bowman<\/li>\n<li><strong>Pa\u00eds de Origem:<\/strong>&nbsp;Reino Unido<\/li>\n<li><strong>Centros dos Furos de Montagem:<\/strong>&nbsp;80 mm x 52 mm<\/li>\n<li><strong>Press\u00e3o M\u00e1xima da \u00c1gua do Motor:<\/strong>&nbsp;1 bar (dependente da classifica\u00e7\u00e3o da tampa de enchimento)<\/li>\n<li><strong>Tamanho do Furo de Fixa\u00e7\u00e3o:<\/strong>&nbsp;M8 x 12<\/li>\n<li><strong>Pot\u00eancia M\u00e1xima:<\/strong>&nbsp;54 HP (40 kW)<\/li>\n<li><strong>Tamanho da Porta de Entrada\/Sa\u00edda:<\/strong>&nbsp;Entrada de \u00c1gua Bruta: 3\/4&#8243; BSP, Sa\u00edda de \u00c1gua Bruta: 3\/4&#8243; BSP, Bore da Porta de \u00c1gua do Motor: 30 mm<\/li>\n<li><strong>Modelo:<\/strong>&nbsp;EH100-3401-2<\/li>\n<li><strong>Classifica\u00e7\u00e3o de Press\u00e3o:<\/strong>&nbsp;Tampa de Enchimento: 10,8 PSI (0,75 Bar \/ 75 kPa)<\/li>\n<li><strong>Fluxo M\u00e1ximo de \u00c1gua Bruta:<\/strong>&nbsp;54 litros por minuto<\/li>\n<li><strong>Press\u00e3o M\u00e1xima de \u00c1gua Bruta:<\/strong>&nbsp;15 bar<\/li>\n<\/ul>\n","protected":false},"excerpt":{"rendered":"<p>Arrefecedor de \u00f3leo Bowman eh100-3401-2 &#8211; O trocador de calor Bowman EH100-3401-2 \u00e9 projetado especificamente para motores com uma pot\u00eancia<\/p>\n","protected":false},"featured_media":5943781,"comment_status":"open","ping_status":"closed","template":"","meta":[],"product_brand":[2847],"product_cat":[2077],"product_tag":[],"class_list":{"0":"post-749125","1":"product","2":"type-product","3":"status-publish","4":"has-post-thumbnail","6":"product_brand-bowman-pt","7":"product_cat-permutadores-de-calor-e-arrefecedores-a-oleo","9":"first","10":"instock","11":"shipping-taxable","12":"purchasable","13":"product-type-simple"},"_links":{"self":[{"href":"https:\/\/stoic-curie.212-227-153-4.plesk.page\/pt\/wp-json\/wp\/v2\/product\/749125","targetHints":{"allow":["GET"]}}],"collection":[{"href":"https:\/\/stoic-curie.212-227-153-4.plesk.page\/pt\/wp-json\/wp\/v2\/product"}],"about":[{"href":"https:\/\/stoic-curie.212-227-153-4.plesk.page\/pt\/wp-json\/wp\/v2\/types\/product"}],"replies":[{"embeddable":true,"href":"https:\/\/stoic-curie.212-227-153-4.plesk.page\/pt\/wp-json\/wp\/v2\/comments?post=749125"}],"version-history":[{"count":0,"href":"https:\/\/stoic-curie.212-227-153-4.plesk.page\/pt\/wp-json\/wp\/v2\/product\/749125\/revisions"}],"wp:featuredmedia":[{"embeddable":true,"href":"https:\/\/stoic-curie.212-227-153-4.plesk.page\/pt\/wp-json\/wp\/v2\/media\/5943781"}],"wp:attachment":[{"href":"https:\/\/stoic-curie.212-227-153-4.plesk.page\/pt\/wp-json\/wp\/v2\/media?parent=749125"}],"wp:term":[{"taxonomy":"product_brand","embeddable":true,"href":"https:\/\/stoic-curie.212-227-153-4.plesk.page\/pt\/wp-json\/wp\/v2\/product_brand?post=749125"},{"taxonomy":"product_cat","embeddable":true,"href":"https:\/\/stoic-curie.212-227-153-4.plesk.page\/pt\/wp-json\/wp\/v2\/product_cat?post=749125"},{"taxonomy":"product_tag","embeddable":true,"href":"https:\/\/stoic-curie.212-227-153-4.plesk.page\/pt\/wp-json\/wp\/v2\/product_tag?post=749125"}],"curies":[{"name":"wp","href":"https:\/\/api.w.org\/{rel}","templated":true}]}}