{"id":749126,"date":"2025-03-03T21:15:09","date_gmt":"2025-03-03T20:15:09","guid":{"rendered":"https:\/\/stoic-curie.212-227-153-4.plesk.page\/producto\/arrefecedor-de-oleo-bowman-eh200-3401-3\/"},"modified":"2026-02-25T00:28:05","modified_gmt":"2026-02-25T00:28:05","slug":"arrefecedor-de-oleo-bowman-eh200-3401-3","status":"publish","type":"product","link":"https:\/\/stoic-curie.212-227-153-4.plesk.page\/pt\/product\/arrefecedor-de-oleo-bowman-eh200-3401-3\/","title":{"rendered":"Arrefecedor Bowman eh200-3401-3"},"content":{"rendered":"<p>Arrefecedor Bowman eh200-3401-3 &#8211; <\/p>\n<p>O trocador de calor Bowman EH200-3401-3 \u00e9 projetado especificamente para motores que produzem uma pot\u00eancia de 52 kW ou 70 HP. Ele vem equipado com conex\u00f5es de entrada e sa\u00edda de \u00e1gua crua, ambas medindo 3\/4&#8243; BSP.<\/p>\n<p>Al\u00e9m do trocador de calor, voc\u00ea receber\u00e1 flanges, parafusos e juntas necess\u00e1rias para o circuito de \u00e1gua doce. \u00c9 importante estabelecer conex\u00f5es adequadas para ambas as entradas e sa\u00eddas do refrigerante de \u00e1gua doce.<\/p>\n<p>Por favor, note que este trocador de calor pode ser fornecido com tampas de extremidade de comp\u00f3sito ou lat\u00e3o, dependendo do que estiver dispon\u00edvel no momento da compra.<\/p>\n<p>A Bowman recomenda n\u00e3o usar \u00e2nodos de zinco. Os tubos do trocador de calor s\u00e3o constru\u00eddos a partir de uma liga de cobre-n\u00edquel, que n\u00e3o necessita de um \u00e2nodo de zinco. A instala\u00e7\u00e3o de um \u00e2nodo de zinco pode potencialmente danificar a camada protetora de \u00f3xido de cobre nos tubos, o que pode resultar em corros\u00e3o.<\/p>\n<p><strong>Especifica\u00e7\u00f5es:<\/strong><\/p>\n<ul>\n<li><strong>Volume de \u00c1gua Cruda:<\/strong> 0,60 Litros<\/li>\n<li><strong>Volume de \u00c1gua do Motor:<\/strong> 2,20 Litros<\/li>\n<li><strong>Capacidade do Tanque Cabe\u00e7a:<\/strong> 1,32 Litros<\/li>\n<li><strong>Altura:<\/strong> 200 mm (incluindo a tampa de press\u00e3o)<\/li>\n<li><strong>Comprimento:<\/strong> 346 mm<\/li>\n<li><strong>Material:<\/strong> Corpo em Alum\u00ednio LM6M, tubos em cupro-n\u00edquel e tampas de lat\u00e3o<\/li>\n<li><strong>Temperatura M\u00e1xima de Opera\u00e7\u00e3o:<\/strong> 100\u00b0C<\/li>\n<li><strong>Largura:<\/strong> 110 mm<\/li>\n<li><strong>Marca:<\/strong> Bowman<\/li>\n<li><strong>Pa\u00eds de Origem:<\/strong> Reino Unido<\/li>\n<li><strong>Dimens\u00f5es do Furo de Montagem:<\/strong> 120 mm x 52 mm<\/li>\n<li><strong>Press\u00e3o M\u00e1xima de \u00c1gua do Motor:<\/strong> 1 bar (dependente da classifica\u00e7\u00e3o da tampa de enchimento)<\/li>\n<li><strong>Tamanho do Furo de Fixa\u00e7\u00e3o:<\/strong> M8 x 12<\/li>\n<li><strong>Pot\u00eancia M\u00e1xima:<\/strong> 70 HP (52 kW)<\/li>\n<li><strong>Tamanho do Porto de Entrada\/Sa\u00edda:<\/strong> Entrada de \u00c1gua Cruda: 3\/4&#8243; BSP, Sa\u00edda de \u00c1gua Cruda: 3\/4&#8243; BSP, Bore do Porto de \u00c1gua do Motor: 30 mm<\/li>\n<li><strong>Modelo:<\/strong> EH200-3401-3<\/li>\n<li><strong>Classifica\u00e7\u00e3o de Press\u00e3o:<\/strong> Tampa de Enchimento: 10.8 PSI (0.75 Bar \/ 75 kPa)<\/li>\n<li><strong>Fluxo M\u00e1ximo de \u00c1gua Cruda:<\/strong> 54 litros por minuto<\/li>\n<li><strong>Press\u00e3o M\u00e1xima de \u00c1gua Cruda:<\/strong> 15 bar<\/li>\n<\/ul>\n<p>Essas informa\u00e7\u00f5es devem ajud\u00e1-lo a compreender as caracter\u00edsticas e requisitos do trocador de calor Bowman EH200-3401-3<\/p>\n","protected":false},"excerpt":{"rendered":"<p>Arrefecedor Bowman eh200-3401-3 &#8211; O trocador de calor Bowman EH200-3401-3 \u00e9 projetado especificamente para motores que produzem uma pot\u00eancia de<\/p>\n","protected":false},"featured_media":5943784,"comment_status":"open","ping_status":"closed","template":"","meta":[],"product_brand":[2847],"product_cat":[2077],"product_tag":[],"class_list":{"0":"post-749126","1":"product","2":"type-product","3":"status-publish","4":"has-post-thumbnail","6":"product_brand-bowman-pt","7":"product_cat-permutadores-de-calor-e-arrefecedores-a-oleo","9":"first","10":"instock","11":"shipping-taxable","12":"purchasable","13":"product-type-simple"},"_links":{"self":[{"href":"https:\/\/stoic-curie.212-227-153-4.plesk.page\/pt\/wp-json\/wp\/v2\/product\/749126","targetHints":{"allow":["GET"]}}],"collection":[{"href":"https:\/\/stoic-curie.212-227-153-4.plesk.page\/pt\/wp-json\/wp\/v2\/product"}],"about":[{"href":"https:\/\/stoic-curie.212-227-153-4.plesk.page\/pt\/wp-json\/wp\/v2\/types\/product"}],"replies":[{"embeddable":true,"href":"https:\/\/stoic-curie.212-227-153-4.plesk.page\/pt\/wp-json\/wp\/v2\/comments?post=749126"}],"version-history":[{"count":0,"href":"https:\/\/stoic-curie.212-227-153-4.plesk.page\/pt\/wp-json\/wp\/v2\/product\/749126\/revisions"}],"wp:featuredmedia":[{"embeddable":true,"href":"https:\/\/stoic-curie.212-227-153-4.plesk.page\/pt\/wp-json\/wp\/v2\/media\/5943784"}],"wp:attachment":[{"href":"https:\/\/stoic-curie.212-227-153-4.plesk.page\/pt\/wp-json\/wp\/v2\/media?parent=749126"}],"wp:term":[{"taxonomy":"product_brand","embeddable":true,"href":"https:\/\/stoic-curie.212-227-153-4.plesk.page\/pt\/wp-json\/wp\/v2\/product_brand?post=749126"},{"taxonomy":"product_cat","embeddable":true,"href":"https:\/\/stoic-curie.212-227-153-4.plesk.page\/pt\/wp-json\/wp\/v2\/product_cat?post=749126"},{"taxonomy":"product_tag","embeddable":true,"href":"https:\/\/stoic-curie.212-227-153-4.plesk.page\/pt\/wp-json\/wp\/v2\/product_tag?post=749126"}],"curies":[{"name":"wp","href":"https:\/\/api.w.org\/{rel}","templated":true}]}}