{"id":749663,"date":"2025-03-03T22:23:35","date_gmt":"2025-03-03T21:23:35","guid":{"rendered":"https:\/\/stoic-curie.212-227-153-4.plesk.page\/producto\/casaco-helly-hansen-storm-990-laranja-tamanho-xxl\/"},"modified":"2026-02-25T00:28:09","modified_gmt":"2026-02-25T00:28:09","slug":"casaco-helly-hansen-storm-990-laranja-tamanho-xxl","status":"publish","type":"product","link":"https:\/\/stoic-curie.212-227-153-4.plesk.page\/pt\/product\/casaco-helly-hansen-storm-990-laranja-tamanho-xxl\/","title":{"rendered":"Casaco Helly Hansen Storm 990 Laranja (Tamanho: XXL)"},"content":{"rendered":"<p>Casaco Helly Hansen Storm 990 Laranja (Tamanho: XXL) &#8211; <\/p>\n<p>A Jaqueta de Chuva Helly Hansen Storm \u00e9 feita de tecido de poli\u00e9ster de 310 g\/m\u00b2 com revestimento em PVC, ideal para proteger-se da \u00e1gua durante a pesca ou qualquer outra atividade a bordo ou no conv\u00e9s. Possui uma aba frontal dupla em tecido principal, um bolso interno com z\u00edper e orif\u00edcios para fones de ouvido, sem costuras nos ombros, capuz com ajuste por cord\u00e3o, punhos em neoprene e um la\u00e7o para cart\u00e3o de identifica\u00e7\u00e3o.<\/p>\n","protected":false},"excerpt":{"rendered":"<p>Casaco Helly Hansen Storm 990 Laranja (Tamanho: XXL) &#8211; A Jaqueta de Chuva Helly Hansen Storm \u00e9 feita de tecido<\/p>\n","protected":false},"featured_media":5944557,"comment_status":"open","ping_status":"closed","template":"","meta":[],"product_brand":[3002],"product_cat":[2144],"product_tag":[],"class_list":{"0":"post-749663","1":"product","2":"type-product","3":"status-publish","4":"has-post-thumbnail","6":"product_brand-helly-hansen-pt","7":"product_cat-vestuario-helly-hansen","9":"first","10":"instock","11":"shipping-taxable","12":"purchasable","13":"product-type-simple"},"_links":{"self":[{"href":"https:\/\/stoic-curie.212-227-153-4.plesk.page\/pt\/wp-json\/wp\/v2\/product\/749663","targetHints":{"allow":["GET"]}}],"collection":[{"href":"https:\/\/stoic-curie.212-227-153-4.plesk.page\/pt\/wp-json\/wp\/v2\/product"}],"about":[{"href":"https:\/\/stoic-curie.212-227-153-4.plesk.page\/pt\/wp-json\/wp\/v2\/types\/product"}],"replies":[{"embeddable":true,"href":"https:\/\/stoic-curie.212-227-153-4.plesk.page\/pt\/wp-json\/wp\/v2\/comments?post=749663"}],"version-history":[{"count":0,"href":"https:\/\/stoic-curie.212-227-153-4.plesk.page\/pt\/wp-json\/wp\/v2\/product\/749663\/revisions"}],"wp:featuredmedia":[{"embeddable":true,"href":"https:\/\/stoic-curie.212-227-153-4.plesk.page\/pt\/wp-json\/wp\/v2\/media\/5944557"}],"wp:attachment":[{"href":"https:\/\/stoic-curie.212-227-153-4.plesk.page\/pt\/wp-json\/wp\/v2\/media?parent=749663"}],"wp:term":[{"taxonomy":"product_brand","embeddable":true,"href":"https:\/\/stoic-curie.212-227-153-4.plesk.page\/pt\/wp-json\/wp\/v2\/product_brand?post=749663"},{"taxonomy":"product_cat","embeddable":true,"href":"https:\/\/stoic-curie.212-227-153-4.plesk.page\/pt\/wp-json\/wp\/v2\/product_cat?post=749663"},{"taxonomy":"product_tag","embeddable":true,"href":"https:\/\/stoic-curie.212-227-153-4.plesk.page\/pt\/wp-json\/wp\/v2\/product_tag?post=749663"}],"curies":[{"name":"wp","href":"https:\/\/api.w.org\/{rel}","templated":true}]}}