{"id":749678,"date":"2025-03-03T22:23:39","date_gmt":"2025-03-03T21:23:39","guid":{"rendered":"https:\/\/stoic-curie.212-227-153-4.plesk.page\/producto\/casaco-para-chuva-helly-hansen-gale-azul-tamanho-m\/"},"modified":"2026-02-25T00:28:09","modified_gmt":"2026-02-25T00:28:09","slug":"casaco-para-chuva-helly-hansen-gale-azul-tamanho-m","status":"publish","type":"product","link":"https:\/\/stoic-curie.212-227-153-4.plesk.page\/pt\/product\/casaco-para-chuva-helly-hansen-gale-azul-tamanho-m\/","title":{"rendered":"Casaco para Chuva Helly Hansen Gale Azul &#8211; Tamanho M"},"content":{"rendered":"<p>Casaco para Chuva Helly Hansen Gale Azul &#8211; Tamanho M &#8211; <\/p>\n<p>A jaqueta de chuva Helly Hansen Gale \u00e9 feita de tecido de poli\u00e9ster de 240 g\/m\u00b2 com revestimento de PU, ideal para proteger voc\u00ea da \u00e1gua durante a pesca ou qualquer outra atividade a bordo ou no conv\u00e9s. Possui aba frontal de tecido principal dupla, bolso interno com z\u00edper com furos para fones de ouvido, duas frontais, capuz com ajuste de cord\u00e3o, punhos de neoprene, barra inferior ajust\u00e1vel com cord\u00e3o e um la\u00e7o para crach\u00e1 de identifica\u00e7\u00e3o.<\/p>\n","protected":false},"excerpt":{"rendered":"<p>Casaco para Chuva Helly Hansen Gale Azul &#8211; Tamanho M &#8211; A jaqueta de chuva Helly Hansen Gale \u00e9 feita<\/p>\n","protected":false},"featured_media":5944567,"comment_status":"open","ping_status":"closed","template":"","meta":[],"product_brand":[3002],"product_cat":[2144],"product_tag":[],"class_list":{"0":"post-749678","1":"product","2":"type-product","3":"status-publish","4":"has-post-thumbnail","6":"product_brand-helly-hansen-pt","7":"product_cat-vestuario-helly-hansen","9":"first","10":"instock","11":"shipping-taxable","12":"purchasable","13":"product-type-simple"},"_links":{"self":[{"href":"https:\/\/stoic-curie.212-227-153-4.plesk.page\/pt\/wp-json\/wp\/v2\/product\/749678","targetHints":{"allow":["GET"]}}],"collection":[{"href":"https:\/\/stoic-curie.212-227-153-4.plesk.page\/pt\/wp-json\/wp\/v2\/product"}],"about":[{"href":"https:\/\/stoic-curie.212-227-153-4.plesk.page\/pt\/wp-json\/wp\/v2\/types\/product"}],"replies":[{"embeddable":true,"href":"https:\/\/stoic-curie.212-227-153-4.plesk.page\/pt\/wp-json\/wp\/v2\/comments?post=749678"}],"version-history":[{"count":0,"href":"https:\/\/stoic-curie.212-227-153-4.plesk.page\/pt\/wp-json\/wp\/v2\/product\/749678\/revisions"}],"wp:featuredmedia":[{"embeddable":true,"href":"https:\/\/stoic-curie.212-227-153-4.plesk.page\/pt\/wp-json\/wp\/v2\/media\/5944567"}],"wp:attachment":[{"href":"https:\/\/stoic-curie.212-227-153-4.plesk.page\/pt\/wp-json\/wp\/v2\/media?parent=749678"}],"wp:term":[{"taxonomy":"product_brand","embeddable":true,"href":"https:\/\/stoic-curie.212-227-153-4.plesk.page\/pt\/wp-json\/wp\/v2\/product_brand?post=749678"},{"taxonomy":"product_cat","embeddable":true,"href":"https:\/\/stoic-curie.212-227-153-4.plesk.page\/pt\/wp-json\/wp\/v2\/product_cat?post=749678"},{"taxonomy":"product_tag","embeddable":true,"href":"https:\/\/stoic-curie.212-227-153-4.plesk.page\/pt\/wp-json\/wp\/v2\/product_tag?post=749678"}],"curies":[{"name":"wp","href":"https:\/\/api.w.org\/{rel}","templated":true}]}}