{"id":749679,"date":"2025-03-03T22:23:40","date_gmt":"2025-03-03T21:23:40","guid":{"rendered":"https:\/\/stoic-curie.212-227-153-4.plesk.page\/producto\/casaco-para-chuva-helly-hansen-gale-azul-tamanho-l\/"},"modified":"2026-02-25T00:28:09","modified_gmt":"2026-02-25T00:28:09","slug":"casaco-para-chuva-helly-hansen-gale-azul-tamanho-l","status":"publish","type":"product","link":"https:\/\/stoic-curie.212-227-153-4.plesk.page\/pt\/product\/casaco-para-chuva-helly-hansen-gale-azul-tamanho-l\/","title":{"rendered":"Casaco para Chuva Helly Hansen Gale Azul &#8211; Tamanho L"},"content":{"rendered":"<p>Casaco para Chuva Helly Hansen Gale Azul &#8211; Tamanho L &#8211; <\/p>\n<p>A jaqueta de chuva Helly Hansen Gale em tecido de poli\u00e9ster de 240 g\/m2 com revestimento de PU \u00e9 ideal para proteger-se da \u00e1gua durante a pesca ou qualquer outra atividade a bordo ou no conv\u00e9s. Possui aba frontal de tecido duplo, bolso interno com z\u00edper e furos para fones de ouvido, dois bolsos frontais, capuz com ajuste de cord\u00e3o, punhos em neoprene, barra inferior com ajuste de cord\u00e3o e la\u00e7o para crach\u00e1.<\/p>\n","protected":false},"excerpt":{"rendered":"<p>Casaco para Chuva Helly Hansen Gale Azul &#8211; Tamanho L &#8211; A jaqueta de chuva Helly Hansen Gale em tecido<\/p>\n","protected":false},"featured_media":5944567,"comment_status":"open","ping_status":"closed","template":"","meta":[],"product_brand":[3002],"product_cat":[2144],"product_tag":[],"class_list":{"0":"post-749679","1":"product","2":"type-product","3":"status-publish","4":"has-post-thumbnail","6":"product_brand-helly-hansen-pt","7":"product_cat-vestuario-helly-hansen","9":"first","10":"instock","11":"shipping-taxable","12":"purchasable","13":"product-type-simple"},"_links":{"self":[{"href":"https:\/\/stoic-curie.212-227-153-4.plesk.page\/pt\/wp-json\/wp\/v2\/product\/749679","targetHints":{"allow":["GET"]}}],"collection":[{"href":"https:\/\/stoic-curie.212-227-153-4.plesk.page\/pt\/wp-json\/wp\/v2\/product"}],"about":[{"href":"https:\/\/stoic-curie.212-227-153-4.plesk.page\/pt\/wp-json\/wp\/v2\/types\/product"}],"replies":[{"embeddable":true,"href":"https:\/\/stoic-curie.212-227-153-4.plesk.page\/pt\/wp-json\/wp\/v2\/comments?post=749679"}],"version-history":[{"count":0,"href":"https:\/\/stoic-curie.212-227-153-4.plesk.page\/pt\/wp-json\/wp\/v2\/product\/749679\/revisions"}],"wp:featuredmedia":[{"embeddable":true,"href":"https:\/\/stoic-curie.212-227-153-4.plesk.page\/pt\/wp-json\/wp\/v2\/media\/5944567"}],"wp:attachment":[{"href":"https:\/\/stoic-curie.212-227-153-4.plesk.page\/pt\/wp-json\/wp\/v2\/media?parent=749679"}],"wp:term":[{"taxonomy":"product_brand","embeddable":true,"href":"https:\/\/stoic-curie.212-227-153-4.plesk.page\/pt\/wp-json\/wp\/v2\/product_brand?post=749679"},{"taxonomy":"product_cat","embeddable":true,"href":"https:\/\/stoic-curie.212-227-153-4.plesk.page\/pt\/wp-json\/wp\/v2\/product_cat?post=749679"},{"taxonomy":"product_tag","embeddable":true,"href":"https:\/\/stoic-curie.212-227-153-4.plesk.page\/pt\/wp-json\/wp\/v2\/product_tag?post=749679"}],"curies":[{"name":"wp","href":"https:\/\/api.w.org\/{rel}","templated":true}]}}