{"id":749685,"date":"2025-03-03T22:23:42","date_gmt":"2025-03-03T21:23:42","guid":{"rendered":"https:\/\/stoic-curie.212-227-153-4.plesk.page\/producto\/calcas-para-chuva-helly-hansen-gale-laranja-tamanho-l\/"},"modified":"2026-02-25T00:28:09","modified_gmt":"2026-02-25T00:28:09","slug":"calcas-para-chuva-helly-hansen-gale-laranja-tamanho-l","status":"publish","type":"product","link":"https:\/\/stoic-curie.212-227-153-4.plesk.page\/pt\/product\/calcas-para-chuva-helly-hansen-gale-laranja-tamanho-l\/","title":{"rendered":"Cal\u00e7as para Chuva Helly Hansen Gale Laranja &#8211; Tamanho L"},"content":{"rendered":"<p>Cal\u00e7as para Chuva Helly Hansen Gale Laranja &#8211; Tamanho L &#8211; <\/p>\n<p>As cal\u00e7as de chuva Helly Hansen Gale, feitas de tecido de poli\u00e9ster de 240 g\/m\u00b2 com revestimento PU, s\u00e3o ideais para proteger voc\u00ea da \u00e1gua durante a pesca ou qualquer outra atividade a bordo ou no conv\u00e9s. Elas possuem ajuste el\u00e1stico e cord\u00e3o na cintura, al\u00e9m de ajuste da barra inferior com bot\u00f5es.<\/p>\n","protected":false},"excerpt":{"rendered":"<p>Cal\u00e7as para Chuva Helly Hansen Gale Laranja &#8211; Tamanho L &#8211; As cal\u00e7as de chuva Helly Hansen Gale, feitas de<\/p>\n","protected":false},"featured_media":5944572,"comment_status":"open","ping_status":"closed","template":"","meta":[],"product_brand":[3002],"product_cat":[2144],"product_tag":[],"class_list":{"0":"post-749685","1":"product","2":"type-product","3":"status-publish","4":"has-post-thumbnail","6":"product_brand-helly-hansen-pt","7":"product_cat-vestuario-helly-hansen","9":"first","10":"instock","11":"shipping-taxable","12":"purchasable","13":"product-type-simple"},"_links":{"self":[{"href":"https:\/\/stoic-curie.212-227-153-4.plesk.page\/pt\/wp-json\/wp\/v2\/product\/749685","targetHints":{"allow":["GET"]}}],"collection":[{"href":"https:\/\/stoic-curie.212-227-153-4.plesk.page\/pt\/wp-json\/wp\/v2\/product"}],"about":[{"href":"https:\/\/stoic-curie.212-227-153-4.plesk.page\/pt\/wp-json\/wp\/v2\/types\/product"}],"replies":[{"embeddable":true,"href":"https:\/\/stoic-curie.212-227-153-4.plesk.page\/pt\/wp-json\/wp\/v2\/comments?post=749685"}],"version-history":[{"count":0,"href":"https:\/\/stoic-curie.212-227-153-4.plesk.page\/pt\/wp-json\/wp\/v2\/product\/749685\/revisions"}],"wp:featuredmedia":[{"embeddable":true,"href":"https:\/\/stoic-curie.212-227-153-4.plesk.page\/pt\/wp-json\/wp\/v2\/media\/5944572"}],"wp:attachment":[{"href":"https:\/\/stoic-curie.212-227-153-4.plesk.page\/pt\/wp-json\/wp\/v2\/media?parent=749685"}],"wp:term":[{"taxonomy":"product_brand","embeddable":true,"href":"https:\/\/stoic-curie.212-227-153-4.plesk.page\/pt\/wp-json\/wp\/v2\/product_brand?post=749685"},{"taxonomy":"product_cat","embeddable":true,"href":"https:\/\/stoic-curie.212-227-153-4.plesk.page\/pt\/wp-json\/wp\/v2\/product_cat?post=749685"},{"taxonomy":"product_tag","embeddable":true,"href":"https:\/\/stoic-curie.212-227-153-4.plesk.page\/pt\/wp-json\/wp\/v2\/product_tag?post=749685"}],"curies":[{"name":"wp","href":"https:\/\/api.w.org\/{rel}","templated":true}]}}