{"id":749705,"date":"2025-03-03T22:23:48","date_gmt":"2025-03-03T21:23:48","guid":{"rendered":"https:\/\/stoic-curie.212-227-153-4.plesk.page\/producto\/saco-helly-hansen-scout-duffel-preto-50lt\/"},"modified":"2026-02-25T00:28:09","modified_gmt":"2026-02-25T00:28:09","slug":"saco-helly-hansen-scout-duffel-preto-50lt","status":"publish","type":"product","link":"https:\/\/stoic-curie.212-227-153-4.plesk.page\/pt\/product\/saco-helly-hansen-scout-duffel-preto-50lt\/","title":{"rendered":"Saco Helly Hansen Scout Duffel Preto 50lt"},"content":{"rendered":"<p>Saco Helly Hansen Scout Duffel Preto 50lt &#8211; <\/p>\n<p>Material principal resistente \u00e0 \u00e1gua Helly Hansen Scout Duffel com amplo compartimento de fechamento em z\u00edper, compartimento externo com z\u00edper, al\u00e7as acolchoadas com pega, resistentes al\u00e7as acolchoadas de cada lado e bolso interno dentro da tampa superior.<\/p>\n","protected":false},"excerpt":{"rendered":"<p>Saco Helly Hansen Scout Duffel Preto 50lt &#8211; Material principal resistente \u00e0 \u00e1gua Helly Hansen Scout Duffel com amplo compartimento<\/p>\n","protected":false},"featured_media":5944583,"comment_status":"open","ping_status":"closed","template":"","meta":[],"product_brand":[3002],"product_cat":[2142,2144],"product_tag":[],"class_list":{"0":"post-749705","1":"product","2":"type-product","3":"status-publish","4":"has-post-thumbnail","6":"product_brand-helly-hansen-pt","7":"product_cat-sacos-e-bolsas-estanques","8":"product_cat-vestuario-helly-hansen","10":"first","11":"instock","12":"shipping-taxable","13":"purchasable","14":"product-type-simple"},"_links":{"self":[{"href":"https:\/\/stoic-curie.212-227-153-4.plesk.page\/pt\/wp-json\/wp\/v2\/product\/749705","targetHints":{"allow":["GET"]}}],"collection":[{"href":"https:\/\/stoic-curie.212-227-153-4.plesk.page\/pt\/wp-json\/wp\/v2\/product"}],"about":[{"href":"https:\/\/stoic-curie.212-227-153-4.plesk.page\/pt\/wp-json\/wp\/v2\/types\/product"}],"replies":[{"embeddable":true,"href":"https:\/\/stoic-curie.212-227-153-4.plesk.page\/pt\/wp-json\/wp\/v2\/comments?post=749705"}],"version-history":[{"count":0,"href":"https:\/\/stoic-curie.212-227-153-4.plesk.page\/pt\/wp-json\/wp\/v2\/product\/749705\/revisions"}],"wp:featuredmedia":[{"embeddable":true,"href":"https:\/\/stoic-curie.212-227-153-4.plesk.page\/pt\/wp-json\/wp\/v2\/media\/5944583"}],"wp:attachment":[{"href":"https:\/\/stoic-curie.212-227-153-4.plesk.page\/pt\/wp-json\/wp\/v2\/media?parent=749705"}],"wp:term":[{"taxonomy":"product_brand","embeddable":true,"href":"https:\/\/stoic-curie.212-227-153-4.plesk.page\/pt\/wp-json\/wp\/v2\/product_brand?post=749705"},{"taxonomy":"product_cat","embeddable":true,"href":"https:\/\/stoic-curie.212-227-153-4.plesk.page\/pt\/wp-json\/wp\/v2\/product_cat?post=749705"},{"taxonomy":"product_tag","embeddable":true,"href":"https:\/\/stoic-curie.212-227-153-4.plesk.page\/pt\/wp-json\/wp\/v2\/product_tag?post=749705"}],"curies":[{"name":"wp","href":"https:\/\/api.w.org\/{rel}","templated":true}]}}