{"id":749721,"date":"2025-03-03T22:23:53","date_gmt":"2025-03-03T21:23:53","guid":{"rendered":"https:\/\/stoic-curie.212-227-153-4.plesk.page\/producto\/jardineiras-helly-hansen-mandal-laranja-tamanho-l\/"},"modified":"2026-02-25T00:28:09","modified_gmt":"2026-02-25T00:28:09","slug":"jardineiras-helly-hansen-mandal-laranja-tamanho-l","status":"publish","type":"product","link":"https:\/\/stoic-curie.212-227-153-4.plesk.page\/pt\/product\/jardineiras-helly-hansen-mandal-laranja-tamanho-l\/","title":{"rendered":"Jardineiras Helly Hansen Mandal Laranja &#8211; Tamanho L"},"content":{"rendered":"<p>Jardineiras Helly Hansen Mandal Laranja &#8211; Tamanho L &#8211; <\/p>\n<p>O Helly Hansen Mandal Bib \u00e9 feito de tecido de poli\u00e9ster 410 g\/m\u00b2 com revestimento de PU, ideal para proteger-se da \u00e1gua durante a pesca ou qualquer outra atividade a bordo ou no conv\u00e9s. Com um bolso interior frontal com z\u00edper, al\u00e7as el\u00e1sticas ajust\u00e1veis e ajuste da barra inferior com bot\u00f5es.<\/p>\n","protected":false},"excerpt":{"rendered":"<p>Jardineiras Helly Hansen Mandal Laranja &#8211; Tamanho L &#8211; O Helly Hansen Mandal Bib \u00e9 feito de tecido de poli\u00e9ster<\/p>\n","protected":false},"featured_media":5944595,"comment_status":"open","ping_status":"closed","template":"","meta":[],"product_brand":[3002],"product_cat":[2144],"product_tag":[],"class_list":{"0":"post-749721","1":"product","2":"type-product","3":"status-publish","4":"has-post-thumbnail","6":"product_brand-helly-hansen-pt","7":"product_cat-vestuario-helly-hansen","9":"first","10":"instock","11":"shipping-taxable","12":"purchasable","13":"product-type-simple"},"_links":{"self":[{"href":"https:\/\/stoic-curie.212-227-153-4.plesk.page\/pt\/wp-json\/wp\/v2\/product\/749721","targetHints":{"allow":["GET"]}}],"collection":[{"href":"https:\/\/stoic-curie.212-227-153-4.plesk.page\/pt\/wp-json\/wp\/v2\/product"}],"about":[{"href":"https:\/\/stoic-curie.212-227-153-4.plesk.page\/pt\/wp-json\/wp\/v2\/types\/product"}],"replies":[{"embeddable":true,"href":"https:\/\/stoic-curie.212-227-153-4.plesk.page\/pt\/wp-json\/wp\/v2\/comments?post=749721"}],"version-history":[{"count":0,"href":"https:\/\/stoic-curie.212-227-153-4.plesk.page\/pt\/wp-json\/wp\/v2\/product\/749721\/revisions"}],"wp:featuredmedia":[{"embeddable":true,"href":"https:\/\/stoic-curie.212-227-153-4.plesk.page\/pt\/wp-json\/wp\/v2\/media\/5944595"}],"wp:attachment":[{"href":"https:\/\/stoic-curie.212-227-153-4.plesk.page\/pt\/wp-json\/wp\/v2\/media?parent=749721"}],"wp:term":[{"taxonomy":"product_brand","embeddable":true,"href":"https:\/\/stoic-curie.212-227-153-4.plesk.page\/pt\/wp-json\/wp\/v2\/product_brand?post=749721"},{"taxonomy":"product_cat","embeddable":true,"href":"https:\/\/stoic-curie.212-227-153-4.plesk.page\/pt\/wp-json\/wp\/v2\/product_cat?post=749721"},{"taxonomy":"product_tag","embeddable":true,"href":"https:\/\/stoic-curie.212-227-153-4.plesk.page\/pt\/wp-json\/wp\/v2\/product_tag?post=749721"}],"curies":[{"name":"wp","href":"https:\/\/api.w.org\/{rel}","templated":true}]}}