{"id":749724,"date":"2025-03-03T22:23:53","date_gmt":"2025-03-03T21:23:53","guid":{"rendered":"https:\/\/stoic-curie.212-227-153-4.plesk.page\/producto\/jardineiras-helly-hansen-pier-2-azul-tamanho-s\/"},"modified":"2026-02-25T00:28:09","modified_gmt":"2026-02-25T00:28:09","slug":"jardineiras-helly-hansen-pier-2-azul-tamanho-s","status":"publish","type":"product","link":"https:\/\/stoic-curie.212-227-153-4.plesk.page\/pt\/product\/jardineiras-helly-hansen-pier-2-azul-tamanho-s\/","title":{"rendered":"Jardineiras Helly Hansen Pier 2 Azul &#8211; Tamanho S"},"content":{"rendered":"<p>Jardineiras Helly Hansen Pier 2 Azul &#8211; Tamanho S &#8211; <\/p>\n<p>A cal\u00e7a Helly Hansen Pier 3.0 \u00e9 ideal para qualquer atividade costeira ou de navega\u00e7\u00e3o. Com a constru\u00e7\u00e3o HellyTech Performance de 2 camadas, tratada com Durable Water Repellency (DWR), \u00e9 imperme\u00e1vel, \u00e0 prova de vento e respir\u00e1vel. A cal\u00e7a possui costuras totalmente seladas, forro em malha de secagem r\u00e1pida, refor\u00e7os na regi\u00e3o do assento e nos joelhos, costas altas com al\u00e7as ajust\u00e1veis, cintura ajust\u00e1vel, z\u00edper frontal de duas dire\u00e7\u00f5es, bolso cargo, aberturas de pernas ajust\u00e1veis e assento e joelhos articulados.<\/p>\n","protected":false},"excerpt":{"rendered":"<p>Jardineiras Helly Hansen Pier 2 Azul &#8211; Tamanho S &#8211; A cal\u00e7a Helly Hansen Pier 3.0 \u00e9 ideal para qualquer<\/p>\n","protected":false},"featured_media":5944597,"comment_status":"open","ping_status":"closed","template":"","meta":[],"product_brand":[3002],"product_cat":[2144],"product_tag":[],"class_list":{"0":"post-749724","1":"product","2":"type-product","3":"status-publish","4":"has-post-thumbnail","6":"product_brand-helly-hansen-pt","7":"product_cat-vestuario-helly-hansen","9":"first","10":"instock","11":"shipping-taxable","12":"purchasable","13":"product-type-simple"},"_links":{"self":[{"href":"https:\/\/stoic-curie.212-227-153-4.plesk.page\/pt\/wp-json\/wp\/v2\/product\/749724","targetHints":{"allow":["GET"]}}],"collection":[{"href":"https:\/\/stoic-curie.212-227-153-4.plesk.page\/pt\/wp-json\/wp\/v2\/product"}],"about":[{"href":"https:\/\/stoic-curie.212-227-153-4.plesk.page\/pt\/wp-json\/wp\/v2\/types\/product"}],"replies":[{"embeddable":true,"href":"https:\/\/stoic-curie.212-227-153-4.plesk.page\/pt\/wp-json\/wp\/v2\/comments?post=749724"}],"version-history":[{"count":0,"href":"https:\/\/stoic-curie.212-227-153-4.plesk.page\/pt\/wp-json\/wp\/v2\/product\/749724\/revisions"}],"wp:featuredmedia":[{"embeddable":true,"href":"https:\/\/stoic-curie.212-227-153-4.plesk.page\/pt\/wp-json\/wp\/v2\/media\/5944597"}],"wp:attachment":[{"href":"https:\/\/stoic-curie.212-227-153-4.plesk.page\/pt\/wp-json\/wp\/v2\/media?parent=749724"}],"wp:term":[{"taxonomy":"product_brand","embeddable":true,"href":"https:\/\/stoic-curie.212-227-153-4.plesk.page\/pt\/wp-json\/wp\/v2\/product_brand?post=749724"},{"taxonomy":"product_cat","embeddable":true,"href":"https:\/\/stoic-curie.212-227-153-4.plesk.page\/pt\/wp-json\/wp\/v2\/product_cat?post=749724"},{"taxonomy":"product_tag","embeddable":true,"href":"https:\/\/stoic-curie.212-227-153-4.plesk.page\/pt\/wp-json\/wp\/v2\/product_tag?post=749724"}],"curies":[{"name":"wp","href":"https:\/\/api.w.org\/{rel}","templated":true}]}}