{"id":749727,"date":"2025-03-03T22:23:54","date_gmt":"2025-03-03T21:23:54","guid":{"rendered":"https:\/\/stoic-curie.212-227-153-4.plesk.page\/producto\/jardineiras-helly-hansen-pier-2-azul-tamanho-xl\/"},"modified":"2026-02-25T00:28:09","modified_gmt":"2026-02-25T00:28:09","slug":"jardineiras-helly-hansen-pier-2-azul-tamanho-xl","status":"publish","type":"product","link":"https:\/\/stoic-curie.212-227-153-4.plesk.page\/pt\/product\/jardineiras-helly-hansen-pier-2-azul-tamanho-xl\/","title":{"rendered":"Jardineiras Helly Hansen Pier 2 Azul &#8211; Tamanho XL"},"content":{"rendered":"<p>Jardineiras Helly Hansen Pier 2 Azul &#8211; Tamanho XL &#8211; <\/p>\n<p>As cal\u00e7as Helly Hansen Pier 3.0 s\u00e3o ideais para qualquer atividade costeira ou de navega\u00e7\u00e3o. Elas s\u00e3o feitas com material HellyTech Performance de 2 camadas, que oferece um tratamento de repelente de \u00e1gua dur\u00e1vel (DWR), tornando-as imperme\u00e1veis, \u00e0 prova de vento e respir\u00e1veis. As cal\u00e7as possuem costuras totalmente seladas, forro de malha de secagem r\u00e1pida, refor\u00e7os na regi\u00e3o do assento e dos joelhos, um costas alta com al\u00e7as ajust\u00e1veis, cintura ajust\u00e1vel, z\u00edper frontal bidirecional, bolso cargo, aberturas de pernas ajust\u00e1veis e um design articulado para o assento e joelhos.<\/p>\n","protected":false},"excerpt":{"rendered":"<p>Jardineiras Helly Hansen Pier 2 Azul &#8211; Tamanho XL &#8211; As cal\u00e7as Helly Hansen Pier 3.0 s\u00e3o ideais para qualquer<\/p>\n","protected":false},"featured_media":5944597,"comment_status":"open","ping_status":"closed","template":"","meta":[],"product_brand":[3002],"product_cat":[2144],"product_tag":[],"class_list":{"0":"post-749727","1":"product","2":"type-product","3":"status-publish","4":"has-post-thumbnail","6":"product_brand-helly-hansen-pt","7":"product_cat-vestuario-helly-hansen","9":"first","10":"instock","11":"shipping-taxable","12":"purchasable","13":"product-type-simple"},"_links":{"self":[{"href":"https:\/\/stoic-curie.212-227-153-4.plesk.page\/pt\/wp-json\/wp\/v2\/product\/749727","targetHints":{"allow":["GET"]}}],"collection":[{"href":"https:\/\/stoic-curie.212-227-153-4.plesk.page\/pt\/wp-json\/wp\/v2\/product"}],"about":[{"href":"https:\/\/stoic-curie.212-227-153-4.plesk.page\/pt\/wp-json\/wp\/v2\/types\/product"}],"replies":[{"embeddable":true,"href":"https:\/\/stoic-curie.212-227-153-4.plesk.page\/pt\/wp-json\/wp\/v2\/comments?post=749727"}],"version-history":[{"count":0,"href":"https:\/\/stoic-curie.212-227-153-4.plesk.page\/pt\/wp-json\/wp\/v2\/product\/749727\/revisions"}],"wp:featuredmedia":[{"embeddable":true,"href":"https:\/\/stoic-curie.212-227-153-4.plesk.page\/pt\/wp-json\/wp\/v2\/media\/5944597"}],"wp:attachment":[{"href":"https:\/\/stoic-curie.212-227-153-4.plesk.page\/pt\/wp-json\/wp\/v2\/media?parent=749727"}],"wp:term":[{"taxonomy":"product_brand","embeddable":true,"href":"https:\/\/stoic-curie.212-227-153-4.plesk.page\/pt\/wp-json\/wp\/v2\/product_brand?post=749727"},{"taxonomy":"product_cat","embeddable":true,"href":"https:\/\/stoic-curie.212-227-153-4.plesk.page\/pt\/wp-json\/wp\/v2\/product_cat?post=749727"},{"taxonomy":"product_tag","embeddable":true,"href":"https:\/\/stoic-curie.212-227-153-4.plesk.page\/pt\/wp-json\/wp\/v2\/product_tag?post=749727"}],"curies":[{"name":"wp","href":"https:\/\/api.w.org\/{rel}","templated":true}]}}