{"id":749729,"date":"2025-03-03T22:23:55","date_gmt":"2025-03-03T21:23:55","guid":{"rendered":"https:\/\/stoic-curie.212-227-153-4.plesk.page\/producto\/painel-solar-maritimo-com-moldura-50wt-670-x-540-x-h30mm\/"},"modified":"2026-02-25T00:28:09","modified_gmt":"2026-02-25T00:28:09","slug":"painel-solar-maritimo-com-moldura-50wt-670-x-540-x-h30mm","status":"publish","type":"product","link":"https:\/\/stoic-curie.212-227-153-4.plesk.page\/pt\/product\/painel-solar-maritimo-com-moldura-50wt-670-x-540-x-h30mm\/","title":{"rendered":"Painel Solar Mar\u00edtimo com Moldura 50wt 670 x 540 x H30mm"},"content":{"rendered":"<p>Painel Solar Mar\u00edtimo com Moldura 50wt 670 x 540 x H30mm &#8211; <\/p>\n<p>Pain\u00e9is solares r\u00edgidos monocrystalline, leves e resistentes. O vidro temperado de alta qualidade e alta transmiss\u00e3o oferece boa resist\u00eancia a impactos. O avan\u00e7ado sistema de encapsulamento EVA com folha de fundo de tr\u00eas camadas atende aos mais rigorosos requisitos de seguran\u00e7a para opera\u00e7\u00e3o em alta voltagem. A robusta estrutura em alum\u00ednio anodizado permite f\u00e1cil montagem dos m\u00f3dulos com uma ampla variedade de sistemas de montagem. Wp = Classifica\u00e7\u00e3o de Pot\u00eancia (W) Imp = Corrente M\u00e1xima (A) Voc = Tens\u00e3o de Circuito Aberto (V)<\/p>\n","protected":false},"excerpt":{"rendered":"<p>Painel Solar Mar\u00edtimo com Moldura 50wt 670 x 540 x H30mm &#8211; Pain\u00e9is solares r\u00edgidos monocrystalline, leves e resistentes. O<\/p>\n","protected":false},"featured_media":5944600,"comment_status":"open","ping_status":"closed","template":"","meta":[],"product_brand":[2832],"product_cat":[2036],"product_tag":[],"class_list":{"0":"post-749729","1":"product","2":"type-product","3":"status-publish","4":"has-post-thumbnail","6":"product_brand-blue-sea-systems-pt","7":"product_cat-paineis-solares","9":"first","10":"instock","11":"shipping-taxable","12":"purchasable","13":"product-type-simple"},"_links":{"self":[{"href":"https:\/\/stoic-curie.212-227-153-4.plesk.page\/pt\/wp-json\/wp\/v2\/product\/749729","targetHints":{"allow":["GET"]}}],"collection":[{"href":"https:\/\/stoic-curie.212-227-153-4.plesk.page\/pt\/wp-json\/wp\/v2\/product"}],"about":[{"href":"https:\/\/stoic-curie.212-227-153-4.plesk.page\/pt\/wp-json\/wp\/v2\/types\/product"}],"replies":[{"embeddable":true,"href":"https:\/\/stoic-curie.212-227-153-4.plesk.page\/pt\/wp-json\/wp\/v2\/comments?post=749729"}],"version-history":[{"count":0,"href":"https:\/\/stoic-curie.212-227-153-4.plesk.page\/pt\/wp-json\/wp\/v2\/product\/749729\/revisions"}],"wp:featuredmedia":[{"embeddable":true,"href":"https:\/\/stoic-curie.212-227-153-4.plesk.page\/pt\/wp-json\/wp\/v2\/media\/5944600"}],"wp:attachment":[{"href":"https:\/\/stoic-curie.212-227-153-4.plesk.page\/pt\/wp-json\/wp\/v2\/media?parent=749729"}],"wp:term":[{"taxonomy":"product_brand","embeddable":true,"href":"https:\/\/stoic-curie.212-227-153-4.plesk.page\/pt\/wp-json\/wp\/v2\/product_brand?post=749729"},{"taxonomy":"product_cat","embeddable":true,"href":"https:\/\/stoic-curie.212-227-153-4.plesk.page\/pt\/wp-json\/wp\/v2\/product_cat?post=749729"},{"taxonomy":"product_tag","embeddable":true,"href":"https:\/\/stoic-curie.212-227-153-4.plesk.page\/pt\/wp-json\/wp\/v2\/product_tag?post=749729"}],"curies":[{"name":"wp","href":"https:\/\/api.w.org\/{rel}","templated":true}]}}