{"id":749733,"date":"2025-03-03T22:23:56","date_gmt":"2025-03-03T21:23:56","guid":{"rendered":"https:\/\/stoic-curie.212-227-153-4.plesk.page\/producto\/saco-helly-hansen-duffel-preto-70lt\/"},"modified":"2026-02-25T00:28:09","modified_gmt":"2026-02-25T00:28:09","slug":"saco-helly-hansen-duffel-preto-70lt","status":"publish","type":"product","link":"https:\/\/stoic-curie.212-227-153-4.plesk.page\/pt\/product\/saco-helly-hansen-duffel-preto-70lt\/","title":{"rendered":"Saco Helly Hansen Duffel Preto 70lt"},"content":{"rendered":"<p>Saco Helly Hansen Duffel Preto 70lt &#8211; <\/p>\n<p>Bolsa de trabalho Helly Hansen Duffel em tecido imperme\u00e1vel com grande compartimento principal com fecho, bolso interior acolchoado para computador port\u00e1til, compartimento para kit de primeiros socorros, compartimento externo para sapatos, al\u00e7as com cinta de ombro acolchoada e suporte para documentos de identifica\u00e7\u00e3o.<\/p>\n","protected":false},"excerpt":{"rendered":"<p>Saco Helly Hansen Duffel Preto 70lt &#8211; Bolsa de trabalho Helly Hansen Duffel em tecido imperme\u00e1vel com grande compartimento principal<\/p>\n","protected":false},"featured_media":5944607,"comment_status":"open","ping_status":"closed","template":"","meta":[],"product_brand":[3002],"product_cat":[2142,2144],"product_tag":[],"class_list":{"0":"post-749733","1":"product","2":"type-product","3":"status-publish","4":"has-post-thumbnail","6":"product_brand-helly-hansen-pt","7":"product_cat-sacos-e-bolsas-estanques","8":"product_cat-vestuario-helly-hansen","10":"first","11":"instock","12":"shipping-taxable","13":"purchasable","14":"product-type-simple"},"_links":{"self":[{"href":"https:\/\/stoic-curie.212-227-153-4.plesk.page\/pt\/wp-json\/wp\/v2\/product\/749733","targetHints":{"allow":["GET"]}}],"collection":[{"href":"https:\/\/stoic-curie.212-227-153-4.plesk.page\/pt\/wp-json\/wp\/v2\/product"}],"about":[{"href":"https:\/\/stoic-curie.212-227-153-4.plesk.page\/pt\/wp-json\/wp\/v2\/types\/product"}],"replies":[{"embeddable":true,"href":"https:\/\/stoic-curie.212-227-153-4.plesk.page\/pt\/wp-json\/wp\/v2\/comments?post=749733"}],"version-history":[{"count":0,"href":"https:\/\/stoic-curie.212-227-153-4.plesk.page\/pt\/wp-json\/wp\/v2\/product\/749733\/revisions"}],"wp:featuredmedia":[{"embeddable":true,"href":"https:\/\/stoic-curie.212-227-153-4.plesk.page\/pt\/wp-json\/wp\/v2\/media\/5944607"}],"wp:attachment":[{"href":"https:\/\/stoic-curie.212-227-153-4.plesk.page\/pt\/wp-json\/wp\/v2\/media?parent=749733"}],"wp:term":[{"taxonomy":"product_brand","embeddable":true,"href":"https:\/\/stoic-curie.212-227-153-4.plesk.page\/pt\/wp-json\/wp\/v2\/product_brand?post=749733"},{"taxonomy":"product_cat","embeddable":true,"href":"https:\/\/stoic-curie.212-227-153-4.plesk.page\/pt\/wp-json\/wp\/v2\/product_cat?post=749733"},{"taxonomy":"product_tag","embeddable":true,"href":"https:\/\/stoic-curie.212-227-153-4.plesk.page\/pt\/wp-json\/wp\/v2\/product_tag?post=749733"}],"curies":[{"name":"wp","href":"https:\/\/api.w.org\/{rel}","templated":true}]}}