{"id":749735,"date":"2025-03-03T22:23:57","date_gmt":"2025-03-03T21:23:57","guid":{"rendered":"https:\/\/stoic-curie.212-227-153-4.plesk.page\/producto\/mochila-helly-hansen-work-day-preto\/"},"modified":"2026-02-25T00:28:09","modified_gmt":"2026-02-25T00:28:09","slug":"mochila-helly-hansen-work-day-preto","status":"publish","type":"product","link":"https:\/\/stoic-curie.212-227-153-4.plesk.page\/pt\/product\/mochila-helly-hansen-work-day-preto\/","title":{"rendered":"Mochila Helly Hansen Work Day Preto"},"content":{"rendered":"<p>Mochila Helly Hansen Work Day Preto &#8211; <\/p>\n<p>Mochila de Trabalho Helly Hansen em tecido resistente \u00e0 \u00e1gua com compartimento principal com z\u00edper, bolso interno acolchoado para laptop, bolso para garrafa, compartimento para kit de primeiros socorros, dois bolsos frontais e dois laterais, v\u00e1rios compartimentos para ferramentas e anel em D. Tamanhos compat\u00edveis para bagagem de m\u00e3o em avi\u00f5es.<\/p>\n","protected":false},"excerpt":{"rendered":"<p>Mochila Helly Hansen Work Day Preto &#8211; Mochila de Trabalho Helly Hansen em tecido resistente \u00e0 \u00e1gua com compartimento principal<\/p>\n","protected":false},"featured_media":5944610,"comment_status":"open","ping_status":"closed","template":"","meta":[],"product_brand":[3002],"product_cat":[2142,2144],"product_tag":[],"class_list":{"0":"post-749735","1":"product","2":"type-product","3":"status-publish","4":"has-post-thumbnail","6":"product_brand-helly-hansen-pt","7":"product_cat-sacos-e-bolsas-estanques","8":"product_cat-vestuario-helly-hansen","10":"first","11":"instock","12":"shipping-taxable","13":"purchasable","14":"product-type-simple"},"_links":{"self":[{"href":"https:\/\/stoic-curie.212-227-153-4.plesk.page\/pt\/wp-json\/wp\/v2\/product\/749735","targetHints":{"allow":["GET"]}}],"collection":[{"href":"https:\/\/stoic-curie.212-227-153-4.plesk.page\/pt\/wp-json\/wp\/v2\/product"}],"about":[{"href":"https:\/\/stoic-curie.212-227-153-4.plesk.page\/pt\/wp-json\/wp\/v2\/types\/product"}],"replies":[{"embeddable":true,"href":"https:\/\/stoic-curie.212-227-153-4.plesk.page\/pt\/wp-json\/wp\/v2\/comments?post=749735"}],"version-history":[{"count":0,"href":"https:\/\/stoic-curie.212-227-153-4.plesk.page\/pt\/wp-json\/wp\/v2\/product\/749735\/revisions"}],"wp:featuredmedia":[{"embeddable":true,"href":"https:\/\/stoic-curie.212-227-153-4.plesk.page\/pt\/wp-json\/wp\/v2\/media\/5944610"}],"wp:attachment":[{"href":"https:\/\/stoic-curie.212-227-153-4.plesk.page\/pt\/wp-json\/wp\/v2\/media?parent=749735"}],"wp:term":[{"taxonomy":"product_brand","embeddable":true,"href":"https:\/\/stoic-curie.212-227-153-4.plesk.page\/pt\/wp-json\/wp\/v2\/product_brand?post=749735"},{"taxonomy":"product_cat","embeddable":true,"href":"https:\/\/stoic-curie.212-227-153-4.plesk.page\/pt\/wp-json\/wp\/v2\/product_cat?post=749735"},{"taxonomy":"product_tag","embeddable":true,"href":"https:\/\/stoic-curie.212-227-153-4.plesk.page\/pt\/wp-json\/wp\/v2\/product_tag?post=749735"}],"curies":[{"name":"wp","href":"https:\/\/api.w.org\/{rel}","templated":true}]}}