{"id":749739,"date":"2025-03-03T22:23:58","date_gmt":"2025-03-03T21:23:58","guid":{"rendered":"https:\/\/stoic-curie.212-227-153-4.plesk.page\/producto\/calcas-para-chuva-helly-hansen-gale-laranja-tamanho-xxxl\/"},"modified":"2026-02-25T00:28:09","modified_gmt":"2026-02-25T00:28:09","slug":"calcas-para-chuva-helly-hansen-gale-laranja-tamanho-xxxl","status":"publish","type":"product","link":"https:\/\/stoic-curie.212-227-153-4.plesk.page\/pt\/product\/calcas-para-chuva-helly-hansen-gale-laranja-tamanho-xxxl\/","title":{"rendered":"Cal\u00e7as para Chuva Helly Hansen Gale Laranja &#8211; Tamanho XXXL"},"content":{"rendered":"<p>Cal\u00e7as para Chuva Helly Hansen Gale Laranja &#8211; Tamanho XXXL &#8211; <\/p>\n<p>A cal\u00e7a de chuva Helly Hansen Gale \u00e9 feita de poli\u00e9ster de 240 g\/m\u00b2, com revestimento em PU, ideal para proteger-se da \u00e1gua durante a pesca ou qualquer outra atividade a bordo ou na plataforma. Possui ajuste el\u00e1stico na cintura e cord\u00e3o, al\u00e9m de ajuste na bainha inferior com bot\u00f5es.<\/p>\n","protected":false},"excerpt":{"rendered":"<p>Cal\u00e7as para Chuva Helly Hansen Gale Laranja &#8211; Tamanho XXXL &#8211; A cal\u00e7a de chuva Helly Hansen Gale \u00e9 feita<\/p>\n","protected":false},"featured_media":5944572,"comment_status":"open","ping_status":"closed","template":"","meta":[],"product_brand":[3002],"product_cat":[2144],"product_tag":[],"class_list":{"0":"post-749739","1":"product","2":"type-product","3":"status-publish","4":"has-post-thumbnail","6":"product_brand-helly-hansen-pt","7":"product_cat-vestuario-helly-hansen","9":"first","10":"instock","11":"shipping-taxable","12":"purchasable","13":"product-type-simple"},"_links":{"self":[{"href":"https:\/\/stoic-curie.212-227-153-4.plesk.page\/pt\/wp-json\/wp\/v2\/product\/749739","targetHints":{"allow":["GET"]}}],"collection":[{"href":"https:\/\/stoic-curie.212-227-153-4.plesk.page\/pt\/wp-json\/wp\/v2\/product"}],"about":[{"href":"https:\/\/stoic-curie.212-227-153-4.plesk.page\/pt\/wp-json\/wp\/v2\/types\/product"}],"replies":[{"embeddable":true,"href":"https:\/\/stoic-curie.212-227-153-4.plesk.page\/pt\/wp-json\/wp\/v2\/comments?post=749739"}],"version-history":[{"count":0,"href":"https:\/\/stoic-curie.212-227-153-4.plesk.page\/pt\/wp-json\/wp\/v2\/product\/749739\/revisions"}],"wp:featuredmedia":[{"embeddable":true,"href":"https:\/\/stoic-curie.212-227-153-4.plesk.page\/pt\/wp-json\/wp\/v2\/media\/5944572"}],"wp:attachment":[{"href":"https:\/\/stoic-curie.212-227-153-4.plesk.page\/pt\/wp-json\/wp\/v2\/media?parent=749739"}],"wp:term":[{"taxonomy":"product_brand","embeddable":true,"href":"https:\/\/stoic-curie.212-227-153-4.plesk.page\/pt\/wp-json\/wp\/v2\/product_brand?post=749739"},{"taxonomy":"product_cat","embeddable":true,"href":"https:\/\/stoic-curie.212-227-153-4.plesk.page\/pt\/wp-json\/wp\/v2\/product_cat?post=749739"},{"taxonomy":"product_tag","embeddable":true,"href":"https:\/\/stoic-curie.212-227-153-4.plesk.page\/pt\/wp-json\/wp\/v2\/product_tag?post=749739"}],"curies":[{"name":"wp","href":"https:\/\/api.w.org\/{rel}","templated":true}]}}