{"id":749740,"date":"2025-03-03T22:23:58","date_gmt":"2025-03-03T21:23:58","guid":{"rendered":"https:\/\/stoic-curie.212-227-153-4.plesk.page\/producto\/calcas-para-chuva-helly-hansen-gale-azul-tamanho-xxxl\/"},"modified":"2026-02-25T00:28:09","modified_gmt":"2026-02-25T00:28:09","slug":"calcas-para-chuva-helly-hansen-gale-azul-tamanho-xxxl","status":"publish","type":"product","link":"https:\/\/stoic-curie.212-227-153-4.plesk.page\/pt\/product\/calcas-para-chuva-helly-hansen-gale-azul-tamanho-xxxl\/","title":{"rendered":"Cal\u00e7as para Chuva Helly Hansen Gale Azul &#8211; Tamanho XXXL"},"content":{"rendered":"<p>Cal\u00e7as para Chuva Helly Hansen Gale Azul &#8211; Tamanho XXXL &#8211; <\/p>\n<p>As cal\u00e7as de chuva Helly Hansen Gale s\u00e3o feitas de tecido de poli\u00e9ster de 240 g\/m\u00b2 com revestimento em PU, ideais para prote\u00e7\u00e3o contra a \u00e1gua durante a pesca ou qualquer outra atividade a bordo ou no conv\u00e9s. Com ajuste el\u00e1stico e cord\u00e3o na cintura e ajuste na barra inferior com bot\u00f5es.<\/p>\n","protected":false},"excerpt":{"rendered":"<p>Cal\u00e7as para Chuva Helly Hansen Gale Azul &#8211; Tamanho XXXL &#8211; As cal\u00e7as de chuva Helly Hansen Gale s\u00e3o feitas<\/p>\n","protected":false},"featured_media":5944572,"comment_status":"open","ping_status":"closed","template":"","meta":[],"product_brand":[3002],"product_cat":[2144],"product_tag":[],"class_list":{"0":"post-749740","1":"product","2":"type-product","3":"status-publish","4":"has-post-thumbnail","6":"product_brand-helly-hansen-pt","7":"product_cat-vestuario-helly-hansen","9":"first","10":"instock","11":"shipping-taxable","12":"purchasable","13":"product-type-simple"},"_links":{"self":[{"href":"https:\/\/stoic-curie.212-227-153-4.plesk.page\/pt\/wp-json\/wp\/v2\/product\/749740","targetHints":{"allow":["GET"]}}],"collection":[{"href":"https:\/\/stoic-curie.212-227-153-4.plesk.page\/pt\/wp-json\/wp\/v2\/product"}],"about":[{"href":"https:\/\/stoic-curie.212-227-153-4.plesk.page\/pt\/wp-json\/wp\/v2\/types\/product"}],"replies":[{"embeddable":true,"href":"https:\/\/stoic-curie.212-227-153-4.plesk.page\/pt\/wp-json\/wp\/v2\/comments?post=749740"}],"version-history":[{"count":0,"href":"https:\/\/stoic-curie.212-227-153-4.plesk.page\/pt\/wp-json\/wp\/v2\/product\/749740\/revisions"}],"wp:featuredmedia":[{"embeddable":true,"href":"https:\/\/stoic-curie.212-227-153-4.plesk.page\/pt\/wp-json\/wp\/v2\/media\/5944572"}],"wp:attachment":[{"href":"https:\/\/stoic-curie.212-227-153-4.plesk.page\/pt\/wp-json\/wp\/v2\/media?parent=749740"}],"wp:term":[{"taxonomy":"product_brand","embeddable":true,"href":"https:\/\/stoic-curie.212-227-153-4.plesk.page\/pt\/wp-json\/wp\/v2\/product_brand?post=749740"},{"taxonomy":"product_cat","embeddable":true,"href":"https:\/\/stoic-curie.212-227-153-4.plesk.page\/pt\/wp-json\/wp\/v2\/product_cat?post=749740"},{"taxonomy":"product_tag","embeddable":true,"href":"https:\/\/stoic-curie.212-227-153-4.plesk.page\/pt\/wp-json\/wp\/v2\/product_tag?post=749740"}],"curies":[{"name":"wp","href":"https:\/\/api.w.org\/{rel}","templated":true}]}}