{"id":749742,"date":"2025-03-03T22:23:59","date_gmt":"2025-03-03T21:23:59","guid":{"rendered":"https:\/\/stoic-curie.212-227-153-4.plesk.page\/producto\/casaco-helly-hansen-mandal-amarelo-tamanho-xxxl\/"},"modified":"2026-02-25T00:28:09","modified_gmt":"2026-02-25T00:28:09","slug":"casaco-helly-hansen-mandal-amarelo-tamanho-xxxl","status":"publish","type":"product","link":"https:\/\/stoic-curie.212-227-153-4.plesk.page\/pt\/product\/casaco-helly-hansen-mandal-amarelo-tamanho-xxxl\/","title":{"rendered":"Casaco Helly Hansen Mandal Amarelo &#8211; Tamanho XXXL"},"content":{"rendered":"<p>Casaco Helly Hansen Mandal Amarelo &#8211; Tamanho XXXL &#8211; <\/p>\n<p>A jaqueta Helly Hansen Mandal \u00e9 feita de poli\u00e9ster de 410 g\/m\u00b2 com revestimento em PU, ideal para proteg\u00ea-lo da \u00e1gua durante a pesca ou qualquer outra atividade a bordo ou no conv\u00e9s. Possui dois bolsos frontais e um capuz com ajuste de cord\u00e3o.<\/p>\n","protected":false},"excerpt":{"rendered":"<p>Casaco Helly Hansen Mandal Amarelo &#8211; Tamanho XXXL &#8211; A jaqueta Helly Hansen Mandal \u00e9 feita de poli\u00e9ster de 410<\/p>\n","protected":false},"featured_media":5944592,"comment_status":"open","ping_status":"closed","template":"","meta":[],"product_brand":[3002],"product_cat":[2144],"product_tag":[],"class_list":{"0":"post-749742","1":"product","2":"type-product","3":"status-publish","4":"has-post-thumbnail","6":"product_brand-helly-hansen-pt","7":"product_cat-vestuario-helly-hansen","9":"first","10":"instock","11":"shipping-taxable","12":"purchasable","13":"product-type-simple"},"_links":{"self":[{"href":"https:\/\/stoic-curie.212-227-153-4.plesk.page\/pt\/wp-json\/wp\/v2\/product\/749742","targetHints":{"allow":["GET"]}}],"collection":[{"href":"https:\/\/stoic-curie.212-227-153-4.plesk.page\/pt\/wp-json\/wp\/v2\/product"}],"about":[{"href":"https:\/\/stoic-curie.212-227-153-4.plesk.page\/pt\/wp-json\/wp\/v2\/types\/product"}],"replies":[{"embeddable":true,"href":"https:\/\/stoic-curie.212-227-153-4.plesk.page\/pt\/wp-json\/wp\/v2\/comments?post=749742"}],"version-history":[{"count":0,"href":"https:\/\/stoic-curie.212-227-153-4.plesk.page\/pt\/wp-json\/wp\/v2\/product\/749742\/revisions"}],"wp:featuredmedia":[{"embeddable":true,"href":"https:\/\/stoic-curie.212-227-153-4.plesk.page\/pt\/wp-json\/wp\/v2\/media\/5944592"}],"wp:attachment":[{"href":"https:\/\/stoic-curie.212-227-153-4.plesk.page\/pt\/wp-json\/wp\/v2\/media?parent=749742"}],"wp:term":[{"taxonomy":"product_brand","embeddable":true,"href":"https:\/\/stoic-curie.212-227-153-4.plesk.page\/pt\/wp-json\/wp\/v2\/product_brand?post=749742"},{"taxonomy":"product_cat","embeddable":true,"href":"https:\/\/stoic-curie.212-227-153-4.plesk.page\/pt\/wp-json\/wp\/v2\/product_cat?post=749742"},{"taxonomy":"product_tag","embeddable":true,"href":"https:\/\/stoic-curie.212-227-153-4.plesk.page\/pt\/wp-json\/wp\/v2\/product_tag?post=749742"}],"curies":[{"name":"wp","href":"https:\/\/api.w.org\/{rel}","templated":true}]}}