{"id":749744,"date":"2025-03-03T22:23:59","date_gmt":"2025-03-03T21:23:59","guid":{"rendered":"https:\/\/stoic-curie.212-227-153-4.plesk.page\/producto\/gerador-eolico-solmax-90w-12v\/"},"modified":"2026-02-25T00:28:09","modified_gmt":"2026-02-25T00:28:09","slug":"gerador-eolico-solmax-90w-12v","status":"publish","type":"product","link":"https:\/\/stoic-curie.212-227-153-4.plesk.page\/pt\/product\/gerador-eolico-solmax-90w-12v\/","title":{"rendered":"Gerador E\u00f3lico Solmax 90W 12V"},"content":{"rendered":"<p>Gerador E\u00f3lico Solmax 90W 12V &#8211; <\/p>\n<p>Gerador e\u00f3lico de 12V completo com regulador de carga integrado, que permite a conex\u00e3o direta \u00e0 bateria. Carca\u00e7a de pol\u00edmero IP65 com conex\u00e3o de tubo de 45 mm. H\u00e9lices de fibra de vidro refor\u00e7ada que, em plena capacidade, desenvolvem 90W de pot\u00eancia com uma faixa de vento operando em 3.6120 km\/h.<\/p>\n","protected":false},"excerpt":{"rendered":"<p>Gerador E\u00f3lico Solmax 90W 12V &#8211; Gerador e\u00f3lico de 12V completo com regulador de carga integrado, que permite a conex\u00e3o<\/p>\n","protected":false},"featured_media":5944612,"comment_status":"open","ping_status":"closed","template":"","meta":[],"product_brand":[2832],"product_cat":[2015,2036],"product_tag":[],"class_list":{"0":"post-749744","1":"product","2":"type-product","3":"status-publish","4":"has-post-thumbnail","6":"product_brand-blue-sea-systems-pt","7":"product_cat-geradores","8":"product_cat-paineis-solares","10":"first","11":"instock","12":"shipping-taxable","13":"purchasable","14":"product-type-simple"},"_links":{"self":[{"href":"https:\/\/stoic-curie.212-227-153-4.plesk.page\/pt\/wp-json\/wp\/v2\/product\/749744","targetHints":{"allow":["GET"]}}],"collection":[{"href":"https:\/\/stoic-curie.212-227-153-4.plesk.page\/pt\/wp-json\/wp\/v2\/product"}],"about":[{"href":"https:\/\/stoic-curie.212-227-153-4.plesk.page\/pt\/wp-json\/wp\/v2\/types\/product"}],"replies":[{"embeddable":true,"href":"https:\/\/stoic-curie.212-227-153-4.plesk.page\/pt\/wp-json\/wp\/v2\/comments?post=749744"}],"version-history":[{"count":0,"href":"https:\/\/stoic-curie.212-227-153-4.plesk.page\/pt\/wp-json\/wp\/v2\/product\/749744\/revisions"}],"wp:featuredmedia":[{"embeddable":true,"href":"https:\/\/stoic-curie.212-227-153-4.plesk.page\/pt\/wp-json\/wp\/v2\/media\/5944612"}],"wp:attachment":[{"href":"https:\/\/stoic-curie.212-227-153-4.plesk.page\/pt\/wp-json\/wp\/v2\/media?parent=749744"}],"wp:term":[{"taxonomy":"product_brand","embeddable":true,"href":"https:\/\/stoic-curie.212-227-153-4.plesk.page\/pt\/wp-json\/wp\/v2\/product_brand?post=749744"},{"taxonomy":"product_cat","embeddable":true,"href":"https:\/\/stoic-curie.212-227-153-4.plesk.page\/pt\/wp-json\/wp\/v2\/product_cat?post=749744"},{"taxonomy":"product_tag","embeddable":true,"href":"https:\/\/stoic-curie.212-227-153-4.plesk.page\/pt\/wp-json\/wp\/v2\/product_tag?post=749744"}],"curies":[{"name":"wp","href":"https:\/\/api.w.org\/{rel}","templated":true}]}}