{"id":749746,"date":"2025-03-03T22:24:00","date_gmt":"2025-03-03T21:24:00","guid":{"rendered":"https:\/\/stoic-curie.212-227-153-4.plesk.page\/producto\/par-de-copos-magneticos-para-vinho-82-x-a217mm\/"},"modified":"2026-02-25T00:28:09","modified_gmt":"2026-02-25T00:28:09","slug":"par-de-copos-magneticos-para-vinho-82-x-a217mm","status":"publish","type":"product","link":"https:\/\/stoic-curie.212-227-153-4.plesk.page\/pt\/product\/par-de-copos-magneticos-para-vinho-82-x-a217mm\/","title":{"rendered":"Par de Copos Magn\u00e9ticos para Vinho 82 x A217mm"},"content":{"rendered":"<p>Par de Copos Magn\u00e9ticos para Vinho 82 x A217mm &#8211; <\/p>\n<p>Elegantes ta\u00e7as de vinho de cristal Silwy com \u00edm\u00e3s embutidos na parte inferior que as mant\u00eam no lugar mesmo em mares agitados. Rela\u00e7\u00e3o de for\u00e7a perfeita entre o suporte e o copo magn\u00e9tico. Os suportes de gel met\u00e1lico nano podem ser removidos sem deixar res\u00edduos, podem ser usados de forma permanente e aderem a todas as superf\u00edcies. Fornecido em um conjunto de 2 copos, incluindo suportes de gel met\u00e1lico.<\/p>\n","protected":false},"excerpt":{"rendered":"<p>Par de Copos Magn\u00e9ticos para Vinho 82 x A217mm &#8211; Elegantes ta\u00e7as de vinho de cristal Silwy com \u00edm\u00e3s embutidos<\/p>\n","protected":false},"featured_media":5944633,"comment_status":"open","ping_status":"closed","template":"","meta":[],"product_brand":[3112],"product_cat":[1932],"product_tag":[],"class_list":{"0":"post-749746","1":"product","2":"type-product","3":"status-publish","4":"has-post-thumbnail","6":"product_brand-marine-business-mb-pt","7":"product_cat-loica-nautica","9":"first","10":"instock","11":"shipping-taxable","12":"purchasable","13":"product-type-simple"},"_links":{"self":[{"href":"https:\/\/stoic-curie.212-227-153-4.plesk.page\/pt\/wp-json\/wp\/v2\/product\/749746","targetHints":{"allow":["GET"]}}],"collection":[{"href":"https:\/\/stoic-curie.212-227-153-4.plesk.page\/pt\/wp-json\/wp\/v2\/product"}],"about":[{"href":"https:\/\/stoic-curie.212-227-153-4.plesk.page\/pt\/wp-json\/wp\/v2\/types\/product"}],"replies":[{"embeddable":true,"href":"https:\/\/stoic-curie.212-227-153-4.plesk.page\/pt\/wp-json\/wp\/v2\/comments?post=749746"}],"version-history":[{"count":0,"href":"https:\/\/stoic-curie.212-227-153-4.plesk.page\/pt\/wp-json\/wp\/v2\/product\/749746\/revisions"}],"wp:featuredmedia":[{"embeddable":true,"href":"https:\/\/stoic-curie.212-227-153-4.plesk.page\/pt\/wp-json\/wp\/v2\/media\/5944633"}],"wp:attachment":[{"href":"https:\/\/stoic-curie.212-227-153-4.plesk.page\/pt\/wp-json\/wp\/v2\/media?parent=749746"}],"wp:term":[{"taxonomy":"product_brand","embeddable":true,"href":"https:\/\/stoic-curie.212-227-153-4.plesk.page\/pt\/wp-json\/wp\/v2\/product_brand?post=749746"},{"taxonomy":"product_cat","embeddable":true,"href":"https:\/\/stoic-curie.212-227-153-4.plesk.page\/pt\/wp-json\/wp\/v2\/product_cat?post=749746"},{"taxonomy":"product_tag","embeddable":true,"href":"https:\/\/stoic-curie.212-227-153-4.plesk.page\/pt\/wp-json\/wp\/v2\/product_tag?post=749746"}],"curies":[{"name":"wp","href":"https:\/\/api.w.org\/{rel}","templated":true}]}}