{"id":749748,"date":"2025-03-03T22:24:01","date_gmt":"2025-03-03T21:24:01","guid":{"rendered":"https:\/\/stoic-curie.212-227-153-4.plesk.page\/producto\/par-de-copos-magneticos-para-cerveja-74-x-a217mm\/"},"modified":"2026-02-25T00:28:09","modified_gmt":"2026-02-25T00:28:09","slug":"par-de-copos-magneticos-para-cerveja-74-x-a217mm","status":"publish","type":"product","link":"https:\/\/stoic-curie.212-227-153-4.plesk.page\/pt\/product\/par-de-copos-magneticos-para-cerveja-74-x-a217mm\/","title":{"rendered":"Par de Copos Magn\u00e9ticos para Cerveja 74 x A217mm"},"content":{"rendered":"<p>Par de Copos Magn\u00e9ticos para Cerveja 74 x A217mm &#8211; <\/p>\n<p>Elegantes copos de cerveja de cristal Silwy com \u00edm\u00e3s embutidos na parte inferior que os mant\u00eam no lugar, mesmo em mares agitados. Perfeito equil\u00edbrio de for\u00e7a entre o porta-copos e a caneca magn\u00e9tica. Sousplat de gel met\u00e1lico podem ser removidos sem deixar res\u00edduos, podem ser utilizados permanentemente e aderem a todas as superf\u00edcies. Fornecido em um conjunto com 2 copos, incluindo porta-copos de gel met\u00e1lico.<\/p>\n","protected":false},"excerpt":{"rendered":"<p>Par de Copos Magn\u00e9ticos para Cerveja 74 x A217mm &#8211; Elegantes copos de cerveja de cristal Silwy com \u00edm\u00e3s embutidos<\/p>\n","protected":false},"featured_media":5944640,"comment_status":"open","ping_status":"closed","template":"","meta":[],"product_brand":[3112],"product_cat":[1932],"product_tag":[],"class_list":{"0":"post-749748","1":"product","2":"type-product","3":"status-publish","4":"has-post-thumbnail","6":"product_brand-marine-business-mb-pt","7":"product_cat-loica-nautica","9":"first","10":"instock","11":"shipping-taxable","12":"purchasable","13":"product-type-simple"},"_links":{"self":[{"href":"https:\/\/stoic-curie.212-227-153-4.plesk.page\/pt\/wp-json\/wp\/v2\/product\/749748","targetHints":{"allow":["GET"]}}],"collection":[{"href":"https:\/\/stoic-curie.212-227-153-4.plesk.page\/pt\/wp-json\/wp\/v2\/product"}],"about":[{"href":"https:\/\/stoic-curie.212-227-153-4.plesk.page\/pt\/wp-json\/wp\/v2\/types\/product"}],"replies":[{"embeddable":true,"href":"https:\/\/stoic-curie.212-227-153-4.plesk.page\/pt\/wp-json\/wp\/v2\/comments?post=749748"}],"version-history":[{"count":0,"href":"https:\/\/stoic-curie.212-227-153-4.plesk.page\/pt\/wp-json\/wp\/v2\/product\/749748\/revisions"}],"wp:featuredmedia":[{"embeddable":true,"href":"https:\/\/stoic-curie.212-227-153-4.plesk.page\/pt\/wp-json\/wp\/v2\/media\/5944640"}],"wp:attachment":[{"href":"https:\/\/stoic-curie.212-227-153-4.plesk.page\/pt\/wp-json\/wp\/v2\/media?parent=749748"}],"wp:term":[{"taxonomy":"product_brand","embeddable":true,"href":"https:\/\/stoic-curie.212-227-153-4.plesk.page\/pt\/wp-json\/wp\/v2\/product_brand?post=749748"},{"taxonomy":"product_cat","embeddable":true,"href":"https:\/\/stoic-curie.212-227-153-4.plesk.page\/pt\/wp-json\/wp\/v2\/product_cat?post=749748"},{"taxonomy":"product_tag","embeddable":true,"href":"https:\/\/stoic-curie.212-227-153-4.plesk.page\/pt\/wp-json\/wp\/v2\/product_tag?post=749748"}],"curies":[{"name":"wp","href":"https:\/\/api.w.org\/{rel}","templated":true}]}}