{"id":749766,"date":"2025-03-03T22:24:06","date_gmt":"2025-03-03T21:24:06","guid":{"rendered":"https:\/\/stoic-curie.212-227-153-4.plesk.page\/producto\/guincho-eletrico-bada-dv3000-1360kg\/"},"modified":"2026-02-25T00:28:09","modified_gmt":"2026-02-25T00:28:09","slug":"guincho-eletrico-bada-dv3000-1360kg","status":"publish","type":"product","link":"https:\/\/stoic-curie.212-227-153-4.plesk.page\/pt\/product\/guincho-eletrico-bada-dv3000-1360kg\/","title":{"rendered":"Guincho El\u00e9trico Bada DV3000 1360kg"},"content":{"rendered":"<p>Guincho El\u00e9trico Bada DV3000 1360kg &#8211; <\/p>\n<p>Guincho el\u00e9trico para reboque de barcos e montagem off-road. O lan\u00e7amento e a recupera\u00e7\u00e3o acontecem com controle remoto com fio. Motor de \u00edm\u00e3 permanente de 0,9 kW 12V com embreagem de libera\u00e7\u00e3o manual e sistema de freio autom\u00e1tico. Montagem com base e 4 parafusos M8. Completo com rolo de cabo que previne o desgaste. Velocidade de recupera\u00e7\u00e3o de 2,8 m\/min sem carga, 0,6 m\/min em plena carga.<\/p>\n","protected":false},"excerpt":{"rendered":"<p>Guincho El\u00e9trico Bada DV3000 1360kg &#8211; Guincho el\u00e9trico para reboque de barcos e montagem off-road. O lan\u00e7amento e a recupera\u00e7\u00e3o<\/p>\n","protected":false},"featured_media":5944668,"comment_status":"open","ping_status":"closed","template":"","meta":[],"product_brand":[2892],"product_cat":[2121],"product_tag":[],"class_list":{"0":"post-749766","1":"product","2":"type-product","3":"status-publish","4":"has-post-thumbnail","6":"product_brand-domar-pt","7":"product_cat-guinchos-para-reboques","9":"first","10":"instock","11":"shipping-taxable","12":"purchasable","13":"product-type-simple"},"_links":{"self":[{"href":"https:\/\/stoic-curie.212-227-153-4.plesk.page\/pt\/wp-json\/wp\/v2\/product\/749766","targetHints":{"allow":["GET"]}}],"collection":[{"href":"https:\/\/stoic-curie.212-227-153-4.plesk.page\/pt\/wp-json\/wp\/v2\/product"}],"about":[{"href":"https:\/\/stoic-curie.212-227-153-4.plesk.page\/pt\/wp-json\/wp\/v2\/types\/product"}],"replies":[{"embeddable":true,"href":"https:\/\/stoic-curie.212-227-153-4.plesk.page\/pt\/wp-json\/wp\/v2\/comments?post=749766"}],"version-history":[{"count":0,"href":"https:\/\/stoic-curie.212-227-153-4.plesk.page\/pt\/wp-json\/wp\/v2\/product\/749766\/revisions"}],"wp:featuredmedia":[{"embeddable":true,"href":"https:\/\/stoic-curie.212-227-153-4.plesk.page\/pt\/wp-json\/wp\/v2\/media\/5944668"}],"wp:attachment":[{"href":"https:\/\/stoic-curie.212-227-153-4.plesk.page\/pt\/wp-json\/wp\/v2\/media?parent=749766"}],"wp:term":[{"taxonomy":"product_brand","embeddable":true,"href":"https:\/\/stoic-curie.212-227-153-4.plesk.page\/pt\/wp-json\/wp\/v2\/product_brand?post=749766"},{"taxonomy":"product_cat","embeddable":true,"href":"https:\/\/stoic-curie.212-227-153-4.plesk.page\/pt\/wp-json\/wp\/v2\/product_cat?post=749766"},{"taxonomy":"product_tag","embeddable":true,"href":"https:\/\/stoic-curie.212-227-153-4.plesk.page\/pt\/wp-json\/wp\/v2\/product_tag?post=749766"}],"curies":[{"name":"wp","href":"https:\/\/api.w.org\/{rel}","templated":true}]}}