{"id":749768,"date":"2025-03-03T22:24:07","date_gmt":"2025-03-03T21:24:07","guid":{"rendered":"https:\/\/stoic-curie.212-227-153-4.plesk.page\/producto\/guincho-manual-com-cabo-de-76m-900kg\/"},"modified":"2026-02-25T00:28:09","modified_gmt":"2026-02-25T00:28:09","slug":"guincho-manual-com-cabo-de-76m-900kg","status":"publish","type":"product","link":"https:\/\/stoic-curie.212-227-153-4.plesk.page\/pt\/product\/guincho-manual-com-cabo-de-76m-900kg\/","title":{"rendered":"Guincho Manual com Cabo de 7,6m 900kg"},"content":{"rendered":"<p>Guincho Manual com Cabo de 7,6m 900kg &#8211; <\/p>\n<p>Guincho manual de a\u00e7o envernizado completo com cabo de 7,6 m e gancho para rebocar barcos com facilidade. Carga m\u00e1xima em kg: limite de peso que o guincho pode suportar em reboque horizontal com escorregamento ideal. Em cargas inclinadas, \u00e9 recomendado n\u00e3o exceder dois ter\u00e7os do limite de peso.<\/p>\n","protected":false},"excerpt":{"rendered":"<p>Guincho Manual com Cabo de 7,6m 900kg &#8211; Guincho manual de a\u00e7o envernizado completo com cabo de 7,6 m e<\/p>\n","protected":false},"featured_media":5944672,"comment_status":"open","ping_status":"closed","template":"","meta":[],"product_brand":[2892],"product_cat":[2121],"product_tag":[],"class_list":{"0":"post-749768","1":"product","2":"type-product","3":"status-publish","4":"has-post-thumbnail","6":"product_brand-domar-pt","7":"product_cat-guinchos-para-reboques","9":"first","10":"instock","11":"shipping-taxable","12":"purchasable","13":"product-type-simple"},"_links":{"self":[{"href":"https:\/\/stoic-curie.212-227-153-4.plesk.page\/pt\/wp-json\/wp\/v2\/product\/749768","targetHints":{"allow":["GET"]}}],"collection":[{"href":"https:\/\/stoic-curie.212-227-153-4.plesk.page\/pt\/wp-json\/wp\/v2\/product"}],"about":[{"href":"https:\/\/stoic-curie.212-227-153-4.plesk.page\/pt\/wp-json\/wp\/v2\/types\/product"}],"replies":[{"embeddable":true,"href":"https:\/\/stoic-curie.212-227-153-4.plesk.page\/pt\/wp-json\/wp\/v2\/comments?post=749768"}],"version-history":[{"count":0,"href":"https:\/\/stoic-curie.212-227-153-4.plesk.page\/pt\/wp-json\/wp\/v2\/product\/749768\/revisions"}],"wp:featuredmedia":[{"embeddable":true,"href":"https:\/\/stoic-curie.212-227-153-4.plesk.page\/pt\/wp-json\/wp\/v2\/media\/5944672"}],"wp:attachment":[{"href":"https:\/\/stoic-curie.212-227-153-4.plesk.page\/pt\/wp-json\/wp\/v2\/media?parent=749768"}],"wp:term":[{"taxonomy":"product_brand","embeddable":true,"href":"https:\/\/stoic-curie.212-227-153-4.plesk.page\/pt\/wp-json\/wp\/v2\/product_brand?post=749768"},{"taxonomy":"product_cat","embeddable":true,"href":"https:\/\/stoic-curie.212-227-153-4.plesk.page\/pt\/wp-json\/wp\/v2\/product_cat?post=749768"},{"taxonomy":"product_tag","embeddable":true,"href":"https:\/\/stoic-curie.212-227-153-4.plesk.page\/pt\/wp-json\/wp\/v2\/product_tag?post=749768"}],"curies":[{"name":"wp","href":"https:\/\/api.w.org\/{rel}","templated":true}]}}