{"id":749771,"date":"2025-03-03T22:24:08","date_gmt":"2025-03-03T21:24:08","guid":{"rendered":"https:\/\/stoic-curie.212-227-153-4.plesk.page\/producto\/par-de-colunas-fusion-el-f651w\/"},"modified":"2026-02-25T00:28:09","modified_gmt":"2026-02-25T00:28:09","slug":"par-de-colunas-fusion-el-f651w","status":"publish","type":"product","link":"https:\/\/stoic-curie.212-227-153-4.plesk.page\/pt\/product\/par-de-colunas-fusion-el-f651w\/","title":{"rendered":"Par de Colunas Fusion El-f651w"},"content":{"rendered":"<p>Par de Colunas Fusion El-f651w &#8211; <\/p>\n<p>Altifalantes marinhos Fusion EL-F651 \u00e0 prova d&#8217;\u00e1gua IP65 de 2 vias. Ideais para instala\u00e7\u00f5es em espa\u00e7os estreitos. Constru\u00e7\u00e3o resistente ao sal e aos raios UV. Vendido em pares.<\/p>\n","protected":false},"excerpt":{"rendered":"<p>Par de Colunas Fusion El-f651w &#8211; Altifalantes marinhos Fusion EL-F651 \u00e0 prova d&#8217;\u00e1gua IP65 de 2 vias. Ideais para instala\u00e7\u00f5es<\/p>\n","protected":false},"featured_media":5944674,"comment_status":"open","ping_status":"closed","template":"","meta":[],"product_brand":[2962],"product_cat":[2020],"product_tag":[],"class_list":{"0":"post-749771","1":"product","2":"type-product","3":"status-publish","4":"has-post-thumbnail","6":"product_brand-fusion-pt","7":"product_cat-equipamento-de-som-e-colunas","9":"first","10":"instock","11":"shipping-taxable","12":"purchasable","13":"product-type-simple"},"_links":{"self":[{"href":"https:\/\/stoic-curie.212-227-153-4.plesk.page\/pt\/wp-json\/wp\/v2\/product\/749771","targetHints":{"allow":["GET"]}}],"collection":[{"href":"https:\/\/stoic-curie.212-227-153-4.plesk.page\/pt\/wp-json\/wp\/v2\/product"}],"about":[{"href":"https:\/\/stoic-curie.212-227-153-4.plesk.page\/pt\/wp-json\/wp\/v2\/types\/product"}],"replies":[{"embeddable":true,"href":"https:\/\/stoic-curie.212-227-153-4.plesk.page\/pt\/wp-json\/wp\/v2\/comments?post=749771"}],"version-history":[{"count":0,"href":"https:\/\/stoic-curie.212-227-153-4.plesk.page\/pt\/wp-json\/wp\/v2\/product\/749771\/revisions"}],"wp:featuredmedia":[{"embeddable":true,"href":"https:\/\/stoic-curie.212-227-153-4.plesk.page\/pt\/wp-json\/wp\/v2\/media\/5944674"}],"wp:attachment":[{"href":"https:\/\/stoic-curie.212-227-153-4.plesk.page\/pt\/wp-json\/wp\/v2\/media?parent=749771"}],"wp:term":[{"taxonomy":"product_brand","embeddable":true,"href":"https:\/\/stoic-curie.212-227-153-4.plesk.page\/pt\/wp-json\/wp\/v2\/product_brand?post=749771"},{"taxonomy":"product_cat","embeddable":true,"href":"https:\/\/stoic-curie.212-227-153-4.plesk.page\/pt\/wp-json\/wp\/v2\/product_cat?post=749771"},{"taxonomy":"product_tag","embeddable":true,"href":"https:\/\/stoic-curie.212-227-153-4.plesk.page\/pt\/wp-json\/wp\/v2\/product_tag?post=749771"}],"curies":[{"name":"wp","href":"https:\/\/api.w.org\/{rel}","templated":true}]}}