{"id":749773,"date":"2025-03-03T22:24:09","date_gmt":"2025-03-03T21:24:09","guid":{"rendered":"https:\/\/stoic-curie.212-227-153-4.plesk.page\/producto\/par-de-colunas-maritimas-fusion-xs-fl65cwb-200wt\/"},"modified":"2026-02-25T00:28:09","modified_gmt":"2026-02-25T00:28:09","slug":"par-de-colunas-maritimas-fusion-xs-fl65cwb-200wt","status":"publish","type":"product","link":"https:\/\/stoic-curie.212-227-153-4.plesk.page\/pt\/product\/par-de-colunas-maritimas-fusion-xs-fl65cwb-200wt\/","title":{"rendered":"Par de Colunas Mar\u00edtimas Fusion Xs-fl65cwb 200wt"},"content":{"rendered":"<p>Par de Colunas Mar\u00edtimas Fusion Xs-fl65cwb 200wt &#8211; <\/p>\n<p>Caixas de som marinas Fusion XS de 2 vias \u00e0 prova d&#8217;\u00e1gua IP65. Tecnologia de cone curvado com tweeter de dome de alum\u00ednio. Dispon\u00edvel em branco e preto. Vendido em pares.<\/p>\n","protected":false},"excerpt":{"rendered":"<p>Par de Colunas Mar\u00edtimas Fusion Xs-fl65cwb 200wt &#8211; Caixas de som marinas Fusion XS de 2 vias \u00e0 prova d&#8217;\u00e1gua<\/p>\n","protected":false},"featured_media":5944676,"comment_status":"open","ping_status":"closed","template":"","meta":[],"product_brand":[2962],"product_cat":[2020],"product_tag":[],"class_list":{"0":"post-749773","1":"product","2":"type-product","3":"status-publish","4":"has-post-thumbnail","6":"product_brand-fusion-pt","7":"product_cat-equipamento-de-som-e-colunas","9":"first","10":"instock","11":"shipping-taxable","12":"purchasable","13":"product-type-simple"},"_links":{"self":[{"href":"https:\/\/stoic-curie.212-227-153-4.plesk.page\/pt\/wp-json\/wp\/v2\/product\/749773","targetHints":{"allow":["GET"]}}],"collection":[{"href":"https:\/\/stoic-curie.212-227-153-4.plesk.page\/pt\/wp-json\/wp\/v2\/product"}],"about":[{"href":"https:\/\/stoic-curie.212-227-153-4.plesk.page\/pt\/wp-json\/wp\/v2\/types\/product"}],"replies":[{"embeddable":true,"href":"https:\/\/stoic-curie.212-227-153-4.plesk.page\/pt\/wp-json\/wp\/v2\/comments?post=749773"}],"version-history":[{"count":0,"href":"https:\/\/stoic-curie.212-227-153-4.plesk.page\/pt\/wp-json\/wp\/v2\/product\/749773\/revisions"}],"wp:featuredmedia":[{"embeddable":true,"href":"https:\/\/stoic-curie.212-227-153-4.plesk.page\/pt\/wp-json\/wp\/v2\/media\/5944676"}],"wp:attachment":[{"href":"https:\/\/stoic-curie.212-227-153-4.plesk.page\/pt\/wp-json\/wp\/v2\/media?parent=749773"}],"wp:term":[{"taxonomy":"product_brand","embeddable":true,"href":"https:\/\/stoic-curie.212-227-153-4.plesk.page\/pt\/wp-json\/wp\/v2\/product_brand?post=749773"},{"taxonomy":"product_cat","embeddable":true,"href":"https:\/\/stoic-curie.212-227-153-4.plesk.page\/pt\/wp-json\/wp\/v2\/product_cat?post=749773"},{"taxonomy":"product_tag","embeddable":true,"href":"https:\/\/stoic-curie.212-227-153-4.plesk.page\/pt\/wp-json\/wp\/v2\/product_tag?post=749773"}],"curies":[{"name":"wp","href":"https:\/\/api.w.org\/{rel}","templated":true}]}}