{"id":749777,"date":"2025-03-03T22:24:10","date_gmt":"2025-03-03T21:24:10","guid":{"rendered":"https:\/\/stoic-curie.212-227-153-4.plesk.page\/producto\/comando-remoto-sem-fios-fusion-ms-arx70-preto\/"},"modified":"2026-02-25T00:28:09","modified_gmt":"2026-02-25T00:28:09","slug":"comando-remoto-sem-fios-fusion-ms-arx70-preto","status":"publish","type":"product","link":"https:\/\/stoic-curie.212-227-153-4.plesk.page\/pt\/product\/comando-remoto-sem-fios-fusion-ms-arx70-preto\/","title":{"rendered":"Comando Remoto Sem Fios Fusion MS-ARX70 Preto"},"content":{"rendered":"<p>Comando Remoto Sem Fios Fusion MS-ARX70 Preto &#8211; <\/p>\n<p>Controle remoto sem fio com bot\u00f5es digitais retroiluminados para est\u00e9reo e r\u00e1dio Fusion. Compacto e \u00e0 prova d&#8217;\u00e1gua IPx7, pode ser facilmente instalado em qualquer posi\u00e7\u00e3o, mesmo sob \u00e1gua e respingos. Alimentado por uma bateria interna com vida \u00fatil de 3 anos.<br \/>Compat\u00edvel com todos os r\u00e1dios Fusion com tecnologia ANT, como: SA150\/BB100\/RA70N\/SRX400\/RA670\/RA770<\/p>\n","protected":false},"excerpt":{"rendered":"<p>Comando Remoto Sem Fios Fusion MS-ARX70 Preto &#8211; Controle remoto sem fio com bot\u00f5es digitais retroiluminados para est\u00e9reo e r\u00e1dio<\/p>\n","protected":false},"featured_media":5944681,"comment_status":"open","ping_status":"closed","template":"","meta":[],"product_brand":[2962],"product_cat":[2020],"product_tag":[],"class_list":{"0":"post-749777","1":"product","2":"type-product","3":"status-publish","4":"has-post-thumbnail","6":"product_brand-fusion-pt","7":"product_cat-equipamento-de-som-e-colunas","9":"first","10":"instock","11":"shipping-taxable","12":"purchasable","13":"product-type-simple"},"_links":{"self":[{"href":"https:\/\/stoic-curie.212-227-153-4.plesk.page\/pt\/wp-json\/wp\/v2\/product\/749777","targetHints":{"allow":["GET"]}}],"collection":[{"href":"https:\/\/stoic-curie.212-227-153-4.plesk.page\/pt\/wp-json\/wp\/v2\/product"}],"about":[{"href":"https:\/\/stoic-curie.212-227-153-4.plesk.page\/pt\/wp-json\/wp\/v2\/types\/product"}],"replies":[{"embeddable":true,"href":"https:\/\/stoic-curie.212-227-153-4.plesk.page\/pt\/wp-json\/wp\/v2\/comments?post=749777"}],"version-history":[{"count":0,"href":"https:\/\/stoic-curie.212-227-153-4.plesk.page\/pt\/wp-json\/wp\/v2\/product\/749777\/revisions"}],"wp:featuredmedia":[{"embeddable":true,"href":"https:\/\/stoic-curie.212-227-153-4.plesk.page\/pt\/wp-json\/wp\/v2\/media\/5944681"}],"wp:attachment":[{"href":"https:\/\/stoic-curie.212-227-153-4.plesk.page\/pt\/wp-json\/wp\/v2\/media?parent=749777"}],"wp:term":[{"taxonomy":"product_brand","embeddable":true,"href":"https:\/\/stoic-curie.212-227-153-4.plesk.page\/pt\/wp-json\/wp\/v2\/product_brand?post=749777"},{"taxonomy":"product_cat","embeddable":true,"href":"https:\/\/stoic-curie.212-227-153-4.plesk.page\/pt\/wp-json\/wp\/v2\/product_cat?post=749777"},{"taxonomy":"product_tag","embeddable":true,"href":"https:\/\/stoic-curie.212-227-153-4.plesk.page\/pt\/wp-json\/wp\/v2\/product_tag?post=749777"}],"curies":[{"name":"wp","href":"https:\/\/api.w.org\/{rel}","templated":true}]}}