{"id":749779,"date":"2025-03-03T22:24:11","date_gmt":"2025-03-03T21:24:11","guid":{"rendered":"https:\/\/stoic-curie.212-227-153-4.plesk.page\/producto\/olhal-de-conves-tipo-g-451x266mm-em-aluminio\/"},"modified":"2026-02-25T00:28:09","modified_gmt":"2026-02-25T00:28:09","slug":"olhal-de-conves-tipo-g-451x266mm-em-aluminio","status":"publish","type":"product","link":"https:\/\/stoic-curie.212-227-153-4.plesk.page\/pt\/product\/olhal-de-conves-tipo-g-451x266mm-em-aluminio\/","title":{"rendered":"Olhal de Conv\u00e9s Tipo G 451x266mm em Alum\u00ednio"},"content":{"rendered":"<p>Olhal de Conv\u00e9s Tipo G 451x266mm em Alum\u00ednio &#8211; <\/p>\n<p>Portlight do tipo Goiot em alum\u00ednio anodizado com vidro acr\u00edlico \u00e0 prova d&#8217;\u00e1gua, constru\u00e7\u00e3o fundida e veda\u00e7\u00e3o dupla. Excelente campo de vis\u00e3o gra\u00e7as ao cabo plano. Espessura m\u00e1xima do bulkhead de 27 mm.<\/p>\n","protected":false},"excerpt":{"rendered":"<p>Olhal de Conv\u00e9s Tipo G 451x266mm em Alum\u00ednio &#8211; Portlight do tipo Goiot em alum\u00ednio anodizado com vidro acr\u00edlico \u00e0<\/p>\n","protected":false},"featured_media":5936606,"comment_status":"open","ping_status":"closed","template":"","meta":[],"product_brand":[2857],"product_cat":[1989,1984],"product_tag":[],"class_list":{"0":"post-749779","1":"product","2":"type-product","3":"status-publish","4":"has-post-thumbnail","6":"product_brand-can-marine-pt","7":"product_cat-escotilhas","8":"product_cat-vigias","10":"first","11":"instock","12":"shipping-taxable","13":"purchasable","14":"product-type-simple"},"_links":{"self":[{"href":"https:\/\/stoic-curie.212-227-153-4.plesk.page\/pt\/wp-json\/wp\/v2\/product\/749779","targetHints":{"allow":["GET"]}}],"collection":[{"href":"https:\/\/stoic-curie.212-227-153-4.plesk.page\/pt\/wp-json\/wp\/v2\/product"}],"about":[{"href":"https:\/\/stoic-curie.212-227-153-4.plesk.page\/pt\/wp-json\/wp\/v2\/types\/product"}],"replies":[{"embeddable":true,"href":"https:\/\/stoic-curie.212-227-153-4.plesk.page\/pt\/wp-json\/wp\/v2\/comments?post=749779"}],"version-history":[{"count":0,"href":"https:\/\/stoic-curie.212-227-153-4.plesk.page\/pt\/wp-json\/wp\/v2\/product\/749779\/revisions"}],"wp:featuredmedia":[{"embeddable":true,"href":"https:\/\/stoic-curie.212-227-153-4.plesk.page\/pt\/wp-json\/wp\/v2\/media\/5936606"}],"wp:attachment":[{"href":"https:\/\/stoic-curie.212-227-153-4.plesk.page\/pt\/wp-json\/wp\/v2\/media?parent=749779"}],"wp:term":[{"taxonomy":"product_brand","embeddable":true,"href":"https:\/\/stoic-curie.212-227-153-4.plesk.page\/pt\/wp-json\/wp\/v2\/product_brand?post=749779"},{"taxonomy":"product_cat","embeddable":true,"href":"https:\/\/stoic-curie.212-227-153-4.plesk.page\/pt\/wp-json\/wp\/v2\/product_cat?post=749779"},{"taxonomy":"product_tag","embeddable":true,"href":"https:\/\/stoic-curie.212-227-153-4.plesk.page\/pt\/wp-json\/wp\/v2\/product_tag?post=749779"}],"curies":[{"name":"wp","href":"https:\/\/api.w.org\/{rel}","templated":true}]}}