{"id":749790,"date":"2025-03-03T22:28:41","date_gmt":"2025-03-03T21:28:41","guid":{"rendered":"https:\/\/stoic-curie.212-227-153-4.plesk.page\/producto\/edredao-de-algodao-e-poliester-mb-santorini-ecr-270x240\/"},"modified":"2026-02-25T00:28:09","modified_gmt":"2026-02-25T00:28:09","slug":"edredao-de-algodao-e-poliester-mb-santorini-ecr-270x240","status":"publish","type":"product","link":"https:\/\/stoic-curie.212-227-153-4.plesk.page\/pt\/product\/edredao-de-algodao-e-poliester-mb-santorini-ecr-270x240\/","title":{"rendered":"Edred\u00e3o de Algod\u00e3o e Poli\u00e9ster Mb Santorini Ecr? 270&#215;240"},"content":{"rendered":"<p>Edred\u00e3o de Algod\u00e3o e Poli\u00e9ster Mb Santorini Ecr? 270&#215;240 &#8211; <\/p>\n<p>Colcha de solteiro ou casal em algod\u00e3o e poli\u00e9ster.<\/p>\n","protected":false},"excerpt":{"rendered":"<p>Edred\u00e3o de Algod\u00e3o e Poli\u00e9ster Mb Santorini Ecr? 270&#215;240 &#8211; Colcha de solteiro ou casal em algod\u00e3o e poli\u00e9ster.<\/p>\n","protected":false},"featured_media":5944700,"comment_status":"open","ping_status":"closed","template":"","meta":[],"product_brand":[3112],"product_cat":[1930],"product_tag":[],"class_list":{"0":"post-749790","1":"product","2":"type-product","3":"status-publish","4":"has-post-thumbnail","6":"product_brand-marine-business-mb-pt","7":"product_cat-tapetes-e-estofamento","9":"first","10":"instock","11":"shipping-taxable","12":"purchasable","13":"product-type-simple"},"_links":{"self":[{"href":"https:\/\/stoic-curie.212-227-153-4.plesk.page\/pt\/wp-json\/wp\/v2\/product\/749790","targetHints":{"allow":["GET"]}}],"collection":[{"href":"https:\/\/stoic-curie.212-227-153-4.plesk.page\/pt\/wp-json\/wp\/v2\/product"}],"about":[{"href":"https:\/\/stoic-curie.212-227-153-4.plesk.page\/pt\/wp-json\/wp\/v2\/types\/product"}],"replies":[{"embeddable":true,"href":"https:\/\/stoic-curie.212-227-153-4.plesk.page\/pt\/wp-json\/wp\/v2\/comments?post=749790"}],"version-history":[{"count":0,"href":"https:\/\/stoic-curie.212-227-153-4.plesk.page\/pt\/wp-json\/wp\/v2\/product\/749790\/revisions"}],"wp:featuredmedia":[{"embeddable":true,"href":"https:\/\/stoic-curie.212-227-153-4.plesk.page\/pt\/wp-json\/wp\/v2\/media\/5944700"}],"wp:attachment":[{"href":"https:\/\/stoic-curie.212-227-153-4.plesk.page\/pt\/wp-json\/wp\/v2\/media?parent=749790"}],"wp:term":[{"taxonomy":"product_brand","embeddable":true,"href":"https:\/\/stoic-curie.212-227-153-4.plesk.page\/pt\/wp-json\/wp\/v2\/product_brand?post=749790"},{"taxonomy":"product_cat","embeddable":true,"href":"https:\/\/stoic-curie.212-227-153-4.plesk.page\/pt\/wp-json\/wp\/v2\/product_cat?post=749790"},{"taxonomy":"product_tag","embeddable":true,"href":"https:\/\/stoic-curie.212-227-153-4.plesk.page\/pt\/wp-json\/wp\/v2\/product_tag?post=749790"}],"curies":[{"name":"wp","href":"https:\/\/api.w.org\/{rel}","templated":true}]}}