{"id":749794,"date":"2025-03-03T22:28:42","date_gmt":"2025-03-03T21:28:42","guid":{"rendered":"https:\/\/stoic-curie.212-227-153-4.plesk.page\/producto\/pratos-de-melamina-mb-harmony-6-pecas\/"},"modified":"2026-02-25T00:28:09","modified_gmt":"2026-02-25T00:28:09","slug":"pratos-de-melamina-mb-harmony-6-pecas","status":"publish","type":"product","link":"https:\/\/stoic-curie.212-227-153-4.plesk.page\/pt\/product\/pratos-de-melamina-mb-harmony-6-pecas\/","title":{"rendered":"Pratos de Melamina MB Harmony (6 pe\u00e7as)"},"content":{"rendered":"<p>Pratos de Melamina MB Harmony (6 pe\u00e7as) &#8211; <\/p>\n<p>Prato plano decorado &#8216;Harmony Mare&#8217;. Feito de melamina 100% certificada como segura para alimentos. Lav\u00e1vel na m\u00e1quina de lavar lou\u00e7a, inquebr\u00e1vel e resistente a manchas. 6 pe\u00e7as por pacote.<\/p>\n","protected":false},"excerpt":{"rendered":"<p>Pratos de Melamina MB Harmony (6 pe\u00e7as) &#8211; Prato plano decorado &#8216;Harmony Mare&#8217;. Feito de melamina 100% certificada como segura<\/p>\n","protected":false},"featured_media":5944710,"comment_status":"open","ping_status":"closed","template":"","meta":[],"product_brand":[3112],"product_cat":[1932],"product_tag":[],"class_list":{"0":"post-749794","1":"product","2":"type-product","3":"status-publish","4":"has-post-thumbnail","6":"product_brand-marine-business-mb-pt","7":"product_cat-loica-nautica","9":"first","10":"instock","11":"shipping-taxable","12":"purchasable","13":"product-type-simple"},"_links":{"self":[{"href":"https:\/\/stoic-curie.212-227-153-4.plesk.page\/pt\/wp-json\/wp\/v2\/product\/749794","targetHints":{"allow":["GET"]}}],"collection":[{"href":"https:\/\/stoic-curie.212-227-153-4.plesk.page\/pt\/wp-json\/wp\/v2\/product"}],"about":[{"href":"https:\/\/stoic-curie.212-227-153-4.plesk.page\/pt\/wp-json\/wp\/v2\/types\/product"}],"replies":[{"embeddable":true,"href":"https:\/\/stoic-curie.212-227-153-4.plesk.page\/pt\/wp-json\/wp\/v2\/comments?post=749794"}],"version-history":[{"count":0,"href":"https:\/\/stoic-curie.212-227-153-4.plesk.page\/pt\/wp-json\/wp\/v2\/product\/749794\/revisions"}],"wp:featuredmedia":[{"embeddable":true,"href":"https:\/\/stoic-curie.212-227-153-4.plesk.page\/pt\/wp-json\/wp\/v2\/media\/5944710"}],"wp:attachment":[{"href":"https:\/\/stoic-curie.212-227-153-4.plesk.page\/pt\/wp-json\/wp\/v2\/media?parent=749794"}],"wp:term":[{"taxonomy":"product_brand","embeddable":true,"href":"https:\/\/stoic-curie.212-227-153-4.plesk.page\/pt\/wp-json\/wp\/v2\/product_brand?post=749794"},{"taxonomy":"product_cat","embeddable":true,"href":"https:\/\/stoic-curie.212-227-153-4.plesk.page\/pt\/wp-json\/wp\/v2\/product_cat?post=749794"},{"taxonomy":"product_tag","embeddable":true,"href":"https:\/\/stoic-curie.212-227-153-4.plesk.page\/pt\/wp-json\/wp\/v2\/product_tag?post=749794"}],"curies":[{"name":"wp","href":"https:\/\/api.w.org\/{rel}","templated":true}]}}