{"id":749804,"date":"2025-03-03T22:28:45","date_gmt":"2025-03-03T21:28:45","guid":{"rendered":"https:\/\/stoic-curie.212-227-153-4.plesk.page\/producto\/conjunto-de-talheres-em-aco-inoxidavel-mb-harmony-24-pecas\/"},"modified":"2026-02-25T00:28:09","modified_gmt":"2026-02-25T00:28:09","slug":"conjunto-de-talheres-em-aco-inoxidavel-mb-harmony-24-pecas","status":"publish","type":"product","link":"https:\/\/stoic-curie.212-227-153-4.plesk.page\/pt\/product\/conjunto-de-talheres-em-aco-inoxidavel-mb-harmony-24-pecas\/","title":{"rendered":"Conjunto de Talheres em A\u00e7o Inoxid\u00e1vel MB Harmony (24 pe\u00e7as)"},"content":{"rendered":"<p>Conjunto de Talheres em A\u00e7o Inoxid\u00e1vel MB Harmony (24 pe\u00e7as) &#8211; <\/p>\n<p>Conjunto de talheres decorado com osso em a\u00e7o inoxid\u00e1vel. 6 x 4 pe\u00e7as por pacote.<\/p>\n","protected":false},"excerpt":{"rendered":"<p>Conjunto de Talheres em A\u00e7o Inoxid\u00e1vel MB Harmony (24 pe\u00e7as) &#8211; Conjunto de talheres decorado com osso em a\u00e7o inoxid\u00e1vel.<\/p>\n","protected":false},"featured_media":5944732,"comment_status":"open","ping_status":"closed","template":"","meta":[],"product_brand":[3112],"product_cat":[1932],"product_tag":[],"class_list":{"0":"post-749804","1":"product","2":"type-product","3":"status-publish","4":"has-post-thumbnail","6":"product_brand-marine-business-mb-pt","7":"product_cat-loica-nautica","9":"first","10":"instock","11":"shipping-taxable","12":"purchasable","13":"product-type-simple"},"_links":{"self":[{"href":"https:\/\/stoic-curie.212-227-153-4.plesk.page\/pt\/wp-json\/wp\/v2\/product\/749804","targetHints":{"allow":["GET"]}}],"collection":[{"href":"https:\/\/stoic-curie.212-227-153-4.plesk.page\/pt\/wp-json\/wp\/v2\/product"}],"about":[{"href":"https:\/\/stoic-curie.212-227-153-4.plesk.page\/pt\/wp-json\/wp\/v2\/types\/product"}],"replies":[{"embeddable":true,"href":"https:\/\/stoic-curie.212-227-153-4.plesk.page\/pt\/wp-json\/wp\/v2\/comments?post=749804"}],"version-history":[{"count":0,"href":"https:\/\/stoic-curie.212-227-153-4.plesk.page\/pt\/wp-json\/wp\/v2\/product\/749804\/revisions"}],"wp:featuredmedia":[{"embeddable":true,"href":"https:\/\/stoic-curie.212-227-153-4.plesk.page\/pt\/wp-json\/wp\/v2\/media\/5944732"}],"wp:attachment":[{"href":"https:\/\/stoic-curie.212-227-153-4.plesk.page\/pt\/wp-json\/wp\/v2\/media?parent=749804"}],"wp:term":[{"taxonomy":"product_brand","embeddable":true,"href":"https:\/\/stoic-curie.212-227-153-4.plesk.page\/pt\/wp-json\/wp\/v2\/product_brand?post=749804"},{"taxonomy":"product_cat","embeddable":true,"href":"https:\/\/stoic-curie.212-227-153-4.plesk.page\/pt\/wp-json\/wp\/v2\/product_cat?post=749804"},{"taxonomy":"product_tag","embeddable":true,"href":"https:\/\/stoic-curie.212-227-153-4.plesk.page\/pt\/wp-json\/wp\/v2\/product_tag?post=749804"}],"curies":[{"name":"wp","href":"https:\/\/api.w.org\/{rel}","templated":true}]}}