{"id":749805,"date":"2025-03-03T22:28:45","date_gmt":"2025-03-03T21:28:45","guid":{"rendered":"https:\/\/stoic-curie.212-227-153-4.plesk.page\/producto\/bote-inflavel-eurovinil-air-180cm\/"},"modified":"2026-02-25T00:28:09","modified_gmt":"2026-02-25T00:28:09","slug":"bote-inflavel-eurovinil-air-180cm","status":"publish","type":"product","link":"https:\/\/stoic-curie.212-227-153-4.plesk.page\/pt\/product\/bote-inflavel-eurovinil-air-180cm\/","title":{"rendered":"Dinghy Eurovinil Modelo: Infl\u00e1vel B\u00e1sico 180"},"content":{"rendered":"<p>Dinghy Eurovinil Modelo: Infl\u00e1vel B\u00e1sico 180 &#8211; <\/p>\n<div class=\"expander\">\n<div style=\"color: rgb(0, 0, 0); font-family: tahoma, arial, verdana, sans-serif; font-size: 12px;\">\n<p>Temos o prazer de apresentar o nosso bote compacto, meticulosamente elaborado em tecido PVC 1100D de alta qualidade e dur\u00e1vel. Este modelo distingue-se pela sua quilha infl\u00e1vel inovadora, comummente conhecida como &#8220;airmat.&#8221; Este design \u00fanico utiliza tecido drop-stitch, que oferece rigidez e estabilidade excepcionais ao navegar em v\u00e1rias condi\u00e7\u00f5es aqu\u00e1ticas. A combina\u00e7\u00e3o destes materiais garante que voc\u00ea tenha um bote confi\u00e1vel e robusto para todas as suas aventuras n\u00e1uticas.<\/p>\n<p>Inclu\u00eddo com o bote est\u00e3o v\u00e1rios itens essenciais que melhoram sua experi\u00eancia e garantem que voc\u00ea esteja bem preparado para suas sa\u00eddas. Estes itens consistem em uma bomba para f\u00e1cil infla\u00e7\u00e3o, um kit de reparo para eventuais imprevistos, remos para propuls\u00e3o manual, um banco deslizante para conforto, corda de amarra\u00e7\u00e3o para prender seu bote, e uma conveniente bolsa de transporte medindo 80 x 40 x 50 cm. Este pacote abrangente facilita o transporte e a montagem de seu bote, onde quer que voc\u00ea v\u00e1.<\/p>\n<p>Nossa linha infl\u00e1vel \u00e9 reconhecida como o best-seller da Eurovinil, refletindo os anos de especializa\u00e7\u00e3o e dedica\u00e7\u00e3o investidos na ind\u00fastria de barcos infl\u00e1veis. O bote apresenta uma quilha infl\u00e1vel em &#8220;V&#8221; juntamente com o especial &#8220;airmat,&#8221; que n\u00e3o s\u00f3 fornece for\u00e7a excepcional, mas tamb\u00e9m oferece not\u00e1vel resist\u00eancia a perfura\u00e7\u00f5es e desgaste, garantindo durabilidade e confiabilidade.<\/p>\n<p>O banco deslizante padr\u00e3o foi projetado para o conforto do usu\u00e1rio, permitindo que as pessoas ajustem facilmente suas posi\u00e7\u00f5es. Este recurso \u00e9 particularmente ben\u00e9fico ao entrar no barco em diversas situa\u00e7\u00f5es ou acomodar diferentes cargas. Al\u00e9m disso, a asa anti-splash ajuda efetivamente a impedir que a \u00e1gua entre no barco, mesmo quando totalmente carregado, mantendo voc\u00ea e seus pertences secos.<\/p>\n<p>Uma das caracter\u00edsticas marcantes deste bote \u00e9 sua capacidade de desinflar rapidamente e ser armazenado com facilidade. Voc\u00ea pode coloc\u00e1-lo confortavelmente em um arm\u00e1rio, posicion\u00e1-lo de cabe\u00e7a para baixo no conv\u00e9s da frente ou no telhado do barco, ou prend\u00ea-lo aos davits traseiros. Seu design compacto permite o armazenamento praticamente em qualquer lugar a bordo, permitindo que voc\u00ea desfrute dos in\u00fameros benef\u00edcios de ter um bote sem sacrificar precioso espa\u00e7o de vida no seu barco. Isso o torna uma escolha ideal para entusiastas de barcos que valorizam tanto funcionalidade quanto conveni\u00eancia.<\/p>\n<\/div>\n<\/div>\n","protected":false},"excerpt":{"rendered":"<p>Dinghy Eurovinil Modelo: Infl\u00e1vel B\u00e1sico 180 &#8211; Temos o prazer de apresentar o nosso bote compacto, meticulosamente elaborado em tecido<\/p>\n","protected":false},"featured_media":5937416,"comment_status":"open","ping_status":"closed","template":"","meta":[],"product_brand":[2927],"product_cat":[2120],"product_tag":[],"class_list":{"0":"post-749805","1":"product","2":"type-product","3":"status-publish","4":"has-post-thumbnail","6":"product_brand-eurovinil-pt","7":"product_cat-auxiliares-insuflaveis","9":"first","10":"instock","11":"shipping-taxable","12":"purchasable","13":"product-type-simple"},"_links":{"self":[{"href":"https:\/\/stoic-curie.212-227-153-4.plesk.page\/pt\/wp-json\/wp\/v2\/product\/749805","targetHints":{"allow":["GET"]}}],"collection":[{"href":"https:\/\/stoic-curie.212-227-153-4.plesk.page\/pt\/wp-json\/wp\/v2\/product"}],"about":[{"href":"https:\/\/stoic-curie.212-227-153-4.plesk.page\/pt\/wp-json\/wp\/v2\/types\/product"}],"replies":[{"embeddable":true,"href":"https:\/\/stoic-curie.212-227-153-4.plesk.page\/pt\/wp-json\/wp\/v2\/comments?post=749805"}],"version-history":[{"count":0,"href":"https:\/\/stoic-curie.212-227-153-4.plesk.page\/pt\/wp-json\/wp\/v2\/product\/749805\/revisions"}],"wp:featuredmedia":[{"embeddable":true,"href":"https:\/\/stoic-curie.212-227-153-4.plesk.page\/pt\/wp-json\/wp\/v2\/media\/5937416"}],"wp:attachment":[{"href":"https:\/\/stoic-curie.212-227-153-4.plesk.page\/pt\/wp-json\/wp\/v2\/media?parent=749805"}],"wp:term":[{"taxonomy":"product_brand","embeddable":true,"href":"https:\/\/stoic-curie.212-227-153-4.plesk.page\/pt\/wp-json\/wp\/v2\/product_brand?post=749805"},{"taxonomy":"product_cat","embeddable":true,"href":"https:\/\/stoic-curie.212-227-153-4.plesk.page\/pt\/wp-json\/wp\/v2\/product_cat?post=749805"},{"taxonomy":"product_tag","embeddable":true,"href":"https:\/\/stoic-curie.212-227-153-4.plesk.page\/pt\/wp-json\/wp\/v2\/product_tag?post=749805"}],"curies":[{"name":"wp","href":"https:\/\/api.w.org\/{rel}","templated":true}]}}