{"id":749806,"date":"2025-03-03T22:28:46","date_gmt":"2025-03-03T21:28:46","guid":{"rendered":"https:\/\/stoic-curie.212-227-153-4.plesk.page\/producto\/arcas-frigorificas-portateis-icey-tek-hd-56l-vermelho\/"},"modified":"2026-02-25T00:28:09","modified_gmt":"2026-02-25T00:28:09","slug":"arcas-frigorificas-portateis-icey-tek-hd-56l-vermelho","status":"publish","type":"product","link":"https:\/\/stoic-curie.212-227-153-4.plesk.page\/pt\/product\/arcas-frigorificas-portateis-icey-tek-hd-56l-vermelho\/","title":{"rendered":"Geladeira Port\u00e1til Icey-Tek HD 56lt Vermelha"},"content":{"rendered":"<p>Geladeira Port\u00e1til Icey-Tek HD 56lt Vermelha &#8211; <\/p>\n<p>A geladeira port\u00e1til Icey-Tek de 56L \u00e9 a op\u00e7\u00e3o mais compacta dispon\u00edvel na sua s\u00e9rie de maiores formatos. \u00c9 especialmente apreciada por pescadores e amantes de atividades ao ar livre, mas tamb\u00e9m serve como uma excelente cooler para festas e churrascos. Seu design elegante e alongado melhora a organiza\u00e7\u00e3o de seu conte\u00fado, facilitando o acesso aos itens sem a necessidade de vasculhar a geladeira. Essa configura\u00e7\u00e3o \u00e9 ideal para manter peixes de recife e de brincadeira de pequeno a m\u00e9dio porte, al\u00e9m de caber convenientemente no porta-malas da maioria dos carros ou no banco de tr\u00e1s.<\/p>\n<p>Cada Icebox de 56L apresenta tr\u00eas robustas dobradi\u00e7as moldadas por inje\u00e7\u00e3o que abrem al\u00e9m de 90 graus. Essas dobradi\u00e7as fortes eliminam a necessidade de cordas para segurar a tampa no lugar.<\/p>\n<p>Especifica\u00e7\u00f5es:<\/p>\n<ul>\n<li>Dimens\u00f5es externas (LxPxA): 42 x 79 x 41 cm<\/li>\n<li>Dimens\u00f5es internas (LxPxA): 30 x 66 x 30 cm<\/li>\n<li>Capacidade: 56 litros<\/li>\n<li>Drenagem: esquerda\/direita<\/li>\n<li>Peso: 10 kg<\/li>\n<\/ul>\n","protected":false},"excerpt":{"rendered":"<p>Geladeira Port\u00e1til Icey-Tek HD 56lt Vermelha &#8211; A geladeira port\u00e1til Icey-Tek de 56L \u00e9 a op\u00e7\u00e3o mais compacta dispon\u00edvel na<\/p>\n","protected":false},"featured_media":5944736,"comment_status":"open","ping_status":"closed","template":"","meta":[],"product_brand":[3007],"product_cat":[2130,1933],"product_tag":[],"class_list":{"0":"post-749806","1":"product","2":"type-product","3":"status-publish","4":"has-post-thumbnail","6":"product_brand-icey-tek-pt","7":"product_cat-acessorios-para-pesca","8":"product_cat-caixas-termicas","10":"first","11":"instock","12":"shipping-taxable","13":"purchasable","14":"product-type-simple"},"_links":{"self":[{"href":"https:\/\/stoic-curie.212-227-153-4.plesk.page\/pt\/wp-json\/wp\/v2\/product\/749806","targetHints":{"allow":["GET"]}}],"collection":[{"href":"https:\/\/stoic-curie.212-227-153-4.plesk.page\/pt\/wp-json\/wp\/v2\/product"}],"about":[{"href":"https:\/\/stoic-curie.212-227-153-4.plesk.page\/pt\/wp-json\/wp\/v2\/types\/product"}],"replies":[{"embeddable":true,"href":"https:\/\/stoic-curie.212-227-153-4.plesk.page\/pt\/wp-json\/wp\/v2\/comments?post=749806"}],"version-history":[{"count":0,"href":"https:\/\/stoic-curie.212-227-153-4.plesk.page\/pt\/wp-json\/wp\/v2\/product\/749806\/revisions"}],"wp:featuredmedia":[{"embeddable":true,"href":"https:\/\/stoic-curie.212-227-153-4.plesk.page\/pt\/wp-json\/wp\/v2\/media\/5944736"}],"wp:attachment":[{"href":"https:\/\/stoic-curie.212-227-153-4.plesk.page\/pt\/wp-json\/wp\/v2\/media?parent=749806"}],"wp:term":[{"taxonomy":"product_brand","embeddable":true,"href":"https:\/\/stoic-curie.212-227-153-4.plesk.page\/pt\/wp-json\/wp\/v2\/product_brand?post=749806"},{"taxonomy":"product_cat","embeddable":true,"href":"https:\/\/stoic-curie.212-227-153-4.plesk.page\/pt\/wp-json\/wp\/v2\/product_cat?post=749806"},{"taxonomy":"product_tag","embeddable":true,"href":"https:\/\/stoic-curie.212-227-153-4.plesk.page\/pt\/wp-json\/wp\/v2\/product_tag?post=749806"}],"curies":[{"name":"wp","href":"https:\/\/api.w.org\/{rel}","templated":true}]}}